{"id":571,"date":"2025-09-15T14:31:46","date_gmt":"2025-09-15T14:31:46","guid":{"rendered":"https:\/\/izdelki.zora-aurora.com\/?page_id=571"},"modified":"2025-09-15T14:40:36","modified_gmt":"2025-09-15T14:40:36","slug":"soncev-kamen","status":"publish","type":"page","link":"https:\/\/izdelki.zora-aurora.com\/?page_id=571","title":{"rendered":"Son\u010dev kamen"},"content":{"rendered":"\n<p><strong>Radost, energija in notranja mo\u010d<\/strong><br>Son\u010dev kamen je kristal vitalnosti in notranjega ognja. Prina\u0161a toplino, sre\u010do in optimizem, kot sonce, ki razsvetljuje dan. Pomaga osvoboditi se omejujo\u010dih energij, dvigne razpolo\u017eenje in spodbuja samozavest ter notranjo mo\u010d. Njegova energija podpira kreativnost, osebni razvoj in manifestacijo ciljev. V kombinaciji z mese\u010devim kamnom uravnava \u017eensko in mo\u0161ko energijo.<\/p>\n\n\n\n<figure class=\"wp-block-image aligncenter size-full\"><img loading=\"lazy\" decoding=\"async\" width=\"470\" height=\"470\" src=\"https:\/\/izdelki.zora-aurora.com\/wp-content\/uploads\/2025\/09\/soncev-kamen1.jpg\" alt=\"\" class=\"wp-image-582\" srcset=\"https:\/\/izdelki.zora-aurora.com\/wp-content\/uploads\/2025\/09\/soncev-kamen1.jpg 470w, https:\/\/izdelki.zora-aurora.com\/wp-content\/uploads\/2025\/09\/soncev-kamen1-300x300.jpg 300w, https:\/\/izdelki.zora-aurora.com\/wp-content\/uploads\/2025\/09\/soncev-kamen1-150x150.jpg 150w\" sizes=\"auto, (max-width: 470px) 100vw, 470px\" \/><figcaption class=\"wp-element-caption\">Nebru\u0161en son\u010dev kamen, vir: ustvarjalneideje.si<\/figcaption><\/figure>\n\n\n\n<h3 class=\"wp-block-heading\">Vpliv na telo<\/h3>\n\n\n\n<ul class=\"wp-block-list\">\n<li>Spodbuja energijo in vitalnost telesa.<\/li>\n\n\n\n<li>Pomaga pri izbolj\u0161anju prebave in delovanja metabolizma.<\/li>\n\n\n\n<li>Pripisuje se mu podpora pri zmanj\u0161anju utrujenosti in izbolj\u0161anju odpornosti.<\/li>\n\n\n\n<li>Krepi \u017eiv\u010dni sistem in pospe\u0161uje regeneracijo telesa.<\/li>\n<\/ul>\n\n\n\n<h3 class=\"wp-block-heading\">Vpliv na \u010dustva<\/h3>\n\n\n\n<ul class=\"wp-block-list\">\n<li>Prina\u0161a ob\u010dutek sre\u010de, radosti in notranje topline.<\/li>\n\n\n\n<li>Laj\u0161a strahove, tesnobo in negotovost.<\/li>\n\n\n\n<li>Spodbuja samozavest, ustvarjalnost in notranjo mo\u010d za uresni\u010devanje svojih \u017eelja.<\/li>\n<\/ul>\n\n\n\n<h3 class=\"wp-block-heading\">Vpliv na du\u0161o<\/h3>\n\n\n\n<ul class=\"wp-block-list\">\n<li>Pomaga pri duhovni rasti in prebujanju lastne notranje svetlobe.<\/li>\n\n\n\n<li>Krepi povezavo z osebno voljo in zmo\u017enostjo manifestacije ciljev.<\/li>\n\n\n\n<li>Deluje kot motivacijski kamen, ki prina\u0161a optimizem in veselje v vsakdan.<\/li>\n<\/ul>\n\n\n\n<figure class=\"wp-block-image size-full\"><img loading=\"lazy\" decoding=\"async\" width=\"1000\" height=\"1000\" src=\"https:\/\/izdelki.zora-aurora.com\/wp-content\/uploads\/2025\/09\/soncev-kamen2.jpg\" alt=\"\" class=\"wp-image-584\" srcset=\"https:\/\/izdelki.zora-aurora.com\/wp-content\/uploads\/2025\/09\/soncev-kamen2.jpg 1000w, https:\/\/izdelki.zora-aurora.com\/wp-content\/uploads\/2025\/09\/soncev-kamen2-300x300.jpg 300w, https:\/\/izdelki.zora-aurora.com\/wp-content\/uploads\/2025\/09\/soncev-kamen2-150x150.jpg 150w, https:\/\/izdelki.zora-aurora.com\/wp-content\/uploads\/2025\/09\/soncev-kamen2-768x768.jpg 768w\" sizes=\"auto, (max-width: 1000px) 100vw, 1000px\" \/><figcaption class=\"wp-element-caption\">Bru\u0161en son\u010dev kamen, vir: healingcrystals.com<\/figcaption><\/figure>\n","protected":false},"excerpt":{"rendered":"<p>Radost, energija in notranja mo\u010dSon\u010dev kamen je kristal vitalnosti in notranjega ognja. Prina\u0161a toplino, sre\u010do in optimizem, kot sonce, ki razsvetljuje dan. Pomaga osvoboditi se omejujo\u010dih energij, dvigne razpolo\u017eenje in spodbuja samozavest ter notranjo mo\u010d. Njegova energija podpira kreativnost, osebni razvoj in manifestacijo ciljev. V kombinaciji z mese\u010devim kamnom uravnava \u017eensko in mo\u0161ko energijo. Vpliv [&hellip;]<\/p>\n","protected":false},"author":1,"featured_media":0,"parent":0,"menu_order":0,"comment_status":"closed","ping_status":"closed","template":"","meta":{"om_disable_all_campaigns":false,"_monsterinsights_skip_tracking":false,"_monsterinsights_sitenote_active":false,"_monsterinsights_sitenote_note":"","_monsterinsights_sitenote_category":0,"footnotes":""},"class_list":["post-571","page","type-page","status-publish","hentry"],"jetpack_sharing_enabled":true,"_links":{"self":[{"href":"https:\/\/izdelki.zora-aurora.com\/index.php?rest_route=\/wp\/v2\/pages\/571","targetHints":{"allow":["GET"]}}],"collection":[{"href":"https:\/\/izdelki.zora-aurora.com\/index.php?rest_route=\/wp\/v2\/pages"}],"about":[{"href":"https:\/\/izdelki.zora-aurora.com\/index.php?rest_route=\/wp\/v2\/types\/page"}],"author":[{"embeddable":true,"href":"https:\/\/izdelki.zora-aurora.com\/index.php?rest_route=\/wp\/v2\/users\/1"}],"replies":[{"embeddable":true,"href":"https:\/\/izdelki.zora-aurora.com\/index.php?rest_route=%2Fwp%2Fv2%2Fcomments&post=571"}],"version-history":[{"count":3,"href":"https:\/\/izdelki.zora-aurora.com\/index.php?rest_route=\/wp\/v2\/pages\/571\/revisions"}],"predecessor-version":[{"id":585,"href":"https:\/\/izdelki.zora-aurora.com\/index.php?rest_route=\/wp\/v2\/pages\/571\/revisions\/585"}],"wp:attachment":[{"href":"https:\/\/izdelki.zora-aurora.com\/index.php?rest_route=%2Fwp%2Fv2%2Fmedia&parent=571"}],"curies":[{"name":"wp","href":"https:\/\/api.w.org\/{rel}","templated":true}]}}