{"id":568,"date":"2025-09-15T15:26:00","date_gmt":"2025-09-15T15:26:00","guid":{"rendered":"https:\/\/izdelki.zora-aurora.com\/?page_id=568"},"modified":"2025-09-15T15:26:00","modified_gmt":"2025-09-15T15:26:00","slug":"safir","status":"publish","type":"page","link":"https:\/\/izdelki.zora-aurora.com\/?page_id=568","title":{"rendered":"Safir"},"content":{"rendered":"\n<p><strong>Modrost, resnica in duhovna jasnost<\/strong><br>Safir je kamen modrosti, duhovne jasnosti in notranjega miru. Njegova globoko modra barva prina\u0161a ob\u010dutek stabilnosti, koncentracije in notranje discipline. Safir pomaga razvijati intuicijo, jasno razmi\u0161ljanje in iskrenost do sebe ter drugih.<\/p>\n\n\n\n<figure class=\"wp-block-image aligncenter size-full\"><img loading=\"lazy\" decoding=\"async\" width=\"570\" height=\"530\" src=\"https:\/\/izdelki.zora-aurora.com\/wp-content\/uploads\/2025\/09\/safir2.webp\" alt=\"\" class=\"wp-image-611\" srcset=\"https:\/\/izdelki.zora-aurora.com\/wp-content\/uploads\/2025\/09\/safir2.webp 570w, https:\/\/izdelki.zora-aurora.com\/wp-content\/uploads\/2025\/09\/safir2-300x279.webp 300w\" sizes=\"auto, (max-width: 570px) 100vw, 570px\" \/><figcaption class=\"wp-element-caption\">Nebru\u0161en safir, vir: sewloveear.click<\/figcaption><\/figure>\n\n\n\n<h3 class=\"wp-block-heading\">Vpliv na telo<\/h3>\n\n\n\n<ul class=\"wp-block-list\">\n<li>Podpira zdravje o\u010di, mo\u017eganov in \u017eiv\u010dnega sistema.<\/li>\n\n\n\n<li>Krepi imunski sistem in vitalnost telesa.<\/li>\n\n\n\n<li>Uporablja se za laj\u0161anje napetosti, stresnih stanj in utrujenosti.<\/li>\n\n\n\n<li>Pomaga uravnavati hormone in izbolj\u0161ati delovanje \u0161\u010ditnice.<\/li>\n<\/ul>\n\n\n\n<h3 class=\"wp-block-heading\">Vpliv na \u010dustva<\/h3>\n\n\n\n<ul class=\"wp-block-list\">\n<li>Pomirja nemir in tesnobo.<\/li>\n\n\n\n<li>Spodbuja notranjo stabilnost, modrost in samozavest.<\/li>\n\n\n\n<li>Pove\u010duje sposobnost introspektive in samospoznavanja.<\/li>\n\n\n\n<li>Omogo\u010da iskreno izra\u017eanje \u010dustev in misli.<\/li>\n<\/ul>\n\n\n\n<h3 class=\"wp-block-heading\">Vpliv na du\u0161o<\/h3>\n\n\n\n<ul class=\"wp-block-list\">\n<li>Krepi intuicijo in duhovno jasnost.<\/li>\n\n\n\n<li>Spodbuja samospoznavanje, notranjo resnico in duhovno rast.<\/li>\n\n\n\n<li>Safir deluje kot kamen notranje modrosti in za\u0161\u010dite.<\/li>\n\n\n\n<li>Pomaga pri razumevanju \u017eivljenjskih lekcij in sprejemanju odlo\u010ditev.<\/li>\n<\/ul>\n\n\n\n<figure class=\"wp-block-image size-large\"><img loading=\"lazy\" decoding=\"async\" width=\"1024\" height=\"878\" src=\"https:\/\/izdelki.zora-aurora.com\/wp-content\/uploads\/2025\/09\/safir3-1024x878.webp\" alt=\"\" class=\"wp-image-612\" srcset=\"https:\/\/izdelki.zora-aurora.com\/wp-content\/uploads\/2025\/09\/safir3-1024x878.webp 1024w, https:\/\/izdelki.zora-aurora.com\/wp-content\/uploads\/2025\/09\/safir3-300x257.webp 300w, https:\/\/izdelki.zora-aurora.com\/wp-content\/uploads\/2025\/09\/safir3-768x658.webp 768w, https:\/\/izdelki.zora-aurora.com\/wp-content\/uploads\/2025\/09\/safir3-1536x1316.webp 1536w, https:\/\/izdelki.zora-aurora.com\/wp-content\/uploads\/2025\/09\/safir3.webp 2048w\" sizes=\"auto, (max-width: 1024px) 100vw, 1024px\" \/><figcaption class=\"wp-element-caption\">Bru\u0161en safir, vir: nineteen48.com<\/figcaption><\/figure>\n","protected":false},"excerpt":{"rendered":"<p>Modrost, resnica in duhovna jasnostSafir je kamen modrosti, duhovne jasnosti in notranjega miru. Njegova globoko modra barva prina\u0161a ob\u010dutek stabilnosti, koncentracije in notranje discipline. Safir pomaga razvijati intuicijo, jasno razmi\u0161ljanje in iskrenost do sebe ter drugih. Vpliv na telo Vpliv na \u010dustva Vpliv na du\u0161o<\/p>\n","protected":false},"author":1,"featured_media":0,"parent":0,"menu_order":0,"comment_status":"closed","ping_status":"closed","template":"","meta":{"om_disable_all_campaigns":false,"_monsterinsights_skip_tracking":false,"_monsterinsights_sitenote_active":false,"_monsterinsights_sitenote_note":"","_monsterinsights_sitenote_category":0,"footnotes":""},"class_list":["post-568","page","type-page","status-publish","hentry"],"jetpack_sharing_enabled":true,"_links":{"self":[{"href":"https:\/\/izdelki.zora-aurora.com\/index.php?rest_route=\/wp\/v2\/pages\/568","targetHints":{"allow":["GET"]}}],"collection":[{"href":"https:\/\/izdelki.zora-aurora.com\/index.php?rest_route=\/wp\/v2\/pages"}],"about":[{"href":"https:\/\/izdelki.zora-aurora.com\/index.php?rest_route=\/wp\/v2\/types\/page"}],"author":[{"embeddable":true,"href":"https:\/\/izdelki.zora-aurora.com\/index.php?rest_route=\/wp\/v2\/users\/1"}],"replies":[{"embeddable":true,"href":"https:\/\/izdelki.zora-aurora.com\/index.php?rest_route=%2Fwp%2Fv2%2Fcomments&post=568"}],"version-history":[{"count":1,"href":"https:\/\/izdelki.zora-aurora.com\/index.php?rest_route=\/wp\/v2\/pages\/568\/revisions"}],"predecessor-version":[{"id":613,"href":"https:\/\/izdelki.zora-aurora.com\/index.php?rest_route=\/wp\/v2\/pages\/568\/revisions\/613"}],"wp:attachment":[{"href":"https:\/\/izdelki.zora-aurora.com\/index.php?rest_route=%2Fwp%2Fv2%2Fmedia&parent=568"}],"curies":[{"name":"wp","href":"https:\/\/api.w.org\/{rel}","templated":true}]}}