{"id":566,"date":"2025-09-15T15:16:19","date_gmt":"2025-09-15T15:16:19","guid":{"rendered":"https:\/\/izdelki.zora-aurora.com\/?page_id=566"},"modified":"2025-09-15T15:16:19","modified_gmt":"2025-09-15T15:16:19","slug":"citrin","status":"publish","type":"page","link":"https:\/\/izdelki.zora-aurora.com\/?page_id=566","title":{"rendered":"Citrin"},"content":{"rendered":"\n<p><strong>Sre\u010da, obilje in pozitivna energija<\/strong><br>Citrin je kamen son\u010dne energije, radosti in optimizma. Njegova svetlo rumena do zlata barva prina\u0161a ob\u010dutek topline, sre\u010de in notranje svetlobe. Citrin spodbuja ustvarjalnost, motivacijo in osebno mo\u010d ter pomaga privabljati obilje, prilo\u017enosti in pozitivne spremembe v \u017eivljenje. V kombinaciji z drugimi kristali deluje tudi kot \u010distilec.<\/p>\n\n\n\n<figure class=\"wp-block-image size-large\"><img loading=\"lazy\" decoding=\"async\" width=\"768\" height=\"1024\" src=\"https:\/\/izdelki.zora-aurora.com\/wp-content\/uploads\/2025\/09\/citrine1-768x1024.webp\" alt=\"\" class=\"wp-image-608\" srcset=\"https:\/\/izdelki.zora-aurora.com\/wp-content\/uploads\/2025\/09\/citrine1-768x1024.webp 768w, https:\/\/izdelki.zora-aurora.com\/wp-content\/uploads\/2025\/09\/citrine1-225x300.webp 225w, https:\/\/izdelki.zora-aurora.com\/wp-content\/uploads\/2025\/09\/citrine1-1152x1536.webp 1152w, https:\/\/izdelki.zora-aurora.com\/wp-content\/uploads\/2025\/09\/citrine1-1536x2048.webp 1536w, https:\/\/izdelki.zora-aurora.com\/wp-content\/uploads\/2025\/09\/citrine1-scaled.webp 1920w\" sizes=\"auto, (max-width: 768px) 100vw, 768px\" \/><figcaption class=\"wp-element-caption\">Nebru\u0161en citrin, vir: thecrystalvan.com<\/figcaption><\/figure>\n\n\n\n<h3 class=\"wp-block-heading\">Vpliv na telo<\/h3>\n\n\n\n<ul class=\"wp-block-list\">\n<li>Spodbuja prebavo, metabolizem in energijo telesa.<\/li>\n\n\n\n<li>Krepi imunski sistem in splo\u0161no vitalnost.<\/li>\n\n\n\n<li>Pomaga pri laj\u0161anju utrujenosti in pove\u010danju telesne energije.<\/li>\n\n\n\n<li>Podpira delovanje jeter, ledvic in trebu\u0161ne slinavke.<\/li>\n<\/ul>\n\n\n\n<h3 class=\"wp-block-heading\">Vpliv na \u010dustva<\/h3>\n\n\n\n<ul class=\"wp-block-list\">\n<li>Prina\u0161a sre\u010do, optimizem in notranjo radost.<\/li>\n\n\n\n<li>Laj\u0161a stres, strah in negativne misli.<\/li>\n\n\n\n<li>Spodbuja samozavest, ustvarjalnost in odlo\u010dnost.<\/li>\n\n\n\n<li>Omogo\u010da bolj\u0161e soo\u010danje z izzivi in sprejemanje sprememb.<\/li>\n<\/ul>\n\n\n\n<h3 class=\"wp-block-heading\">Vpliv na du\u0161o<\/h3>\n\n\n\n<ul class=\"wp-block-list\">\n<li>Krepi povezavo s pozitivno energijo in \u017eivljenjskim namenom.<\/li>\n\n\n\n<li>Pove\u010duje manifestacijo \u017eelja in privla\u010denje prilo\u017enosti.<\/li>\n\n\n\n<li>Citrin deluje kot svetlobni kamen, ki odpira srce in duha za rast.<\/li>\n\n\n\n<li>Pomaga razvijati notranjo mo\u010d, jasnost in notranjo sre\u010do.<\/li>\n<\/ul>\n\n\n\n<figure class=\"wp-block-image size-large\"><img loading=\"lazy\" decoding=\"async\" width=\"1024\" height=\"1024\" src=\"https:\/\/izdelki.zora-aurora.com\/wp-content\/uploads\/2025\/09\/citrine2-1024x1024.webp\" alt=\"\" class=\"wp-image-607\" srcset=\"https:\/\/izdelki.zora-aurora.com\/wp-content\/uploads\/2025\/09\/citrine2-1024x1024.webp 1024w, https:\/\/izdelki.zora-aurora.com\/wp-content\/uploads\/2025\/09\/citrine2-300x300.webp 300w, https:\/\/izdelki.zora-aurora.com\/wp-content\/uploads\/2025\/09\/citrine2-150x150.webp 150w, https:\/\/izdelki.zora-aurora.com\/wp-content\/uploads\/2025\/09\/citrine2-768x768.webp 768w, https:\/\/izdelki.zora-aurora.com\/wp-content\/uploads\/2025\/09\/citrine2-1536x1536.webp 1536w, https:\/\/izdelki.zora-aurora.com\/wp-content\/uploads\/2025\/09\/citrine2-2048x2048.webp 2048w\" sizes=\"auto, (max-width: 1024px) 100vw, 1024px\" \/><figcaption class=\"wp-element-caption\">Bru\u0161en citrin, vir: thecrystalavenues.com<\/figcaption><\/figure>\n","protected":false},"excerpt":{"rendered":"<p>Sre\u010da, obilje in pozitivna energijaCitrin je kamen son\u010dne energije, radosti in optimizma. Njegova svetlo rumena do zlata barva prina\u0161a ob\u010dutek topline, sre\u010de in notranje svetlobe. Citrin spodbuja ustvarjalnost, motivacijo in osebno mo\u010d ter pomaga privabljati obilje, prilo\u017enosti in pozitivne spremembe v \u017eivljenje. V kombinaciji z drugimi kristali deluje tudi kot \u010distilec. Vpliv na telo Vpliv [&hellip;]<\/p>\n","protected":false},"author":1,"featured_media":0,"parent":0,"menu_order":0,"comment_status":"closed","ping_status":"closed","template":"","meta":{"om_disable_all_campaigns":false,"_monsterinsights_skip_tracking":false,"_monsterinsights_sitenote_active":false,"_monsterinsights_sitenote_note":"","_monsterinsights_sitenote_category":0,"footnotes":""},"class_list":["post-566","page","type-page","status-publish","hentry"],"jetpack_sharing_enabled":true,"_links":{"self":[{"href":"https:\/\/izdelki.zora-aurora.com\/index.php?rest_route=\/wp\/v2\/pages\/566","targetHints":{"allow":["GET"]}}],"collection":[{"href":"https:\/\/izdelki.zora-aurora.com\/index.php?rest_route=\/wp\/v2\/pages"}],"about":[{"href":"https:\/\/izdelki.zora-aurora.com\/index.php?rest_route=\/wp\/v2\/types\/page"}],"author":[{"embeddable":true,"href":"https:\/\/izdelki.zora-aurora.com\/index.php?rest_route=\/wp\/v2\/users\/1"}],"replies":[{"embeddable":true,"href":"https:\/\/izdelki.zora-aurora.com\/index.php?rest_route=%2Fwp%2Fv2%2Fcomments&post=566"}],"version-history":[{"count":1,"href":"https:\/\/izdelki.zora-aurora.com\/index.php?rest_route=\/wp\/v2\/pages\/566\/revisions"}],"predecessor-version":[{"id":609,"href":"https:\/\/izdelki.zora-aurora.com\/index.php?rest_route=\/wp\/v2\/pages\/566\/revisions\/609"}],"wp:attachment":[{"href":"https:\/\/izdelki.zora-aurora.com\/index.php?rest_route=%2Fwp%2Fv2%2Fmedia&parent=566"}],"curies":[{"name":"wp","href":"https:\/\/api.w.org\/{rel}","templated":true}]}}