{"id":565,"date":"2025-09-15T15:08:51","date_gmt":"2025-09-15T15:08:51","guid":{"rendered":"https:\/\/izdelki.zora-aurora.com\/?page_id=565"},"modified":"2025-09-15T15:08:51","modified_gmt":"2025-09-15T15:08:51","slug":"ahat","status":"publish","type":"page","link":"https:\/\/izdelki.zora-aurora.com\/?page_id=565","title":{"rendered":"Ahat"},"content":{"rendered":"\n<p><strong>Ravnovesje, stabilnost in notranja harmonija<\/strong><br>Ahati so kamen notranje stabilnosti in ravnovesja. Njihova raznolika barvna struktura \u2013 pogosto z ne\u017enimi pasovi razli\u010dnih odtenkov \u2013 prina\u0161a ob\u010dutek miru, stabilnosti in povezanosti z naravo. Ahati pomagajo pri krepitvi notranje mo\u010di, harmonizaciji \u010dustev in uravnavanju energije telesa in duha.<\/p>\n\n\n\n<figure class=\"wp-block-image size-large\"><img loading=\"lazy\" decoding=\"async\" width=\"1024\" height=\"574\" src=\"https:\/\/izdelki.zora-aurora.com\/wp-content\/uploads\/2025\/09\/ahat1-1024x574.jpg\" alt=\"\" class=\"wp-image-602\" srcset=\"https:\/\/izdelki.zora-aurora.com\/wp-content\/uploads\/2025\/09\/ahat1-1024x574.jpg 1024w, https:\/\/izdelki.zora-aurora.com\/wp-content\/uploads\/2025\/09\/ahat1-300x168.jpg 300w, https:\/\/izdelki.zora-aurora.com\/wp-content\/uploads\/2025\/09\/ahat1-768x430.jpg 768w, https:\/\/izdelki.zora-aurora.com\/wp-content\/uploads\/2025\/09\/ahat1.jpg 1456w\" sizes=\"auto, (max-width: 1024px) 100vw, 1024px\" \/><figcaption class=\"wp-element-caption\">Naraven in prerezan ahat, vir: <a href=\"https:\/\/stockcake.com\">tockcake.com<\/a><\/figcaption><\/figure>\n\n\n\n<h3 class=\"wp-block-heading\">Vpliv na telo<\/h3>\n\n\n\n<ul class=\"wp-block-list\">\n<li>Spodbuja cirkulacijo in prebavne procese.<\/li>\n\n\n\n<li>Krepi imunski sistem in splo\u0161no vitalnost.<\/li>\n\n\n\n<li>Pomaga pri uravnavanju hormonskega sistema in energetskih centrov.<\/li>\n\n\n\n<li>Laj\u0161a napetost v mi\u0161icah in sklepih ter podpira regeneracijo telesa.<\/li>\n<\/ul>\n\n\n\n<h3 class=\"wp-block-heading\">Vpliv na \u010dustva<\/h3>\n\n\n\n<ul class=\"wp-block-list\">\n<li>Pomirja stres, tesnobo in notranji nemir.<\/li>\n\n\n\n<li>Pove\u010duje ob\u010dutek stabilnosti, samozavesti in notranje mo\u010di.<\/li>\n\n\n\n<li>Spodbuja harmonijo v odnosih in \u010dustveno ravnovesje.<\/li>\n\n\n\n<li>Omogo\u010da jasnej\u0161e razumevanje lastnih \u010dustev in \u010dustev drugih.<\/li>\n<\/ul>\n\n\n\n<h3 class=\"wp-block-heading\">Vpliv na du\u0161o<\/h3>\n\n\n\n<ul class=\"wp-block-list\">\n<li>Krepi povezavo z notranjo modrostjo in intuicijo.<\/li>\n\n\n\n<li>Podpira duhovno rast in razumevanje \u017eivljenjskih lekcij.<\/li>\n\n\n\n<li>Ahati pomagajo vzpostaviti energijsko ravnovesje in stabilnost.<\/li>\n\n\n\n<li>Omogo\u010dajo la\u017ejo meditacijo in delo z notranjim jazom.<\/li>\n<\/ul>\n\n\n\n<figure class=\"wp-block-image size-large\"><img loading=\"lazy\" decoding=\"async\" width=\"913\" height=\"1024\" src=\"https:\/\/izdelki.zora-aurora.com\/wp-content\/uploads\/2025\/09\/ahat2-913x1024.jpg\" alt=\"\" class=\"wp-image-601\" srcset=\"https:\/\/izdelki.zora-aurora.com\/wp-content\/uploads\/2025\/09\/ahat2-913x1024.jpg 913w, https:\/\/izdelki.zora-aurora.com\/wp-content\/uploads\/2025\/09\/ahat2-268x300.jpg 268w, https:\/\/izdelki.zora-aurora.com\/wp-content\/uploads\/2025\/09\/ahat2-768x861.jpg 768w, https:\/\/izdelki.zora-aurora.com\/wp-content\/uploads\/2025\/09\/ahat2-1370x1536.jpg 1370w, https:\/\/izdelki.zora-aurora.com\/wp-content\/uploads\/2025\/09\/ahat2.jpg 1499w\" sizes=\"auto, (max-width: 913px) 100vw, 913px\" \/><figcaption class=\"wp-element-caption\">Bru\u0161en ahat, vir: saltshack.co.uk<\/figcaption><\/figure>\n","protected":false},"excerpt":{"rendered":"<p>Ravnovesje, stabilnost in notranja harmonijaAhati so kamen notranje stabilnosti in ravnovesja. Njihova raznolika barvna struktura \u2013 pogosto z ne\u017enimi pasovi razli\u010dnih odtenkov \u2013 prina\u0161a ob\u010dutek miru, stabilnosti in povezanosti z naravo. Ahati pomagajo pri krepitvi notranje mo\u010di, harmonizaciji \u010dustev in uravnavanju energije telesa in duha. Vpliv na telo Vpliv na \u010dustva Vpliv na du\u0161o<\/p>\n","protected":false},"author":1,"featured_media":0,"parent":0,"menu_order":0,"comment_status":"closed","ping_status":"closed","template":"","meta":{"om_disable_all_campaigns":false,"_monsterinsights_skip_tracking":false,"_monsterinsights_sitenote_active":false,"_monsterinsights_sitenote_note":"","_monsterinsights_sitenote_category":0,"footnotes":""},"class_list":["post-565","page","type-page","status-publish","hentry"],"jetpack_sharing_enabled":true,"_links":{"self":[{"href":"https:\/\/izdelki.zora-aurora.com\/index.php?rest_route=\/wp\/v2\/pages\/565","targetHints":{"allow":["GET"]}}],"collection":[{"href":"https:\/\/izdelki.zora-aurora.com\/index.php?rest_route=\/wp\/v2\/pages"}],"about":[{"href":"https:\/\/izdelki.zora-aurora.com\/index.php?rest_route=\/wp\/v2\/types\/page"}],"author":[{"embeddable":true,"href":"https:\/\/izdelki.zora-aurora.com\/index.php?rest_route=\/wp\/v2\/users\/1"}],"replies":[{"embeddable":true,"href":"https:\/\/izdelki.zora-aurora.com\/index.php?rest_route=%2Fwp%2Fv2%2Fcomments&post=565"}],"version-history":[{"count":1,"href":"https:\/\/izdelki.zora-aurora.com\/index.php?rest_route=\/wp\/v2\/pages\/565\/revisions"}],"predecessor-version":[{"id":603,"href":"https:\/\/izdelki.zora-aurora.com\/index.php?rest_route=\/wp\/v2\/pages\/565\/revisions\/603"}],"wp:attachment":[{"href":"https:\/\/izdelki.zora-aurora.com\/index.php?rest_route=%2Fwp%2Fv2%2Fmedia&parent=565"}],"curies":[{"name":"wp","href":"https:\/\/api.w.org\/{rel}","templated":true}]}}