{"id":564,"date":"2025-09-15T15:01:42","date_gmt":"2025-09-15T15:01:42","guid":{"rendered":"https:\/\/izdelki.zora-aurora.com\/?page_id=564"},"modified":"2025-09-15T15:01:42","modified_gmt":"2025-09-15T15:01:42","slug":"sungit","status":"publish","type":"page","link":"https:\/\/izdelki.zora-aurora.com\/?page_id=564","title":{"rendered":"\u0160ungit"},"content":{"rendered":"\n<p><strong>Za\u0161\u010dita, \u010di\u0161\u010denje in energijsko ravnovesje<\/strong><br>\u0160ungit je kamen za\u0161\u010dite in \u010di\u0161\u010denja, znan po svojih mo\u010dnih energijskih lastnostih. Njegova globoko \u010drna barva in organska struktura prina\u0161ata ob\u010dutek stabilnosti, varnosti in zemlje. \u0160ungit pomaga odstranjevati negativne energije, \u0161\u010diti pred elektromagnetnimi vplivi in krepi energijsko ravnovesje telesa in duha. Pogosto se uporablja kot \u010distilec vode.<\/p>\n\n\n\n<figure class=\"wp-block-image size-full\"><img loading=\"lazy\" decoding=\"async\" width=\"640\" height=\"644\" src=\"https:\/\/izdelki.zora-aurora.com\/wp-content\/uploads\/2025\/09\/sungit1.webp\" alt=\"\" class=\"wp-image-598\" srcset=\"https:\/\/izdelki.zora-aurora.com\/wp-content\/uploads\/2025\/09\/sungit1.webp 640w, https:\/\/izdelki.zora-aurora.com\/wp-content\/uploads\/2025\/09\/sungit1-298x300.webp 298w, https:\/\/izdelki.zora-aurora.com\/wp-content\/uploads\/2025\/09\/sungit1-150x150.webp 150w\" sizes=\"auto, (max-width: 640px) 100vw, 640px\" \/><figcaption class=\"wp-element-caption\">Nebru\u0161en \u0161ungit, vir: cs.geologyscience.com<\/figcaption><\/figure>\n\n\n\n<h3 class=\"wp-block-heading\">Vpliv na telo<\/h3>\n\n\n\n<ul class=\"wp-block-list\">\n<li>Spodbuja detoksikacijo telesa in krepi imunski sistem.<\/li>\n\n\n\n<li>Pomaga uravnavati energijo in vitalnost telesa.<\/li>\n\n\n\n<li>Uporablja se za laj\u0161anje te\u017eav z utrujenostjo, napetostjo in stresom.<\/li>\n\n\n\n<li>Krepi delovanje \u017eiv\u010dnega sistema in splo\u0161no fizi\u010dno odpornost.<\/li>\n<\/ul>\n\n\n\n<h3 class=\"wp-block-heading\">Vpliv na \u010dustva<\/h3>\n\n\n\n<ul class=\"wp-block-list\">\n<li>Pomaga zmanj\u0161evati stres, tesnobo in ob\u010dutek negotovosti.<\/li>\n\n\n\n<li>Spodbuja notranji mir, stabilnost in samozavest.<\/li>\n\n\n\n<li>Laj\u0161a ob\u010dutek preobremenjenosti ter prina\u0161a jasnost in uravnote\u017eenost.<\/li>\n\n\n\n<li>\u0160ungit deluje kot energijski \u0161\u010dit pred negativnimi vplivi.<\/li>\n<\/ul>\n\n\n\n<h3 class=\"wp-block-heading\">Vpliv na du\u0161o<\/h3>\n\n\n\n<ul class=\"wp-block-list\">\n<li>Krepi za\u0161\u010dito pred negativnimi energijami in ne\u017eelenimi vplivi.<\/li>\n\n\n\n<li>Pove\u010duje energijsko stabilnost in notranjo mo\u010d.<\/li>\n\n\n\n<li>Pomaga pri meditaciji in notranjem zavedanju.<\/li>\n\n\n\n<li>\u0160ungit omogo\u010da la\u017eje uravnote\u017eenje energije ter pre\u010di\u0161\u010devanje avre in prostora.<\/li>\n<\/ul>\n\n\n\n<figure class=\"wp-block-image size-full\"><img loading=\"lazy\" decoding=\"async\" width=\"600\" height=\"600\" src=\"https:\/\/izdelki.zora-aurora.com\/wp-content\/uploads\/2025\/09\/sungit2.webp\" alt=\"\" class=\"wp-image-599\" srcset=\"https:\/\/izdelki.zora-aurora.com\/wp-content\/uploads\/2025\/09\/sungit2.webp 600w, https:\/\/izdelki.zora-aurora.com\/wp-content\/uploads\/2025\/09\/sungit2-300x300.webp 300w, https:\/\/izdelki.zora-aurora.com\/wp-content\/uploads\/2025\/09\/sungit2-150x150.webp 150w\" sizes=\"auto, (max-width: 600px) 100vw, 600px\" \/><figcaption class=\"wp-element-caption\">Bru\u0161en \u0161ungit, vir: thepsychictree.co.uk<\/figcaption><\/figure>\n","protected":false},"excerpt":{"rendered":"<p>Za\u0161\u010dita, \u010di\u0161\u010denje in energijsko ravnovesje\u0160ungit je kamen za\u0161\u010dite in \u010di\u0161\u010denja, znan po svojih mo\u010dnih energijskih lastnostih. Njegova globoko \u010drna barva in organska struktura prina\u0161ata ob\u010dutek stabilnosti, varnosti in zemlje. \u0160ungit pomaga odstranjevati negativne energije, \u0161\u010diti pred elektromagnetnimi vplivi in krepi energijsko ravnovesje telesa in duha. Pogosto se uporablja kot \u010distilec vode. Vpliv na telo Vpliv [&hellip;]<\/p>\n","protected":false},"author":1,"featured_media":0,"parent":0,"menu_order":0,"comment_status":"closed","ping_status":"closed","template":"","meta":{"om_disable_all_campaigns":false,"_monsterinsights_skip_tracking":false,"_monsterinsights_sitenote_active":false,"_monsterinsights_sitenote_note":"","_monsterinsights_sitenote_category":0,"footnotes":""},"class_list":["post-564","page","type-page","status-publish","hentry"],"jetpack_sharing_enabled":true,"_links":{"self":[{"href":"https:\/\/izdelki.zora-aurora.com\/index.php?rest_route=\/wp\/v2\/pages\/564","targetHints":{"allow":["GET"]}}],"collection":[{"href":"https:\/\/izdelki.zora-aurora.com\/index.php?rest_route=\/wp\/v2\/pages"}],"about":[{"href":"https:\/\/izdelki.zora-aurora.com\/index.php?rest_route=\/wp\/v2\/types\/page"}],"author":[{"embeddable":true,"href":"https:\/\/izdelki.zora-aurora.com\/index.php?rest_route=\/wp\/v2\/users\/1"}],"replies":[{"embeddable":true,"href":"https:\/\/izdelki.zora-aurora.com\/index.php?rest_route=%2Fwp%2Fv2%2Fcomments&post=564"}],"version-history":[{"count":1,"href":"https:\/\/izdelki.zora-aurora.com\/index.php?rest_route=\/wp\/v2\/pages\/564\/revisions"}],"predecessor-version":[{"id":600,"href":"https:\/\/izdelki.zora-aurora.com\/index.php?rest_route=\/wp\/v2\/pages\/564\/revisions\/600"}],"wp:attachment":[{"href":"https:\/\/izdelki.zora-aurora.com\/index.php?rest_route=%2Fwp%2Fv2%2Fmedia&parent=564"}],"curies":[{"name":"wp","href":"https:\/\/api.w.org\/{rel}","templated":true}]}}