{"id":559,"date":"2025-09-15T14:44:12","date_gmt":"2025-09-15T14:44:12","guid":{"rendered":"https:\/\/izdelki.zora-aurora.com\/?page_id=559"},"modified":"2025-09-15T14:44:12","modified_gmt":"2025-09-15T14:44:12","slug":"labradorit","status":"publish","type":"page","link":"https:\/\/izdelki.zora-aurora.com\/?page_id=559","title":{"rendered":"Labradorit"},"content":{"rendered":"\n<p><strong>Za\u0161\u010dita, intuicija in notranja magija<\/strong><br>Labradorit je kamen skrivnosti in transformacije. Njegova edinstvena igra barv \u2013 irizirajo\u010di modri, zeleni, zlati in oran\u017eni odtenki \u2013 prina\u0161a ob\u010dutek \u010darobnosti in prebliskov navdiha. Deluje kot \u0161\u010dit pred negativnimi energijami, hkrati pa spodbuja intuicijo, ustvarjalnost in notranjo mo\u010d. Labradorit ti pomaga odkriti skrite talente in globlje ravni zavedanja.<\/p>\n\n\n\n<figure class=\"wp-block-image size-large\"><img loading=\"lazy\" decoding=\"async\" width=\"1024\" height=\"683\" src=\"https:\/\/izdelki.zora-aurora.com\/wp-content\/uploads\/2025\/09\/labradorit1-1024x683.jpg\" alt=\"\" class=\"wp-image-586\" srcset=\"https:\/\/izdelki.zora-aurora.com\/wp-content\/uploads\/2025\/09\/labradorit1-1024x683.jpg 1024w, https:\/\/izdelki.zora-aurora.com\/wp-content\/uploads\/2025\/09\/labradorit1-300x200.jpg 300w, https:\/\/izdelki.zora-aurora.com\/wp-content\/uploads\/2025\/09\/labradorit1-768x512.jpg 768w, https:\/\/izdelki.zora-aurora.com\/wp-content\/uploads\/2025\/09\/labradorit1-1536x1024.jpg 1536w, https:\/\/izdelki.zora-aurora.com\/wp-content\/uploads\/2025\/09\/labradorit1.jpg 2048w\" sizes=\"auto, (max-width: 1024px) 100vw, 1024px\" \/><figcaption class=\"wp-element-caption\">Naravni labradorit, vir: <a href=\"https:\/\/thecrystalcouncil.com\">thecrystalcouncil.com<\/a><\/figcaption><\/figure>\n\n\n\n<h3 class=\"wp-block-heading\">Vpliv na telo<\/h3>\n\n\n\n<ul class=\"wp-block-list\">\n<li>Podpira \u017eiv\u010dni sistem in zmanj\u0161uje stres.<\/li>\n\n\n\n<li>Krepi energijo telesa in vitalnost.<\/li>\n\n\n\n<li>Pomaga pri ravnote\u017eju hormonov in podpira delovanje o\u010di.<\/li>\n\n\n\n<li>Uporablja se lahko za laj\u0161anje te\u017eav z metabolizmom in regeneracijo telesa.<\/li>\n<\/ul>\n\n\n\n<h3 class=\"wp-block-heading\">Vpliv na \u010dustva<\/h3>\n\n\n\n<ul class=\"wp-block-list\">\n<li>Pomaga obvladovati strahove, tesnobo in dvome.<\/li>\n\n\n\n<li>Spodbuja notranjo samozavest in \u010dustveno stabilnost.<\/li>\n\n\n\n<li>Pove\u010duje sposobnost introspektive in samospoznavanja.<\/li>\n<\/ul>\n\n\n\n<h3 class=\"wp-block-heading\">Vpliv na du\u0161o<\/h3>\n\n\n\n<ul class=\"wp-block-list\">\n<li>\u0160\u010diti pred negativnimi vplivi in energijami.<\/li>\n\n\n\n<li>Krepi intuicijo, duhovni vpogled in povezavo z vi\u0161jimi ravnmi zavedanja.<\/li>\n\n\n\n<li>Omogo\u010da la\u017eje razumevanje \u017eivljenjskih izku\u0161enj in odkrivanje svojih darov.<\/li>\n\n\n\n<li>Labradorit deluje kot most med fizi\u010dnim in duhovnim, vodi skozi obdobja transformacije.<\/li>\n<\/ul>\n\n\n\n<figure class=\"wp-block-image size-large\"><img loading=\"lazy\" decoding=\"async\" width=\"1024\" height=\"1024\" src=\"https:\/\/izdelki.zora-aurora.com\/wp-content\/uploads\/2025\/09\/labradorit2-1024x1024.webp\" alt=\"\" class=\"wp-image-587\" srcset=\"https:\/\/izdelki.zora-aurora.com\/wp-content\/uploads\/2025\/09\/labradorit2-1024x1024.webp 1024w, https:\/\/izdelki.zora-aurora.com\/wp-content\/uploads\/2025\/09\/labradorit2-300x300.webp 300w, https:\/\/izdelki.zora-aurora.com\/wp-content\/uploads\/2025\/09\/labradorit2-150x150.webp 150w, https:\/\/izdelki.zora-aurora.com\/wp-content\/uploads\/2025\/09\/labradorit2-768x768.webp 768w, https:\/\/izdelki.zora-aurora.com\/wp-content\/uploads\/2025\/09\/labradorit2-1536x1536.webp 1536w, https:\/\/izdelki.zora-aurora.com\/wp-content\/uploads\/2025\/09\/labradorit2.webp 1920w\" sizes=\"auto, (max-width: 1024px) 100vw, 1024px\" \/><figcaption class=\"wp-element-caption\">Bru\u0161en labradorit, vir: <a href=\"https:\/\/crystalgemstoneshop.com\">crystalgemstoneshop.com<\/a><\/figcaption><\/figure>\n\n\n\n<p><\/p>\n","protected":false},"excerpt":{"rendered":"<p>Za\u0161\u010dita, intuicija in notranja magijaLabradorit je kamen skrivnosti in transformacije. Njegova edinstvena igra barv \u2013 irizirajo\u010di modri, zeleni, zlati in oran\u017eni odtenki \u2013 prina\u0161a ob\u010dutek \u010darobnosti in prebliskov navdiha. Deluje kot \u0161\u010dit pred negativnimi energijami, hkrati pa spodbuja intuicijo, ustvarjalnost in notranjo mo\u010d. Labradorit ti pomaga odkriti skrite talente in globlje ravni zavedanja. Vpliv na [&hellip;]<\/p>\n","protected":false},"author":1,"featured_media":0,"parent":0,"menu_order":0,"comment_status":"closed","ping_status":"closed","template":"","meta":{"om_disable_all_campaigns":false,"_monsterinsights_skip_tracking":false,"_monsterinsights_sitenote_active":false,"_monsterinsights_sitenote_note":"","_monsterinsights_sitenote_category":0,"footnotes":""},"class_list":["post-559","page","type-page","status-publish","hentry"],"jetpack_sharing_enabled":true,"_links":{"self":[{"href":"https:\/\/izdelki.zora-aurora.com\/index.php?rest_route=\/wp\/v2\/pages\/559","targetHints":{"allow":["GET"]}}],"collection":[{"href":"https:\/\/izdelki.zora-aurora.com\/index.php?rest_route=\/wp\/v2\/pages"}],"about":[{"href":"https:\/\/izdelki.zora-aurora.com\/index.php?rest_route=\/wp\/v2\/types\/page"}],"author":[{"embeddable":true,"href":"https:\/\/izdelki.zora-aurora.com\/index.php?rest_route=\/wp\/v2\/users\/1"}],"replies":[{"embeddable":true,"href":"https:\/\/izdelki.zora-aurora.com\/index.php?rest_route=%2Fwp%2Fv2%2Fcomments&post=559"}],"version-history":[{"count":1,"href":"https:\/\/izdelki.zora-aurora.com\/index.php?rest_route=\/wp\/v2\/pages\/559\/revisions"}],"predecessor-version":[{"id":588,"href":"https:\/\/izdelki.zora-aurora.com\/index.php?rest_route=\/wp\/v2\/pages\/559\/revisions\/588"}],"wp:attachment":[{"href":"https:\/\/izdelki.zora-aurora.com\/index.php?rest_route=%2Fwp%2Fv2%2Fmedia&parent=559"}],"curies":[{"name":"wp","href":"https:\/\/api.w.org\/{rel}","templated":true}]}}