{"id":493,"date":"2023-07-04T15:28:21","date_gmt":"2023-07-04T15:28:21","guid":{"rendered":"https:\/\/izdelki.zora-aurora.com\/?page_id=493"},"modified":"2023-07-04T15:28:21","modified_gmt":"2023-07-04T15:28:21","slug":"magicne-cigule","status":"publish","type":"page","link":"https:\/\/izdelki.zora-aurora.com\/?page_id=493","title":{"rendered":"Magi\u010dne cigule"},"content":{"rendered":"\n<p>Pripomo\u010dek za odlo\u010ditve in odgovore na va\u0161a vpra\u0161anja.<\/p>\n\n\n\n<p>Magi\u010dne cigule so kocke, s katerimi dobimo bo\u017eji odgovor na na\u0161e vpra\u0161anje ali bo\u017ejo odlo\u010ditev za izbiro. Izvirajo iz slovenske staroverske skupnosti, kjer so z njihovo pomo\u010djo sve\u010deniki odlo\u010dali o sporih in drugih nere\u0161ljivih zadevah. Kocke jo ro\u010dno izdelal lokalni rezbar s stoletno dru\u017einsko tradicijo rezbarstva. Narejene so iz gabrovega lesa, \u0161tevilke so iz\u017egane, les pa popolnoma naravno za\u0161\u010diten.<\/p>\n\n\n\n<p><\/p>\n","protected":false},"excerpt":{"rendered":"<p>Pripomo\u010dek za odlo\u010ditve in odgovore na va\u0161a vpra\u0161anja. Magi\u010dne cigule so kocke, s katerimi dobimo bo\u017eji odgovor na na\u0161e vpra\u0161anje ali bo\u017ejo odlo\u010ditev za izbiro. Izvirajo iz slovenske staroverske skupnosti, kjer so z njihovo pomo\u010djo sve\u010deniki odlo\u010dali o sporih in drugih nere\u0161ljivih zadevah. Kocke jo ro\u010dno izdelal lokalni rezbar s stoletno dru\u017einsko tradicijo rezbarstva. Narejene [&hellip;]<\/p>\n","protected":false},"author":1,"featured_media":0,"parent":0,"menu_order":0,"comment_status":"closed","ping_status":"closed","template":"","meta":{"om_disable_all_campaigns":false,"_monsterinsights_skip_tracking":false,"_monsterinsights_sitenote_active":false,"_monsterinsights_sitenote_note":"","_monsterinsights_sitenote_category":0,"footnotes":""},"class_list":["post-493","page","type-page","status-publish","hentry"],"jetpack_sharing_enabled":true,"_links":{"self":[{"href":"https:\/\/izdelki.zora-aurora.com\/index.php?rest_route=\/wp\/v2\/pages\/493","targetHints":{"allow":["GET"]}}],"collection":[{"href":"https:\/\/izdelki.zora-aurora.com\/index.php?rest_route=\/wp\/v2\/pages"}],"about":[{"href":"https:\/\/izdelki.zora-aurora.com\/index.php?rest_route=\/wp\/v2\/types\/page"}],"author":[{"embeddable":true,"href":"https:\/\/izdelki.zora-aurora.com\/index.php?rest_route=\/wp\/v2\/users\/1"}],"replies":[{"embeddable":true,"href":"https:\/\/izdelki.zora-aurora.com\/index.php?rest_route=%2Fwp%2Fv2%2Fcomments&post=493"}],"version-history":[{"count":1,"href":"https:\/\/izdelki.zora-aurora.com\/index.php?rest_route=\/wp\/v2\/pages\/493\/revisions"}],"predecessor-version":[{"id":494,"href":"https:\/\/izdelki.zora-aurora.com\/index.php?rest_route=\/wp\/v2\/pages\/493\/revisions\/494"}],"wp:attachment":[{"href":"https:\/\/izdelki.zora-aurora.com\/index.php?rest_route=%2Fwp%2Fv2%2Fmedia&parent=493"}],"curies":[{"name":"wp","href":"https:\/\/api.w.org\/{rel}","templated":true}]}}