{"id":264,"date":"2022-08-31T14:13:43","date_gmt":"2022-08-31T14:13:43","guid":{"rendered":"https:\/\/izdelki.zora-aurora.com\/?page_id=264"},"modified":"2024-06-24T19:22:48","modified_gmt":"2024-06-24T19:22:48","slug":"delavnica-orgonitov","status":"publish","type":"page","link":"https:\/\/izdelki.zora-aurora.com\/?page_id=264","title":{"rendered":"Delavnica orgonitov"},"content":{"rendered":"\n<h2 class=\"wp-block-heading\">Delavnica orgonitov<\/h2>\n\n\n\n<p><strong>Kdaj: individualno po dogovoru<\/strong><\/p>\n\n\n\n<p><strong>Kje: Dobrovlje pri Mozirju 5<\/strong><\/p>\n\n\n\n<p><a href=\"#komentarji\" data-type=\"internal\" data-id=\"#komentarji\">Komentarji<\/a><\/p>\n\n\n\n<p>\u010ce ste si kdaj \u017eeleli izdelati lasten orgonit, imate sedaj to prilo\u017enost. V <a href=\"https:\/\/skupnost.zora-aurora.com\/\" data-type=\"URL\" data-id=\"https:\/\/skupnost.zora-aurora.com\/\">skupnosti Zora<\/a> smo pripravili dvodnevno delavnico orgonitov. <\/p>\n\n\n\n<p>Prednost lastne izdelave orgonita je, da je \u017ee pri izdelavi dolo\u010deno komu in s kak\u0161nim namenom bo slu\u017eil. Ker ga izdeluje vsak sam, s pomo\u010djo intuicije naredi sebi primernega in ima \u017ee od za\u010detka z njim mo\u010dno povezavo. Pri nakupu \u017ee narejenega orgonita pa je treba na tej povezavi bolj intenzivno graditi.<\/p>\n\n\n\n<p>Osnova za izdelavo je epoksi smola, ki se dolgo su\u0161i, zato je delavnica dvodnevna. Vse kar potrebujete za izdelavo orgonita dobite na delavnici (epoksi, kamne, kristale, kovinske ostru\u017eke, \u017eico, pigmente, okrasne elemente ipd.). \u010ce imate posebne \u017eelje glede kristalov in oblike izdelka, javite pri prijavi.<\/p>\n\n\n\n<p>Lahko prinesete tudi svoje kamne, kristale ali druge netopljive drobne predmete, ki jih \u017eelite vgraditi v orgonit.<\/p>\n\n\n\n<figure class=\"wp-block-gallery has-nested-images columns-default is-cropped alignwide wp-block-gallery-1 is-layout-flex wp-block-gallery-is-layout-flex\">\n<figure class=\"wp-block-image size-large\"><img loading=\"lazy\" decoding=\"async\" width=\"1024\" height=\"490\" data-id=\"119\" src=\"https:\/\/izdelki.zora-aurora.com\/wp-content\/uploads\/2022\/07\/2021-05-12-17.43.56-1024x490.jpg\" alt=\"\" class=\"wp-image-119\" srcset=\"https:\/\/izdelki.zora-aurora.com\/wp-content\/uploads\/2022\/07\/2021-05-12-17.43.56-1024x490.jpg 1024w, https:\/\/izdelki.zora-aurora.com\/wp-content\/uploads\/2022\/07\/2021-05-12-17.43.56-300x143.jpg 300w, https:\/\/izdelki.zora-aurora.com\/wp-content\/uploads\/2022\/07\/2021-05-12-17.43.56-768x367.jpg 768w, https:\/\/izdelki.zora-aurora.com\/wp-content\/uploads\/2022\/07\/2021-05-12-17.43.56-1536x734.jpg 1536w, https:\/\/izdelki.zora-aurora.com\/wp-content\/uploads\/2022\/07\/2021-05-12-17.43.56-2048x979.jpg 2048w\" sizes=\"auto, (max-width: 1024px) 100vw, 1024px\" \/><\/figure>\n\n\n\n<figure class=\"wp-block-image size-large\"><img loading=\"lazy\" decoding=\"async\" width=\"1024\" height=\"490\" data-id=\"268\" src=\"https:\/\/izdelki.zora-aurora.com\/wp-content\/uploads\/2022\/08\/2021-05-18-01.34.55-1024x490.jpg\" alt=\"\" class=\"wp-image-268\" srcset=\"https:\/\/izdelki.zora-aurora.com\/wp-content\/uploads\/2022\/08\/2021-05-18-01.34.55-1024x490.jpg 1024w, https:\/\/izdelki.zora-aurora.com\/wp-content\/uploads\/2022\/08\/2021-05-18-01.34.55-300x143.jpg 300w, https:\/\/izdelki.zora-aurora.com\/wp-content\/uploads\/2022\/08\/2021-05-18-01.34.55-768x367.jpg 768w, https:\/\/izdelki.zora-aurora.com\/wp-content\/uploads\/2022\/08\/2021-05-18-01.34.55-1536x734.jpg 1536w, https:\/\/izdelki.zora-aurora.com\/wp-content\/uploads\/2022\/08\/2021-05-18-01.34.55-2048x979.jpg 2048w\" sizes=\"auto, (max-width: 1024px) 100vw, 1024px\" \/><\/figure>\n<figcaption class=\"blocks-gallery-caption wp-element-caption\">Izdelava amuletov<\/figcaption><\/figure>\n\n\n\n<div class=\"wp-block-group is-layout-constrained wp-block-group-is-layout-constrained\">\n<p>Program vklju\u010duje:<\/p>\n\n\n\n<p><strong>1. dan<\/strong> (pribli\u017eno od 17:00 do 19:30)<\/p>\n\n\n\n<ul class=\"wp-block-list\">\n<li>Spoznavanje delovanja orgonitov in njihove sestave<\/li>\n\n\n\n<li>Vlivanje orgonitov 1. del<\/li>\n\n\n\n<li>Izbiranje in \u010di\u0161\u010denje kamnov<\/li>\n<\/ul>\n\n\n\n<p><strong>2. dan<\/strong> <\/p>\n\n\n\n<ul class=\"wp-block-list\">\n<li>Vlivanje orgonitov 2. del<\/li>\n\n\n\n<li>Vlivanje orgonitov 3. del<\/li>\n<\/ul>\n\n\n\n<p><strong>3. dan<\/strong> (pribli\u017eno od 16:00 do 17:30h)<\/p>\n\n\n\n<ul class=\"wp-block-list\">\n<li>Bru\u0161enje orgonitov<\/li>\n\n\n\n<li>Informiranje orgonitov<\/li>\n<\/ul>\n\n\n\n<p>Program je okviren in se lahko iz delavnice v delavnico rahlo razlikuje.<\/p>\n<\/div>\n\n\n\n<p>Delavnica je primerna tudi za otroke od 10 let naprej.<\/p>\n\n\n\n<p>Osnovni prispevek za delavnico, ki vklju\u010duje prigrizke in pija\u010do, je <strong>33 eur<\/strong> (brez izdelkov). Lahko izdelate do <strong>dva<\/strong> izdelka na osebo. Mo\u017eno je izdelati naslednje orgnite:<\/p>\n\n\n\n<ul class=\"wp-block-list\">\n<li>amulet (ve\u010d oblik) &#8211; 22 eur<\/li>\n\n\n\n<li>podstavek v obliki srca &#8211; 33 eur<\/li>\n\n\n\n<li>pepelnik &#8211; 39 eur<\/li>\n<\/ul>\n\n\n\n<p>\u0160tevilo mest je omejeno na 4 udele\u017eence. Kdor se prej prijavi, ima prednost izbire kalupa. <\/p>\n\n\n\n<p>Ker je delavnica trodnevna, nudimo v toplej\u0161ih mesecih tudi mo\u017enost no\u010ditve na skupnih le\u017ei\u0161\u010dih (dopla\u010dilo 10 eur\/no\u010d).<\/p>\n\n\n\n<p>\u010ce imate kak\u0161ne omejitve glede hrane, prosim, \u010de javite pri prijavi.<\/p>\n\n\n\n<p>Ker je \u010das za oblikovanje omejen s su\u0161enjem epoksija, pred delavnico razmislite, za kak\u0161en namen \u017eelite izdelati orgonit in si vizualizirajte kako bi naj izdelek okvirno izgledal.<\/p>\n\n\n\n<p>Ni nujno, vendar priporo\u010dam, da si pred delavnico preberete <a href=\"https:\/\/izdelki.zora-aurora.com\/?page_id=177\" data-type=\"page\" data-id=\"177\">o sestavi in delovanju orgonitov<\/a>.<\/p>\n\n\n\n<p>Oblike, ki so na voljo, lahko vidite na slikah spodaj. Ideje pa lahko dobite tudi v <a href=\"https:\/\/izdelki.zora-aurora.com\/?page_id=128\" data-type=\"page\" data-id=\"128\">galeriji orgonitov<\/a>.<\/p>\n\n\n\n<p>\u010ce vam datum ne ustreza, a si vseeno \u017eelite izdelati orgonit, je po dogovoru mo\u017ena individualna delavnica.<\/p>\n\n\n\n<p>Mo\u017ena je tudi individualna ve\u010ddnevna delavnica za izdelavo <strong>piramide<\/strong>.<\/p>\n\n\n\n<p>Prosim, \u010de po\u0161ljete prijave in vpra\u0161anja na <strong><a href=\"mailto:anteja@zora-aurora.com\">anteja@zora-aurora.com<\/a><\/strong>.<\/p>\n\n\n\n<figure class=\"wp-block-image size-large\"><img loading=\"lazy\" decoding=\"async\" width=\"1024\" height=\"730\" src=\"https:\/\/izdelki.zora-aurora.com\/wp-content\/uploads\/2022\/08\/2021-07-05-15.29.08-1-1024x730.jpg\" alt=\"\" class=\"wp-image-298\" srcset=\"https:\/\/izdelki.zora-aurora.com\/wp-content\/uploads\/2022\/08\/2021-07-05-15.29.08-1-1024x730.jpg 1024w, https:\/\/izdelki.zora-aurora.com\/wp-content\/uploads\/2022\/08\/2021-07-05-15.29.08-1-300x214.jpg 300w, https:\/\/izdelki.zora-aurora.com\/wp-content\/uploads\/2022\/08\/2021-07-05-15.29.08-1-768x547.jpg 768w, https:\/\/izdelki.zora-aurora.com\/wp-content\/uploads\/2022\/08\/2021-07-05-15.29.08-1-1536x1095.jpg 1536w, https:\/\/izdelki.zora-aurora.com\/wp-content\/uploads\/2022\/08\/2021-07-05-15.29.08-1-2048x1460.jpg 2048w\" sizes=\"auto, (max-width: 1024px) 100vw, 1024px\" \/><figcaption class=\"wp-element-caption\">Amuleti<\/figcaption><\/figure>\n\n\n\n<figure class=\"wp-block-image size-large\"><img loading=\"lazy\" decoding=\"async\" width=\"1024\" height=\"768\" src=\"https:\/\/izdelki.zora-aurora.com\/wp-content\/uploads\/2022\/07\/2014-08-27-15.24.28-1024x768.jpg\" alt=\"\" class=\"wp-image-94\" srcset=\"https:\/\/izdelki.zora-aurora.com\/wp-content\/uploads\/2022\/07\/2014-08-27-15.24.28-1024x768.jpg 1024w, https:\/\/izdelki.zora-aurora.com\/wp-content\/uploads\/2022\/07\/2014-08-27-15.24.28-300x225.jpg 300w, https:\/\/izdelki.zora-aurora.com\/wp-content\/uploads\/2022\/07\/2014-08-27-15.24.28-768x576.jpg 768w, https:\/\/izdelki.zora-aurora.com\/wp-content\/uploads\/2022\/07\/2014-08-27-15.24.28-1536x1152.jpg 1536w, https:\/\/izdelki.zora-aurora.com\/wp-content\/uploads\/2022\/07\/2014-08-27-15.24.28-2048x1536.jpg 2048w\" sizes=\"auto, (max-width: 1024px) 100vw, 1024px\" \/><figcaption class=\"wp-element-caption\">Podstavek srce<\/figcaption><\/figure>\n\n\n\n<figure class=\"wp-block-image size-large\"><img loading=\"lazy\" decoding=\"async\" width=\"1024\" height=\"878\" src=\"https:\/\/izdelki.zora-aurora.com\/wp-content\/uploads\/2022\/07\/2021-07-31-17.15.02-1024x878.jpg\" alt=\"\" class=\"wp-image-116\" srcset=\"https:\/\/izdelki.zora-aurora.com\/wp-content\/uploads\/2022\/07\/2021-07-31-17.15.02-1024x878.jpg 1024w, https:\/\/izdelki.zora-aurora.com\/wp-content\/uploads\/2022\/07\/2021-07-31-17.15.02-300x257.jpg 300w, https:\/\/izdelki.zora-aurora.com\/wp-content\/uploads\/2022\/07\/2021-07-31-17.15.02-768x659.jpg 768w, https:\/\/izdelki.zora-aurora.com\/wp-content\/uploads\/2022\/07\/2021-07-31-17.15.02-1536x1318.jpg 1536w, https:\/\/izdelki.zora-aurora.com\/wp-content\/uploads\/2022\/07\/2021-07-31-17.15.02.jpg 1744w\" sizes=\"auto, (max-width: 1024px) 100vw, 1024px\" \/><figcaption class=\"wp-element-caption\">Pepelnik<\/figcaption><\/figure>\n\n\n\n<h4 class=\"wp-block-heading\" id=\"komentarji\">Komentarji<\/h4>\n\n\n<div class=\"wp-block-comments-wpdiscuz is-layout-flow wp-block-wpdiscuz-is-layout-flow\"><div><\/div><\/div>\n\n<nav class=\"has-background has-secondary-background-color is-responsive  is-vertical wp-block-navigation is-layout-flex wp-container-core-navigation-is-layout-19f202c9 wp-block-navigation-is-layout-flex\" aria-label=\"Navigation Header\" \n\t\t data-wp-interactive=\"core\/navigation\" data-wp-context='{\"overlayOpenedBy\":{\"click\":false,\"hover\":false,\"focus\":false},\"type\":\"overlay\",\"roleAttribute\":\"\",\"ariaLabel\":\"Menu\"}'><button aria-haspopup=\"dialog\" aria-label=\"Open menu\" class=\"wp-block-navigation__responsive-container-open\" \n\t\t\t\tdata-wp-on-async--click=\"actions.openMenuOnClick\"\n\t\t\t\tdata-wp-on--keydown=\"actions.handleMenuKeydown\"\n\t\t\t><svg width=\"24\" height=\"24\" xmlns=\"http:\/\/www.w3.org\/2000\/svg\" viewBox=\"0 0 24 24\" aria-hidden=\"true\" focusable=\"false\"><rect x=\"4\" y=\"7.5\" width=\"16\" height=\"1.5\" \/><rect x=\"4\" y=\"15\" width=\"16\" height=\"1.5\" \/><\/svg><\/button>\n\t\t\t\t<div class=\"wp-block-navigation__responsive-container\"  id=\"modal-2\" \n\t\t\t\tdata-wp-class--has-modal-open=\"state.isMenuOpen\"\n\t\t\t\tdata-wp-class--is-menu-open=\"state.isMenuOpen\"\n\t\t\t\tdata-wp-watch=\"callbacks.initMenu\"\n\t\t\t\tdata-wp-on--keydown=\"actions.handleMenuKeydown\"\n\t\t\t\tdata-wp-on-async--focusout=\"actions.handleMenuFocusout\"\n\t\t\t\ttabindex=\"-1\"\n\t\t\t>\n\t\t\t\t\t<div class=\"wp-block-navigation__responsive-close\" tabindex=\"-1\">\n\t\t\t\t\t\t<div class=\"wp-block-navigation__responsive-dialog\" \n\t\t\t\tdata-wp-bind--aria-modal=\"state.ariaModal\"\n\t\t\t\tdata-wp-bind--aria-label=\"state.ariaLabel\"\n\t\t\t\tdata-wp-bind--role=\"state.roleAttribute\"\n\t\t\t>\n\t\t\t\t\t\t\t<button aria-label=\"Close menu\" class=\"wp-block-navigation__responsive-container-close\" \n\t\t\t\tdata-wp-on-async--click=\"actions.closeMenuOnClick\"\n\t\t\t><svg xmlns=\"http:\/\/www.w3.org\/2000\/svg\" viewBox=\"0 0 24 24\" width=\"24\" height=\"24\" aria-hidden=\"true\" focusable=\"false\"><path d=\"m13.06 12 6.47-6.47-1.06-1.06L12 10.94 5.53 4.47 4.47 5.53 10.94 12l-6.47 6.47 1.06 1.06L12 13.06l6.47 6.47 1.06-1.06L13.06 12Z\"><\/path><\/svg><\/button>\n\t\t\t\t\t\t\t<div class=\"wp-block-navigation__responsive-container-content\" \n\t\t\t\tdata-wp-watch=\"callbacks.focusFirstElement\"\n\t\t\t id=\"modal-2-content\">\n\t\t\t\t\t\t\t\t<ul class=\"wp-block-navigation__container has-background has-secondary-background-color is-responsive  is-vertical wp-block-navigation\"><li data-wp-context=\"{ &quot;submenuOpenedBy&quot;: { &quot;click&quot;: false, &quot;hover&quot;: false, &quot;focus&quot;: false }, &quot;type&quot;: &quot;submenu&quot;, &quot;modal&quot;: null }\" data-wp-interactive=\"core\/navigation\" data-wp-on--focusout=\"actions.handleMenuFocusout\" data-wp-on--keydown=\"actions.handleMenuKeydown\" data-wp-on-async--mouseenter=\"actions.openMenuOnHover\" data-wp-on-async--mouseleave=\"actions.closeMenuOnHover\" data-wp-watch=\"callbacks.initMenu\" tabindex=\"-1\" class=\"wp-block-navigation-item has-child open-on-hover-click wp-block-navigation-submenu\"><a class=\"wp-block-navigation-item__content\" href=\"https:\/\/izdelki.zora-aurora.com\/?page_id=396\"><span class=\"wp-block-navigation-item__label\">Orgonitne mojstrovine<\/span><\/a><button data-wp-bind--aria-expanded=\"state.isMenuOpen\" data-wp-on-async--click=\"actions.toggleMenuOnClick\" aria-label=\"Orgonitne mojstrovine submenu\" class=\"wp-block-navigation__submenu-icon wp-block-navigation-submenu__toggle\" ><svg xmlns=\"http:\/\/www.w3.org\/2000\/svg\" width=\"12\" height=\"12\" viewBox=\"0 0 12 12\" fill=\"none\" aria-hidden=\"true\" focusable=\"false\"><path d=\"M1.50002 4L6.00002 8L10.5 4\" stroke-width=\"1.5\"><\/path><\/svg><\/button><ul data-wp-on-async--focus=\"actions.openMenuOnFocus\" class=\"wp-block-navigation__submenu-container wp-block-navigation-submenu\"><li class=\" wp-block-navigation-item wp-block-navigation-link\"><a class=\"wp-block-navigation-item__content\"  href=\"https:\/\/izdelki.zora-aurora.com\/?page_id=302\"><span class=\"wp-block-navigation-item__label\">Orgonitni izdelki<\/span><\/a><\/li><li class=\" wp-block-navigation-item wp-block-navigation-link\"><a class=\"wp-block-navigation-item__content\"  href=\"https:\/\/izdelki.zora-aurora.com\/?page_id=177\"><span class=\"wp-block-navigation-item__label\">Orgonski amulet \u2013 uporaba<\/span><\/a><\/li><li class=\" wp-block-navigation-item wp-block-navigation-link\"><a class=\"wp-block-navigation-item__content\"  href=\"https:\/\/izdelki.zora-aurora.com\/?page_id=264\"><span class=\"wp-block-navigation-item__label\">Delavnica orgonitov<\/span><\/a><\/li><li class=\" wp-block-navigation-item wp-block-navigation-link\"><a class=\"wp-block-navigation-item__content\"  href=\"https:\/\/izdelki.zora-aurora.com\/?page_id=130\"><span class=\"wp-block-navigation-item__label\">Opisi in lastnosti kristalov<\/span><\/a><\/li><li class=\" wp-block-navigation-item wp-block-navigation-link\"><a class=\"wp-block-navigation-item__content\"  href=\"https:\/\/izdelki.zora-aurora.com\/?page_id=128\"><span class=\"wp-block-navigation-item__label\">Galerija orgonitov<\/span><\/a><\/li><\/ul><\/li><\/ul><ul class=\"wp-block-navigation__container has-background has-secondary-background-color is-responsive  is-vertical wp-block-navigation\"><li data-wp-context=\"{ &quot;submenuOpenedBy&quot;: { &quot;click&quot;: false, &quot;hover&quot;: false, &quot;focus&quot;: false }, &quot;type&quot;: &quot;submenu&quot;, &quot;modal&quot;: null }\" data-wp-interactive=\"core\/navigation\" data-wp-on--focusout=\"actions.handleMenuFocusout\" data-wp-on--keydown=\"actions.handleMenuKeydown\" data-wp-on-async--mouseenter=\"actions.openMenuOnHover\" data-wp-on-async--mouseleave=\"actions.closeMenuOnHover\" data-wp-watch=\"callbacks.initMenu\" tabindex=\"-1\" class=\"wp-block-navigation-item has-child open-on-hover-click wp-block-navigation-submenu\"><a class=\"wp-block-navigation-item__content\" href=\"https:\/\/izdelki.zora-aurora.com\/?page_id=400\"><span class=\"wp-block-navigation-item__label\">DMSO kozmetika<\/span><\/a><button data-wp-bind--aria-expanded=\"state.isMenuOpen\" data-wp-on-async--click=\"actions.toggleMenuOnClick\" aria-label=\"DMSO kozmetika submenu\" class=\"wp-block-navigation__submenu-icon wp-block-navigation-submenu__toggle\" ><svg xmlns=\"http:\/\/www.w3.org\/2000\/svg\" width=\"12\" height=\"12\" viewBox=\"0 0 12 12\" fill=\"none\" aria-hidden=\"true\" focusable=\"false\"><path d=\"M1.50002 4L6.00002 8L10.5 4\" stroke-width=\"1.5\"><\/path><\/svg><\/button><ul data-wp-on-async--focus=\"actions.openMenuOnFocus\" class=\"wp-block-navigation__submenu-container wp-block-navigation-submenu\"><li class=\" wp-block-navigation-item wp-block-navigation-link\"><a class=\"wp-block-navigation-item__content\"  href=\"https:\/\/izdelki.zora-aurora.com\/?page_id=5\"><span class=\"wp-block-navigation-item__label\">Kaj je DMSO?<\/span><\/a><\/li><li class=\" wp-block-navigation-item wp-block-navigation-link\"><a class=\"wp-block-navigation-item__content\"  href=\"https:\/\/izdelki.zora-aurora.com\/?page_id=28\"><span class=\"wp-block-navigation-item__label\">Krema za obraz Mladost<\/span><\/a><\/li><li class=\" wp-block-navigation-item wp-block-navigation-link\"><a class=\"wp-block-navigation-item__content\"  href=\"https:\/\/izdelki.zora-aurora.com\/?page_id=39\"><span class=\"wp-block-navigation-item__label\">Krema proti vnetju, revmi Vnetko<\/span><\/a><\/li><li class=\" wp-block-navigation-item wp-block-navigation-link\"><a class=\"wp-block-navigation-item__content\"  href=\"https:\/\/izdelki.zora-aurora.com\/?page_id=15\"><span class=\"wp-block-navigation-item__label\">Tonik za lasi\u0161\u010de<\/span><\/a><\/li><li class=\" wp-block-navigation-item wp-block-navigation-link\"><a class=\"wp-block-navigation-item__content\"  href=\"https:\/\/izdelki.zora-aurora.com\/?page_id=23\"><span class=\"wp-block-navigation-item__label\">Tonik proti glivicam<\/span><\/a><\/li><\/ul><\/li><li data-wp-context=\"{ &quot;submenuOpenedBy&quot;: { &quot;click&quot;: false, &quot;hover&quot;: false, &quot;focus&quot;: false }, &quot;type&quot;: &quot;submenu&quot;, &quot;modal&quot;: null }\" data-wp-interactive=\"core\/navigation\" data-wp-on--focusout=\"actions.handleMenuFocusout\" data-wp-on--keydown=\"actions.handleMenuKeydown\" data-wp-on-async--mouseenter=\"actions.openMenuOnHover\" data-wp-on-async--mouseleave=\"actions.closeMenuOnHover\" data-wp-watch=\"callbacks.initMenu\" tabindex=\"-1\" class=\"wp-block-navigation-item has-child open-on-hover-click wp-block-navigation-submenu\"><a class=\"wp-block-navigation-item__content\" href=\"https:\/\/izdelki.zora-aurora.com\/?page_id=471\"><span class=\"wp-block-navigation-item__label\">Izdelki iz smolnika<\/span><\/a><button data-wp-bind--aria-expanded=\"state.isMenuOpen\" data-wp-on-async--click=\"actions.toggleMenuOnClick\" aria-label=\"Izdelki iz smolnika submenu\" class=\"wp-block-navigation__submenu-icon wp-block-navigation-submenu__toggle\" ><svg xmlns=\"http:\/\/www.w3.org\/2000\/svg\" width=\"12\" height=\"12\" viewBox=\"0 0 12 12\" fill=\"none\" aria-hidden=\"true\" focusable=\"false\"><path d=\"M1.50002 4L6.00002 8L10.5 4\" stroke-width=\"1.5\"><\/path><\/svg><\/button><ul data-wp-on-async--focus=\"actions.openMenuOnFocus\" class=\"wp-block-navigation__submenu-container wp-block-navigation-submenu\"><li class=\" wp-block-navigation-item wp-block-navigation-link\"><a class=\"wp-block-navigation-item__content\"  href=\"https:\/\/izdelki.zora-aurora.com\/?page_id=470\"><span class=\"wp-block-navigation-item__label\">Smolnikova negovalna krema<\/span><\/a><\/li><\/ul><\/li><li data-wp-context=\"{ &quot;submenuOpenedBy&quot;: { &quot;click&quot;: false, &quot;hover&quot;: false, &quot;focus&quot;: false }, &quot;type&quot;: &quot;submenu&quot;, &quot;modal&quot;: null }\" data-wp-interactive=\"core\/navigation\" data-wp-on--focusout=\"actions.handleMenuFocusout\" data-wp-on--keydown=\"actions.handleMenuKeydown\" data-wp-on-async--mouseenter=\"actions.openMenuOnHover\" data-wp-on-async--mouseleave=\"actions.closeMenuOnHover\" data-wp-watch=\"callbacks.initMenu\" tabindex=\"-1\" class=\"wp-block-navigation-item has-child open-on-hover-click wp-block-navigation-submenu\"><a class=\"wp-block-navigation-item__content\" href=\"https:\/\/izdelki.zora-aurora.com\/?page_id=403\"><span class=\"wp-block-navigation-item__label\">Staroverstvo<\/span><\/a><button data-wp-bind--aria-expanded=\"state.isMenuOpen\" data-wp-on-async--click=\"actions.toggleMenuOnClick\" aria-label=\"Staroverstvo submenu\" class=\"wp-block-navigation__submenu-icon wp-block-navigation-submenu__toggle\" ><svg xmlns=\"http:\/\/www.w3.org\/2000\/svg\" width=\"12\" height=\"12\" viewBox=\"0 0 12 12\" fill=\"none\" aria-hidden=\"true\" focusable=\"false\"><path d=\"M1.50002 4L6.00002 8L10.5 4\" stroke-width=\"1.5\"><\/path><\/svg><\/button><ul data-wp-on-async--focus=\"actions.openMenuOnFocus\" class=\"wp-block-navigation__submenu-container wp-block-navigation-submenu\"><li class=\" wp-block-navigation-item wp-block-navigation-link\"><a class=\"wp-block-navigation-item__content\"  href=\"https:\/\/izdelki.zora-aurora.com\/?page_id=493\"><span class=\"wp-block-navigation-item__label\">Magi\u010dne cigule<\/span><\/a><\/li><\/ul><\/li><\/ul>\n\t\t\t\t\t\t\t<\/div>\n\t\t\t\t\t\t<\/div>\n\t\t\t\t\t<\/div>\n\t\t\t\t<\/div><\/nav>","protected":false},"excerpt":{"rendered":"<p>Delavnica orgonitov Kdaj: individualno po dogovoru Kje: Dobrovlje pri Mozirju 5 Komentarji \u010ce ste si kdaj \u017eeleli izdelati lasten orgonit, imate sedaj to prilo\u017enost. V skupnosti Zora smo pripravili dvodnevno delavnico orgonitov. Prednost lastne izdelave orgonita je, da je \u017ee pri izdelavi dolo\u010deno komu in s kak\u0161nim namenom bo slu\u017eil. Ker ga izdeluje vsak sam, [&hellip;]<\/p>\n","protected":false},"author":1,"featured_media":0,"parent":0,"menu_order":0,"comment_status":"open","ping_status":"closed","template":"","meta":{"om_disable_all_campaigns":false,"_monsterinsights_skip_tracking":false,"_monsterinsights_sitenote_active":false,"_monsterinsights_sitenote_note":"","_monsterinsights_sitenote_category":0,"footnotes":""},"class_list":["post-264","page","type-page","status-publish","hentry"],"jetpack_sharing_enabled":true,"_links":{"self":[{"href":"https:\/\/izdelki.zora-aurora.com\/index.php?rest_route=\/wp\/v2\/pages\/264","targetHints":{"allow":["GET"]}}],"collection":[{"href":"https:\/\/izdelki.zora-aurora.com\/index.php?rest_route=\/wp\/v2\/pages"}],"about":[{"href":"https:\/\/izdelki.zora-aurora.com\/index.php?rest_route=\/wp\/v2\/types\/page"}],"author":[{"embeddable":true,"href":"https:\/\/izdelki.zora-aurora.com\/index.php?rest_route=\/wp\/v2\/users\/1"}],"replies":[{"embeddable":true,"href":"https:\/\/izdelki.zora-aurora.com\/index.php?rest_route=%2Fwp%2Fv2%2Fcomments&post=264"}],"version-history":[{"count":10,"href":"https:\/\/izdelki.zora-aurora.com\/index.php?rest_route=\/wp\/v2\/pages\/264\/revisions"}],"predecessor-version":[{"id":540,"href":"https:\/\/izdelki.zora-aurora.com\/index.php?rest_route=\/wp\/v2\/pages\/264\/revisions\/540"}],"wp:attachment":[{"href":"https:\/\/izdelki.zora-aurora.com\/index.php?rest_route=%2Fwp%2Fv2%2Fmedia&parent=264"}],"curies":[{"name":"wp","href":"https:\/\/api.w.org\/{rel}","templated":true}]}}