{"id":177,"date":"2022-07-19T15:26:27","date_gmt":"2022-07-19T15:26:27","guid":{"rendered":"https:\/\/izdelki.zora-aurora.com\/?page_id=177"},"modified":"2023-10-09T13:03:34","modified_gmt":"2023-10-09T13:03:34","slug":"orgonski-amulet-uporaba","status":"publish","type":"page","link":"https:\/\/izdelki.zora-aurora.com\/?page_id=177","title":{"rendered":"Orgonski amulet &#8211; uporaba"},"content":{"rendered":"\n<h2 class=\"wp-block-heading\">Orgonski amulet &#8211; uporaba<\/h2>\n\n\n\n<h4 class=\"wp-block-heading\">Delovanje<\/h4>\n\n\n\n<p>Orgonit je v osnovi skupek kovinskih ostru\u017ekov, kremena ter epoksi smole. Epoksi smola se ob su\u0161enju kr\u010di in pritiska na kremen.&nbsp; Kremen ima piezoelektri\u010dno lastnost, kar pomeni, da ob pritisku dobi elektri\u010dni naboj in ustvari energetsko polje. To polje se oja\u010da s pomo\u010djo ostalih kovin in blagodejno vpliva na \u017eiva bitja. Pri amuletih so za usmeritev polja so uporabljene usmerjene spirale ter dolo\u010deno zaporedje materialov.<\/p>\n\n\n\n<figure class=\"wp-block-image size-full\"><img loading=\"lazy\" decoding=\"async\" width=\"901\" height=\"497\" src=\"https:\/\/izdelki.zora-aurora.com\/wp-content\/uploads\/2022\/07\/Pretok-energije-po-materialih.jpg\" alt=\"\" class=\"wp-image-178\" srcset=\"https:\/\/izdelki.zora-aurora.com\/wp-content\/uploads\/2022\/07\/Pretok-energije-po-materialih.jpg 901w, https:\/\/izdelki.zora-aurora.com\/wp-content\/uploads\/2022\/07\/Pretok-energije-po-materialih-300x165.jpg 300w, https:\/\/izdelki.zora-aurora.com\/wp-content\/uploads\/2022\/07\/Pretok-energije-po-materialih-768x424.jpg 768w\" sizes=\"auto, (max-width: 901px) 100vw, 901px\" \/><figcaption class=\"wp-element-caption\">Pretok energije po materialih<\/figcaption><\/figure>\n\n\n\n<figure class=\"wp-block-image size-large\"><img loading=\"lazy\" decoding=\"async\" width=\"1024\" height=\"565\" src=\"https:\/\/izdelki.zora-aurora.com\/wp-content\/uploads\/2022\/07\/Energetsko-polje-amuleta-1024x565.jpg\" alt=\"\" class=\"wp-image-179\" srcset=\"https:\/\/izdelki.zora-aurora.com\/wp-content\/uploads\/2022\/07\/Energetsko-polje-amuleta-1024x565.jpg 1024w, https:\/\/izdelki.zora-aurora.com\/wp-content\/uploads\/2022\/07\/Energetsko-polje-amuleta-300x166.jpg 300w, https:\/\/izdelki.zora-aurora.com\/wp-content\/uploads\/2022\/07\/Energetsko-polje-amuleta-768x424.jpg 768w, https:\/\/izdelki.zora-aurora.com\/wp-content\/uploads\/2022\/07\/Energetsko-polje-amuleta.jpg 1051w\" sizes=\"auto, (max-width: 1024px) 100vw, 1024px\" \/><figcaption class=\"wp-element-caption\">Energetsko polje amuleta<\/figcaption><\/figure>\n\n\n\n<p>Razli\u010dni kristali oddajajo razli\u010dne frekvence, ki vplivajo na \u010dloveka in okolje vsak na svoj na\u010din.<\/p>\n\n\n\n<h4 class=\"wp-block-heading\">Uporaba<\/h4>\n\n\n\n<p>Amulet ima dve strain glede na smer pretoka energije, vhodno in izhodno. Vhodna stran je \u010drne barve (z bakreno nalepko), na izhodni pa je aluminijasta spirala. Energija vstopa skozi vhodno stran, se pre\u010disti in informira, potem pa izstopi in se razpr\u0161i v prostor.<\/p>\n\n\n\n<p>Kadar \u017eelimo, da nas amulet napolni z energijo, ga obrnemo z izhodno stranjo proti sebi, na mesto, kjer \u010dutimo potrebo.&nbsp; Kadar \u017eelimo na\u0161o energijo usmeriti izven sebe, v prostor ali drugo osebo, amulet obrnemo s vhodno stranjo proti sebi.<\/p>\n\n\n\n<p>Energijo najla\u017eje usmerjamo preko rok. Ker z levo roko sprejemamo energijo, naj bo amulet v levi roki obrnjen z izhodno stranjo proti dlani. Z desno roko oddajamo energijo, zato naj bo amulet obrnjen z vhodno stranjo proti dlani. Kadar \u017eelimo, da energija kro\u017ei preko amuleta, damo dlani skupaj, kot za molitev, globoko dihamo ter si predstavljamo, kako energija vstopa skozi levo roko, kro\u017ei \u010dez telo ter izstopa iz desne roke nazaj preko amuleta v levo roko. Levi\u010darji zamenjajo roki (izhodna stran je leva, vhodna desna).<\/p>\n\n\n\n<p>Pri zavestnem pretakanju energije je zelo pomemben namen ter osredoto\u010danje na dobro, prijetno, harmoni\u010dno. Energije nikoli ne silimo na nekoga, ki je ne \u017eeli.<\/p>\n\n\n\n<figure class=\"wp-block-image size-full\"><img loading=\"lazy\" decoding=\"async\" width=\"1004\" height=\"649\" src=\"https:\/\/izdelki.zora-aurora.com\/wp-content\/uploads\/2022\/07\/Uporaba-amuletov-preko-dlani.jpg\" alt=\"\" class=\"wp-image-180\" srcset=\"https:\/\/izdelki.zora-aurora.com\/wp-content\/uploads\/2022\/07\/Uporaba-amuletov-preko-dlani.jpg 1004w, https:\/\/izdelki.zora-aurora.com\/wp-content\/uploads\/2022\/07\/Uporaba-amuletov-preko-dlani-300x194.jpg 300w, https:\/\/izdelki.zora-aurora.com\/wp-content\/uploads\/2022\/07\/Uporaba-amuletov-preko-dlani-768x496.jpg 768w\" sizes=\"auto, (max-width: 1004px) 100vw, 1004px\" \/><figcaption class=\"wp-element-caption\">Uporaba amuletov preko dlani<\/figcaption><\/figure>\n\n\n\n<p>Amulet je kot manj\u0161e bitje, ki nam \u017eeli pomagati. Ve\u010d kot delamo z njim, bolj kot smo v iskreni komunikaciji, bolj nam lahko pomaga. Zato je pomembno, da zanj lepo skrbimo, ga redno pre\u010distimo ter smo pri delu z njim odgovorni. Prav tako amuleta ne silimo nekomu, ki si ga ne \u017eeli, ker lahko to naredi ve\u010d \u0161kode kot koristi.<\/p>\n\n\n\n<p>Pri <strong>orgonskih podstavkih<\/strong> je princip enak, izhodna stran paje na vrhu, kamor postavite kozarec.<\/p>\n\n\n\n<h4 class=\"wp-block-heading\">Sestava<\/h4>\n\n\n\n<p>Amulet je sestavljen iz:<\/p>\n\n\n\n<ul class=\"wp-block-list\">\n<li>magnetita v prahu,<\/li>\n\n\n\n<li>bakra (nalepka, prah, \u017eica),<\/li>\n\n\n\n<li>medenine,<\/li>\n\n\n\n<li>kremen\u010devega peska,<\/li>\n\n\n\n<li>kristalne mre\u017ee,<\/li>\n\n\n\n<li>aluminija (folja, zdrob, \u017eica),<\/li>\n\n\n\n<li>epoksi smole za vezavo.<\/li>\n<\/ul>\n\n\n\n<figure class=\"wp-block-image size-large\"><img loading=\"lazy\" decoding=\"async\" width=\"1024\" height=\"683\" src=\"https:\/\/izdelki.zora-aurora.com\/wp-content\/uploads\/2022\/07\/dan-farrell-qayNP9ccw9E-unsplash-1024x683.jpg\" alt=\"\" class=\"wp-image-181\" srcset=\"https:\/\/izdelki.zora-aurora.com\/wp-content\/uploads\/2022\/07\/dan-farrell-qayNP9ccw9E-unsplash-1024x683.jpg 1024w, https:\/\/izdelki.zora-aurora.com\/wp-content\/uploads\/2022\/07\/dan-farrell-qayNP9ccw9E-unsplash-300x200.jpg 300w, https:\/\/izdelki.zora-aurora.com\/wp-content\/uploads\/2022\/07\/dan-farrell-qayNP9ccw9E-unsplash-768x512.jpg 768w, https:\/\/izdelki.zora-aurora.com\/wp-content\/uploads\/2022\/07\/dan-farrell-qayNP9ccw9E-unsplash-1536x1024.jpg 1536w, https:\/\/izdelki.zora-aurora.com\/wp-content\/uploads\/2022\/07\/dan-farrell-qayNP9ccw9E-unsplash-2048x1365.jpg 2048w\" sizes=\"auto, (max-width: 1024px) 100vw, 1024px\" \/><figcaption class=\"wp-element-caption\">Kristalna mre\u017ea. Photo by <a href=\"https:\/\/unsplash.com\/@farreal?utm_source=unsplash&amp;utm_medium=referral&amp;utm_content=creditCopyText\">Dan Farrell<\/a> on <a href=\"https:\/\/unsplash.com\/s\/photos\/crystal-grid?utm_source=unsplash&amp;utm_medium=referral&amp;utm_content=creditCopyText\">Unsplash<\/a><\/figcaption><\/figure>\n\n\n\n<p>V nekaterih primerih je dodan tudi pigmentni prah za la\u017eje razlo\u010devanje med razli\u010dnimi kristalnimi mre\u017eami. Detajli izdelave so dolo\u010deni z intuicijo pri sami izdelavi in se razlikujejo pri vsakem amuletu. Srce amuleta predstavlja kristalna mre\u017ea, ki dolo\u010da njegove lastnosti. Vsak amulet je unikaten in ima rahlo druga\u010den u\u010dinek kot njegovi bratje in sestre, \u010detudi imajo podobno kristalno mre\u017eo. Vsakemu amuletu je dan namen varovanja in za\u0161\u010dite. Namen se lahko kasneje spremeni ali prilagodi dolo\u010deni situaciji s pomo\u010djo meditaticje in komunikacije s srcem amuleta. Smer njihovega namena je Najvi\u0161je dobro, harmonija, povezanost, najvi\u0161nja vibracija&#8230; Vsi nadaljnje in dodatne specifi\u010dne namene gradite v tej smeri.<\/p>\n\n\n\n<h4 class=\"wp-block-heading\">\u010ci\u0161\u010denje in polnjenje<\/h4>\n\n\n\n<p>Kristali ter kremen\u010dev pesek je bil pre\u010di\u0161\u010den in napolnjen ob polni Luni. Ob pogosti uporabi, po izpostavitvi napetim energijam ali vsaj enkrat na mesec je priporo\u010deno amulet pre\u010distiti in napolniti. \u010ci\u0161\u010denje ter polnjenje amuleta lahko poteka na razli\u010dne na\u010dine. Najbolje je prisluhniti intuiciji oz. amuletu. Delujejo vsi na\u010dini, ki se uporabljajo pri \u010di\u0161\u010denju kristalov. Najbolj priporo\u010dam polnjenje preko Lune. Najbolj mo\u010dno polnjenje je ob polni luni. Amulet postavite neposredno na varno mesto zunaj ali na okno, kjer se bosta \u00bbvhodna\u00ab stran amuleta in Luna \u00bbvidela\u00ab. To velja tudi v obla\u010dnem vremenu. Ko ste kon\u010dali s polnjenjem, se s srcem zahvalite Luni ter amuletu. Ob tej prilo\u017enosti priporo\u010dam obnovitev namena amuleta, tudi \u010de ostaja enak. Na podoben na\u010din deluje tudi \u010di\u0161\u010denje s soncem, vendar ga pustite na soncu najve\u010d eno uro. Pri pogosti ali dolgotrajni izpostavitvi soncu, bo amulet rahlo spremenil barvo proti rumeni. <\/p>\n\n\n\n<p>Ne priporo\u010dam pretirani izpostavitvi amuleta vodi, vsaj ne na strani bakrene nalepke. Amulet ne izpostavljajte topilom ali razku\u017eilom. \u010ce je nuja, ga operite z mla\u010dno vodo in ne\u017enim milom ter ga dobro osu\u0161ite. Amuleta ne postavljajte v neposredno bli\u017eino elektronskih naprav oz. ga v nasprotnem primeru pre\u010distite. Nasploh se izogibajte obmo\u010dij z mo\u010dnimi umetnimi magnetnimi polji.<\/p>\n","protected":false},"excerpt":{"rendered":"<p>Orgonski amulet &#8211; uporaba Delovanje Orgonit je v osnovi skupek kovinskih ostru\u017ekov, kremena ter epoksi smole. Epoksi smola se ob su\u0161enju kr\u010di in pritiska na kremen.&nbsp; Kremen ima piezoelektri\u010dno lastnost, kar pomeni, da ob pritisku dobi elektri\u010dni naboj in ustvari energetsko polje. To polje se oja\u010da s pomo\u010djo ostalih kovin in blagodejno vpliva na \u017eiva [&hellip;]<\/p>\n","protected":false},"author":1,"featured_media":0,"parent":0,"menu_order":0,"comment_status":"closed","ping_status":"closed","template":"","meta":{"om_disable_all_campaigns":false,"_monsterinsights_skip_tracking":false,"_monsterinsights_sitenote_active":false,"_monsterinsights_sitenote_note":"","_monsterinsights_sitenote_category":0,"footnotes":""},"class_list":["post-177","page","type-page","status-publish","hentry"],"jetpack_sharing_enabled":true,"_links":{"self":[{"href":"https:\/\/izdelki.zora-aurora.com\/index.php?rest_route=\/wp\/v2\/pages\/177","targetHints":{"allow":["GET"]}}],"collection":[{"href":"https:\/\/izdelki.zora-aurora.com\/index.php?rest_route=\/wp\/v2\/pages"}],"about":[{"href":"https:\/\/izdelki.zora-aurora.com\/index.php?rest_route=\/wp\/v2\/types\/page"}],"author":[{"embeddable":true,"href":"https:\/\/izdelki.zora-aurora.com\/index.php?rest_route=\/wp\/v2\/users\/1"}],"replies":[{"embeddable":true,"href":"https:\/\/izdelki.zora-aurora.com\/index.php?rest_route=%2Fwp%2Fv2%2Fcomments&post=177"}],"version-history":[{"count":6,"href":"https:\/\/izdelki.zora-aurora.com\/index.php?rest_route=\/wp\/v2\/pages\/177\/revisions"}],"predecessor-version":[{"id":510,"href":"https:\/\/izdelki.zora-aurora.com\/index.php?rest_route=\/wp\/v2\/pages\/177\/revisions\/510"}],"wp:attachment":[{"href":"https:\/\/izdelki.zora-aurora.com\/index.php?rest_route=%2Fwp%2Fv2%2Fmedia&parent=177"}],"curies":[{"name":"wp","href":"https:\/\/api.w.org\/{rel}","templated":true}]}}