{"id":167,"date":"2022-07-19T15:07:39","date_gmt":"2022-07-19T15:07:39","guid":{"rendered":"https:\/\/izdelki.zora-aurora.com\/?page_id=167"},"modified":"2022-08-09T17:24:11","modified_gmt":"2022-08-09T17:24:11","slug":"rubinov-zoistit","status":"publish","type":"page","link":"https:\/\/izdelki.zora-aurora.com\/?page_id=167","title":{"rendered":"Rubinov zoistit"},"content":{"rendered":"\n<h2 class=\"wp-block-heading\">Rubinov zoistit<\/h2>\n\n\n\n<p>Zoistit je kamen vrnitve: vrnitev k sebi, vrnitev v svoje sredi\u0161\u010de, vrnitev k sprostitvi, vrnitev k zdravim normam itd. Ustvarjalna energija zoisita naj bi slu\u017eila kot gumb za ponastavitev, ki vrne um nazaj k svojim ciljem po neza\u017eeleni prekinitvi. Krepi povezavo med srcem in mo\u017egani.<br>Je kamen vitalnosti in rasti. Pritegne energije blaginje in obilja ter vam pomaga prej kot slej uresni\u010diti svoje sanje.<\/p>\n\n\n\n<figure class=\"wp-block-image aligncenter size-full\"><img loading=\"lazy\" decoding=\"async\" width=\"450\" height=\"300\" src=\"https:\/\/izdelki.zora-aurora.com\/wp-content\/uploads\/2022\/07\/pasiphae170300015.jpg\" alt=\"\" class=\"wp-image-168\" srcset=\"https:\/\/izdelki.zora-aurora.com\/wp-content\/uploads\/2022\/07\/pasiphae170300015.jpg 450w, https:\/\/izdelki.zora-aurora.com\/wp-content\/uploads\/2022\/07\/pasiphae170300015-300x200.jpg 300w\" sizes=\"auto, (max-width: 450px) 100vw, 450px\" \/><\/figure>\n\n\n\n<h4 class=\"wp-block-heading\">Vpliv na telo<\/h4>\n\n\n\n<p>Rubinov zoistit pomaga zdraviti te\u017eave povezane s srcem in spodbuja splo\u0161no zdravljenje v telesu. Spodbuja tudi krvni obtok, ki krepi in porazdeli energijo kamna po vsem telesu.<br>Ta kamen lahko uravnava menstrualni tok in bla\u017ei bole\u010dine, povezane z \u017eenskim mese\u010dnim obdobjem. Koristi reproduktivnim organom in se pogosto uporablja za zdravljenje neplodnosti, impotence in drugih spolnih motenj ter ginekolo\u0161kih te\u017eav.<br>Pomaga pri razstrupljanju telesa, zdravljenju oku\u017eb in zni\u017eevanju vro\u010dine. Spodbuja ledvice in vranico ter uravnava metabolizem za re\u0161evanje te\u017eav z rejenjem ali huj\u0161anjem.<br>Rubinov zoistit je dobro imeti tudi pri sebi, ker pomaga pri laj\u0161anju gibalne slabosti. Lasem in nohtom pomaga povrniti lesk.<br>Spodbuja bo celi\u010dno delovanje in regeneracijo. Zmanj\u0161a napade panike, spodbuja dober spanec in pomaga premagati klavstrofobijo.<\/p>\n\n\n\n<h4 class=\"wp-block-heading\">Vpliv na \u010dustva<\/h4>\n\n\n\n<p>Rubinov zoistit je kamen, ki zdru\u017euje sile harmonije. Usklajuje va\u0161e \u010dustvene in du\u0161evne energije, torej tvori povezavo med srcem in mo\u017egani. Va\u0161e srce bo pogosto le\u017ealo v ne\u010dem, \u010desar vam mo\u017egani zaradi socialnih okoli\u0161\u010din ali drugih dejavnikov prepre\u010dujejo. Rubinov zoistit pa uravnote\u017ei va\u0161a \u010dustva in vas stabilizira od znotraj, tako da zagotavlja, da se dve vrsti energij med seboj poravnata in zdru\u017eita, da dose\u017eeta rezultate.<br>V te\u017ekih \u010dasih rubinov zoistit omogo\u010da nadzor nad \u010dustvi, mislimi in dejanji. To \u010dustveno zdravljenje je potrebno, da zagotovite, da \u010dustvena obremenitev ne zamegli va\u0161e sposobnosti za u\u010dinkovito re\u0161evanje problema.<br>Rubinov zoistit vam pomaga obnoviti motivacijo in energijo za delo v smeri varne in prijetne prihodnosti. Mo\u010di zdravljenja, ki jih oddaja rubinov zoistit, so bistvenega pomena za prekinitev ob\u010dutka jeze, \u017ealosti ali izgube. Ponovno se vzpostavi tudi va\u0161a vero v lastne sposobnosti in vas pozva, da ste bolj samozavestni.<br>Ta kamen je \u010dustveni zdravilec, ki pomiri srce v \u010dasu stresa ali bole\u010dine. Srce za\u0161\u010diti pred najglobljimi bole\u010dinami in mu pomaga, da se kmalu spet okrepi. Rubinov zoistit navdihuje so\u010dutje, vzdr\u017eljivost in ne\u017enost do drugih ter ob\u010dutek pripadnosti. Spodbuja ob\u010dutek hvale\u017enosti za vse, kar imate v \u017eivljenju, ter razumevanje lastnih potreb in \u010dustev v zvezi z ljubeznijo in medsebojnimi odnosi. Spodbuja tudi druge, da so bolj pozorni na va\u0161e potrebe.<\/p>\n\n\n\n<h4 class=\"wp-block-heading\">Vpliv na du\u0161o<\/h4>\n\n\n\n<p>To je kamen z mo\u010dnimi duhovnimi energijami, ki vam pomagajo, da se dotaknete svojih notranjih instinktov, kar omogo\u010da razsvetljenje du\u0161e. Kamen prina\u0161a duhovno u\u010denje, ki krepi va\u0161 spomin in va\u0161e intuicijske mo\u010di. Kamen usklajuje duhovne energije na na\u010din, ki vzpostavljajo notranji mir, ki omogo\u010da ozdravljenje preteklih \u017ealosti ter nadaljevanje \u017eivljenja. Rubinov zoistitvas tudi spodbuja, da se pove\u017eete s svojo duhovnostjo in se resneje zavzamete za svoje \u017eivljenjsko poslanstvo.<\/p>\n\n\n\n<p>Energije rubinovega zoistitaspodbujajo k sprostitvi duha in opu\u0161\u010danju negativnih misli. Te energije \u010dloveku dajo tudi motivacijo, da vsak dan vstane iz postelje, da bi s svojim \u017eivljenjem naredil nekaj bistvenega in pomembnega.<\/p>\n\n\n\n<p>Ta kamen okrepi va\u0161e pozitivne vidike in pripelje do bolj pogumnega stanja. Pomaga tudi razviti ljube\u010d odnos do samega sebe.<\/p>\n\n\n\n<figure class=\"wp-block-gallery has-nested-images columns-default is-cropped wp-block-gallery-1 is-layout-flex wp-block-gallery-is-layout-flex\">\n<figure class=\"wp-block-image size-medium\"><img loading=\"lazy\" decoding=\"async\" width=\"539\" height=\"640\" data-id=\"170\" src=\"https:\/\/izdelki.zora-aurora.com\/wp-content\/uploads\/2022\/07\/ruby-zoisite-g03709d722_640.jpg\" alt=\"\" class=\"wp-image-170\" srcset=\"https:\/\/izdelki.zora-aurora.com\/wp-content\/uploads\/2022\/07\/ruby-zoisite-g03709d722_640.jpg 539w, https:\/\/izdelki.zora-aurora.com\/wp-content\/uploads\/2022\/07\/ruby-zoisite-g03709d722_640-253x300.jpg 253w\" sizes=\"auto, (max-width: 539px) 100vw, 539px\" \/><figcaption>Image by <a href=\"https:\/\/pixabay.com\/users\/starbright-783939\/?utm_source=link-attribution&amp;utm_medium=referral&amp;utm_campaign=image&amp;utm_content=665282\">starbright<\/a> from <a href=\"https:\/\/pixabay.com\/?utm_source=link-attribution&amp;utm_medium=referral&amp;utm_campaign=image&amp;utm_content=665282\">Pixabay<\/a><\/figcaption><\/figure>\n\n\n\n<figure class=\"wp-block-image size-medium\"><img loading=\"lazy\" decoding=\"async\" width=\"850\" height=\"850\" data-id=\"169\" src=\"https:\/\/izdelki.zora-aurora.com\/wp-content\/uploads\/2022\/07\/zoisite-variety-chrome-1539588.jpg\" alt=\"\" class=\"wp-image-169\" srcset=\"https:\/\/izdelki.zora-aurora.com\/wp-content\/uploads\/2022\/07\/zoisite-variety-chrome-1539588.jpg 850w, https:\/\/izdelki.zora-aurora.com\/wp-content\/uploads\/2022\/07\/zoisite-variety-chrome-1539588-300x300.jpg 300w, https:\/\/izdelki.zora-aurora.com\/wp-content\/uploads\/2022\/07\/zoisite-variety-chrome-1539588-150x150.jpg 150w, https:\/\/izdelki.zora-aurora.com\/wp-content\/uploads\/2022\/07\/zoisite-variety-chrome-1539588-768x768.jpg 768w\" sizes=\"auto, (max-width: 850px) 100vw, 850px\" \/><\/figure>\n<\/figure>\n\n\n\n<p><sub>Vir: https:\/\/meanings.crystalsandjewelry.com\/ruby-in-zoisite\/#Ruby_Zoisite_Healing_and_Health<\/sub><\/p>\n","protected":false},"excerpt":{"rendered":"<p>Rubinov zoistit Zoistit je kamen vrnitve: vrnitev k sebi, vrnitev v svoje sredi\u0161\u010de, vrnitev k sprostitvi, vrnitev k zdravim normam itd. Ustvarjalna energija zoisita naj bi slu\u017eila kot gumb za ponastavitev, ki vrne um nazaj k svojim ciljem po neza\u017eeleni prekinitvi. Krepi povezavo med srcem in mo\u017egani.Je kamen vitalnosti in rasti. Pritegne energije blaginje in [&hellip;]<\/p>\n","protected":false},"author":1,"featured_media":0,"parent":0,"menu_order":0,"comment_status":"closed","ping_status":"closed","template":"","meta":{"om_disable_all_campaigns":false,"_monsterinsights_skip_tracking":false,"_monsterinsights_sitenote_active":false,"_monsterinsights_sitenote_note":"","_monsterinsights_sitenote_category":0,"footnotes":""},"class_list":["post-167","page","type-page","status-publish","hentry"],"jetpack_sharing_enabled":true,"_links":{"self":[{"href":"https:\/\/izdelki.zora-aurora.com\/index.php?rest_route=\/wp\/v2\/pages\/167","targetHints":{"allow":["GET"]}}],"collection":[{"href":"https:\/\/izdelki.zora-aurora.com\/index.php?rest_route=\/wp\/v2\/pages"}],"about":[{"href":"https:\/\/izdelki.zora-aurora.com\/index.php?rest_route=\/wp\/v2\/types\/page"}],"author":[{"embeddable":true,"href":"https:\/\/izdelki.zora-aurora.com\/index.php?rest_route=\/wp\/v2\/users\/1"}],"replies":[{"embeddable":true,"href":"https:\/\/izdelki.zora-aurora.com\/index.php?rest_route=%2Fwp%2Fv2%2Fcomments&post=167"}],"version-history":[{"count":2,"href":"https:\/\/izdelki.zora-aurora.com\/index.php?rest_route=\/wp\/v2\/pages\/167\/revisions"}],"predecessor-version":[{"id":242,"href":"https:\/\/izdelki.zora-aurora.com\/index.php?rest_route=\/wp\/v2\/pages\/167\/revisions\/242"}],"wp:attachment":[{"href":"https:\/\/izdelki.zora-aurora.com\/index.php?rest_route=%2Fwp%2Fv2%2Fmedia&parent=167"}],"curies":[{"name":"wp","href":"https:\/\/api.w.org\/{rel}","templated":true}]}}