{"id":162,"date":"2022-07-19T14:49:10","date_gmt":"2022-07-19T14:49:10","guid":{"rendered":"https:\/\/izdelki.zora-aurora.com\/?page_id=162"},"modified":"2022-08-09T17:22:16","modified_gmt":"2022-08-09T17:22:16","slug":"obsidian","status":"publish","type":"page","link":"https:\/\/izdelki.zora-aurora.com\/?page_id=162","title":{"rendered":"Obsidian"},"content":{"rendered":"\n<h2 class=\"wp-block-heading\">Obsidian<\/h2>\n\n\n\n<p>Je mo\u010dno za\u0161\u010ditni kamen, ki tvori \u0161\u010dit pred negativnostjo. Blokira psihi\u010dne napade in absorbira negativne energije iz okolja. Obsidian iy telesa izvle\u010de du\u0161evni stres in napetost. Spodbuja rast na vseh ravneh, spodbuja raziskovanje neznanega in odpira nova obzorja.<\/p>\n\n\n\n<figure class=\"wp-block-image size-full\"><img loading=\"lazy\" decoding=\"async\" width=\"640\" height=\"480\" src=\"https:\/\/izdelki.zora-aurora.com\/wp-content\/uploads\/2022\/07\/obsidian-gbf27261df_640.jpg\" alt=\"\" class=\"wp-image-163\" srcset=\"https:\/\/izdelki.zora-aurora.com\/wp-content\/uploads\/2022\/07\/obsidian-gbf27261df_640.jpg 640w, https:\/\/izdelki.zora-aurora.com\/wp-content\/uploads\/2022\/07\/obsidian-gbf27261df_640-300x225.jpg 300w\" sizes=\"auto, (max-width: 640px) 100vw, 640px\" \/><figcaption>Image by <a href=\"https:\/\/pixabay.com\/users\/hans-2\/?utm_source=link-attribution&amp;utm_medium=referral&amp;utm_campaign=image&amp;utm_content=505332\">Hans Braxmeier<\/a> from <a href=\"https:\/\/pixabay.com\/?utm_source=link-attribution&amp;utm_medium=referral&amp;utm_campaign=image&amp;utm_content=505332\">Pixabay<\/a><\/figcaption><\/figure>\n\n\n\n<h4 class=\"wp-block-heading\">Vpliv na telo<\/h4>\n\n\n\n<p>Obsidian nudi vpogled v vzroke bolezni. Pomaga pri prebavi, razstruplja, raztaplja blokade in napetosti, vklju\u010dno z utrjenimi arterijami. Zmanj\u0161uje bole\u010dine pri artritisu, te\u017eave s sklepi, kr\u010de in po\u0161kodbe.<br>Kristalna voda iz obsidijana je koristna pri vseh vrstah \u0161oka. \u0160ok, ki ga utrpimo pri po\u0161kodbi, se raztopi na celi\u010dni ravni in tako pomaga pri mo\u010dnih krvavitvah in pospe\u0161i celjenje ran.<br>Obsidian izbolj\u0161a cirkulacijo, tudi v skrajnih primerih, kot je strjevanje arterij v nogah zaradi kajenja, in pomaga pri ogrevanju okon\u010din, na primer kroni\u010dno hladne roke in stopala.<\/p>\n\n\n\n<h4 class=\"wp-block-heading\">Vpliv na \u010dustva<\/h4>\n\n\n\n<p>Obsidian vam pomaga razumeti, kdo v resnici ste in ne kdo mislite, da ste, pomagal bo zdru\u017eiti ti dve percepciji v celoto. Ta kamen vam pomaga prepoznati zastarele vedenjske vzorce in pomaga pri njihovem \u010di\u0161\u010denju. Obsidian raztopi \u010dustvene blokade in starodavne travme ter v \u010dustva vnese globino in jasnost. Spodbuja so\u010dutje in mo\u010d. Obsidian raztopi \u0161ok in strah. Ima po\u017eivljajo\u010d u\u010dinek in na svetlo prika\u017ee skrite notranje podobe. Lahko deluje pomirjujo\u010de, vendar poudari tudi vzrok stresa. Vzrok je treba odpraviti, preden se lahko mir vrne.<br>Obsidian daje nesluteno globino va\u0161i \u010dustveni naravi in \u200b\u200bpomaga pri vseh vrstah obsedenosti. \u010cisti ozra\u010dje negativnih duhovnih vplivov in slu\u017ei kot za\u0161\u010dita pred psihi\u010dnimi napadi.<br>Obsidian je mo\u010dno za\u0161\u010ditni kamen, ki tvori \u0161\u010dit pred \u010dustveno negativnostjo. Skozi korensko \u010dakro vas pripelje na zemljo in vas v \u010dasu potrebe okrepi. V pomo\u010d je zelo ob\u010dutljivim ljudem. Blokira psihi\u010dni napad in odstranjuje negativne duhovne vplive.<\/p>\n\n\n\n<h4 class=\"wp-block-heading\">Vpliv na du\u0161o<\/h4>\n\n\n\n<p>Obsidian vam pomaga dose\u010di integriteto tako, da vam pomaga videti sen\u010dno stran v svoji resni\u010dni naravi, da lahko postanete celi. Ta kamen prikazuje, kako dose\u010di svobodo in duhovno neranljivost. Spomni vas zmo\u017enosti in mo\u010di, ki ste jih pozabili, da jih imate. Pomgaga jih pridobiti nazaj in izpopolniti.<\/p>\n\n\n\n<p>Obsidian vitalizira namen du\u0161e. Odpravlja energijske blokade in bla\u017ei napetost. Obsidian zasidra duha v telo. Ta kamen spodbuja rast na vseh ravneh. Poziva vas, da razi\u0161\u010dete neznano in vam odpre nova obzorja za raziskovanje.<\/p>\n\n\n\n<hr class=\"wp-block-separator has-alpha-channel-opacity is-style-dots\"\/>\n\n\n\n<h2 class=\"wp-block-heading\">Sne\u017eni obsidian<\/h2>\n\n\n\n<figure class=\"wp-block-image aligncenter size-full is-resized\"><img loading=\"lazy\" decoding=\"async\" src=\"https:\/\/izdelki.zora-aurora.com\/wp-content\/uploads\/2022\/07\/gemstones-gddac2e3f8_640.jpg\" alt=\"\" class=\"wp-image-164\" width=\"360\" height=\"480\" srcset=\"https:\/\/izdelki.zora-aurora.com\/wp-content\/uploads\/2022\/07\/gemstones-gddac2e3f8_640.jpg 480w, https:\/\/izdelki.zora-aurora.com\/wp-content\/uploads\/2022\/07\/gemstones-gddac2e3f8_640-225x300.jpg 225w\" sizes=\"auto, (max-width: 360px) 100vw, 360px\" \/><figcaption>Image by <a href=\"https:\/\/pixabay.com\/users\/bonbonga-860573\/?utm_source=link-attribution&amp;utm_medium=referral&amp;utm_campaign=image&amp;utm_content=3455372\">Bonbonga<\/a> from <a href=\"https:\/\/pixabay.com\/?utm_source=link-attribution&amp;utm_medium=referral&amp;utm_campaign=image&amp;utm_content=3455372\">Pixabay<\/a><\/figcaption><\/figure>\n\n\n\n<p>Sne\u017eni obsidian lahko energijsko pomaga omejiti \u0161irjenje rakavih celic po telesu. Pomaga vam, da postanete bolj dovzetni za zdravilno energijo in zdravilni odnos.<\/p>\n\n\n\n<p>Sne\u017eni obsidian olaj\u0161a te\u017eave, povezane z menstrualnim ciklusom. Uporaben je za uravnote\u017eenje hormonov skozi vsako fazo \u017eenskega \u017eivljenja.<\/p>\n\n\n\n<p>Sne\u017eni obsidian vam pomaga premagati ob\u010dutke \u017ertve. Omogo\u010da vam, da najdete mo\u010d in pripravljenost, da svojo realnost premaknete na bolj\u0161e.<\/p>\n\n\n\n<p>Sne\u017eni obsidian vam pomaga najti prednosti v \u010dustvenih izzivih. Koristen je kot katalizator, da razkrijete, kako so va\u0161e \u010dustvene motnje preprosto predhodnice potrebnih sprememb. Ta kamen je opomnik, da so izzivi ali te\u017eave v va\u0161em \u017eivljenju predhodnice bolj\u0161ega na\u010dina \u017eivljenja ali bolj\u0161ega pogleda na \u017eivljenje.<\/p>\n\n\n\n<p>Sne\u017eni &nbsp;obsidian vam pomaga pri stiku s svetom du\u0161 in omogo\u010da komunikacijo z izgubljenimi ljubljenimi. Opomni vas pozabljenih dogodkov \u017eivljenja, ki so povezane s sedanjimi te\u017eavami.<\/p>\n\n\n\n<p>Ta kamen je idealen za pomo\u010d pri sprejemanju sprememb in preobrazb v va\u0161em \u017eivljenju. Ta kamen vam pomaga opaziti vse nepopustljive miselne vzorce, ki jih je treba spremeniti, ali kristalizirane ideje, ki jih je treba razbiti.<\/p>\n\n\n\n<p>Sne\u017eni obsidian vam pomaga prepoznati smernice in pomo\u010d, ki so vedno na voljo v naravnem svetu. Je odli\u010den kamen za uporabo pri ugla\u0161evanju z \u017eivalskimi totemi. Z njim lahko postanete bolj ob\u010dutljivi na ne\u017een tok in gibanje energije v va\u0161em okolju.<\/p>\n\n\n\n<p>Sne\u017eni obsidian lahko odpre nove poti duhovnih misli in povezav. Bele pege v tem kamnu poudarjajo razsvetljevalno naravo, ki jo ustvari, ko se postavi pravi namen. Ta kamen poka\u017ee, da je v va\u0161i zavesti prilo\u017enost za uresni\u010ditev.<\/p>\n\n\n\n<figure class=\"wp-block-image aligncenter size-full is-resized\"><img loading=\"lazy\" decoding=\"async\" src=\"https:\/\/izdelki.zora-aurora.com\/wp-content\/uploads\/2022\/07\/snowflake-obsidian-g3fcbfdc6a_640.jpg\" alt=\"\" class=\"wp-image-165\" width=\"480\" height=\"471\" srcset=\"https:\/\/izdelki.zora-aurora.com\/wp-content\/uploads\/2022\/07\/snowflake-obsidian-g3fcbfdc6a_640.jpg 640w, https:\/\/izdelki.zora-aurora.com\/wp-content\/uploads\/2022\/07\/snowflake-obsidian-g3fcbfdc6a_640-300x294.jpg 300w\" sizes=\"auto, (max-width: 480px) 100vw, 480px\" \/><figcaption>Image by <a href=\"https:\/\/pixabay.com\/users\/starbright-783939\/?utm_source=link-attribution&amp;utm_medium=referral&amp;utm_campaign=image&amp;utm_content=665711\">starbright<\/a> from <a href=\"https:\/\/pixabay.com\/?utm_source=link-attribution&amp;utm_medium=referral&amp;utm_campaign=image&amp;utm_content=665711\">Pixabay<\/a><\/figcaption><\/figure>\n\n\n\n<p><sub>Vir: https:\/\/www.healingwithcrystals.net.au\/obsidian.html<\/sub><\/p>\n","protected":false},"excerpt":{"rendered":"<p>Obsidian Je mo\u010dno za\u0161\u010ditni kamen, ki tvori \u0161\u010dit pred negativnostjo. Blokira psihi\u010dne napade in absorbira negativne energije iz okolja. Obsidian iy telesa izvle\u010de du\u0161evni stres in napetost. Spodbuja rast na vseh ravneh, spodbuja raziskovanje neznanega in odpira nova obzorja. Vpliv na telo Obsidian nudi vpogled v vzroke bolezni. Pomaga pri prebavi, razstruplja, raztaplja blokade in [&hellip;]<\/p>\n","protected":false},"author":1,"featured_media":0,"parent":0,"menu_order":0,"comment_status":"closed","ping_status":"closed","template":"","meta":{"om_disable_all_campaigns":false,"_monsterinsights_skip_tracking":false,"_monsterinsights_sitenote_active":false,"_monsterinsights_sitenote_note":"","_monsterinsights_sitenote_category":0,"footnotes":""},"class_list":["post-162","page","type-page","status-publish","hentry"],"jetpack_sharing_enabled":true,"_links":{"self":[{"href":"https:\/\/izdelki.zora-aurora.com\/index.php?rest_route=\/wp\/v2\/pages\/162","targetHints":{"allow":["GET"]}}],"collection":[{"href":"https:\/\/izdelki.zora-aurora.com\/index.php?rest_route=\/wp\/v2\/pages"}],"about":[{"href":"https:\/\/izdelki.zora-aurora.com\/index.php?rest_route=\/wp\/v2\/types\/page"}],"author":[{"embeddable":true,"href":"https:\/\/izdelki.zora-aurora.com\/index.php?rest_route=\/wp\/v2\/users\/1"}],"replies":[{"embeddable":true,"href":"https:\/\/izdelki.zora-aurora.com\/index.php?rest_route=%2Fwp%2Fv2%2Fcomments&post=162"}],"version-history":[{"count":3,"href":"https:\/\/izdelki.zora-aurora.com\/index.php?rest_route=\/wp\/v2\/pages\/162\/revisions"}],"predecessor-version":[{"id":239,"href":"https:\/\/izdelki.zora-aurora.com\/index.php?rest_route=\/wp\/v2\/pages\/162\/revisions\/239"}],"wp:attachment":[{"href":"https:\/\/izdelki.zora-aurora.com\/index.php?rest_route=%2Fwp%2Fv2%2Fmedia&parent=162"}],"curies":[{"name":"wp","href":"https:\/\/api.w.org\/{rel}","templated":true}]}}