{"id":157,"date":"2022-07-19T14:37:11","date_gmt":"2022-07-19T14:37:11","guid":{"rendered":"https:\/\/izdelki.zora-aurora.com\/?page_id=157"},"modified":"2022-08-09T17:19:45","modified_gmt":"2022-08-09T17:19:45","slug":"mesecev-kamen","status":"publish","type":"page","link":"https:\/\/izdelki.zora-aurora.com\/?page_id=157","title":{"rendered":"Mese\u010dev kamen"},"content":{"rendered":"\n<h2 class=\"wp-block-heading\">Mese\u010dev kamen<\/h2>\n\n\n\n<p>Mese\u010dev kamen je znan kot kamen popotnikov. \u0160e posebej varuje tiste, ki potujejo pono\u010di ali po vodi, ko sije luna.<br>Odpira srce za dajanje in sprejemanje ljubezni. Je odli\u010den kristal za prvo ali novo ljubezen in je tola\u017eljiv kristal, \u010de je treba ljubezen dr\u017eati v skrivnosti. Veljalo je tudi, da lahko ponovno zdru\u017ei ljubljene, ki so se raz\u0161li v jezi.<br>Mese\u010dev kamen je tudi kamen ljubezni in erotike, ki spodbuja kundalini energijo in telesne \u017eelje. Je vrhunski kristal plodnosti. Ogrlica iz mese\u010devega kamna, ki se nosi med ljubljenjem ob polni luni, telo uskladi z naravnim luninim ciklom.<br>Mese\u010dev kamen kot podporni kamen pomaga plesalcem in umetnikom pri njihovem samoizra\u017eanju, navdihuje srce in ob\u010dutek pri vodstvenih delavcih ter pomaga u\u010diteljem pri izmenjavi dejavnosti. Pove\u010duje samozadostnost natakarjev in natakaric ter spodbuja ob\u010dutljivost psihologov in tajnic.<br>Tola\u017ei vsakogar, ki se zaradi te\u017eav s telesno te\u017eo po\u010duti nemo\u010dnega. Spodbuja, da se \u010dlovek ljubi in ceni tak\u0161nega, kakr\u0161en je, in pomaga lo\u010devati hrano od \u010dustvenih potreb.<\/p>\n\n\n\n<figure class=\"wp-block-image size-full\"><img loading=\"lazy\" decoding=\"async\" width=\"587\" height=\"640\" src=\"https:\/\/izdelki.zora-aurora.com\/wp-content\/uploads\/2022\/07\/moonstone-g010d076e2_640.jpg\" alt=\"\" class=\"wp-image-158\" srcset=\"https:\/\/izdelki.zora-aurora.com\/wp-content\/uploads\/2022\/07\/moonstone-g010d076e2_640.jpg 587w, https:\/\/izdelki.zora-aurora.com\/wp-content\/uploads\/2022\/07\/moonstone-g010d076e2_640-275x300.jpg 275w\" sizes=\"auto, (max-width: 587px) 100vw, 587px\" \/><figcaption>Image by <a href=\"https:\/\/pixabay.com\/users\/whisperedsecrets-2349065\/?utm_source=link-attribution&amp;utm_medium=referral&amp;utm_campaign=image&amp;utm_content=1447240\">Annie Van Den Bergh<\/a> from <a href=\"https:\/\/pixabay.com\/?utm_source=link-attribution&amp;utm_medium=referral&amp;utm_campaign=image&amp;utm_content=1447240\">Pixabay<\/a><\/figcaption><\/figure>\n\n\n\n<h4 class=\"wp-block-heading\">Vpliv na telo<\/h4>\n\n\n\n<p>Mese\u010dev kamen pomaga uravnavati bioritem telesa in naravne energijske cikle. Mo\u010dno vpliva na \u017eenski reproduktivni sistem, pove\u010duje plodnost in spodbuja lahkotnost v nose\u010dnosti in porodu, bla\u017ei menstrualne te\u017eave in spremembe \u017eivljenja, uravnava hormonski sistem in odpravlja zadr\u017eevanje teko\u010dine.<br>Lahko deluje kot kamen za pomo\u010d rasti otrok in najstnikov in naj bi upo\u010dasnil degeneracijo starej\u0161ih. Lahko tudi ubla\u017ei degenerativna stanja ko\u017ee, las, o\u010di in mesnatih telesnih organov. Uporaben je pri zdravljenju nespe\u010dnosti in ustvarjanju koristnih sanj.<br>Mese\u010dev kamen se lahko uporablja tudi za izbolj\u0161anje asimilacije hranil, odstranjevanje toksinov in zdravljenje motenj prebavnega in izlo\u010dilnega sistema.<\/p>\n\n\n\n<h4 class=\"wp-block-heading\">Vpliv na \u010dustva<\/h4>\n\n\n\n<p>Mese\u010dev kamen je \u017ee dolgo znan po svojih pomirjujo\u010dih u\u010dinkih na \u010dustveno telo. Njegova energija je uravnote\u017eenje in zdravljenje, ki pomaga pri obvladovanju \u010dustev, tako da jih podreja vi\u0161ji volji, namesto da bi jih izrazila ali potla\u010dila. Pomaga tudi pri prepoznavanju \u010dustvenih vzorcev, ki so shranjeni v podzavesti, in slu\u017ei kot varuh pred eksplozivnimi strastmi ter spodbuja samozavest in umirjenost.<br>Mese\u010dev kamen podarja globino ob\u010dutka, ne\u017enost znotraj sebe, ki prina\u0161a sre\u010do okolju, v katerem prebiva. V povezavi z \u017eensko pove\u010duje intuitivno stran uma. Mese\u010dev kamen \u017eenskam razkrije njihovo \u017eensko mo\u010d in sposobnosti jasnovidnosti in poraja kundalini energijo. Mese\u010dev kamen pomaga mo\u0161kim, da se bolj uskladijo z \u017eenskimi vidiki svoje narave, spodbuja desno stran mo\u017eganov, nelinearno razmi\u0161ljanje in \u010dustveno ravnovesje.<br>Mese\u010dev kamen \u0161e posebej pomirja otroke. Pono\u010di pomirja tiste, ki so od doma, odganja no\u010dne more in spodbuja spanje. Uporablja se tudi za zdravljenje hoje v spanju.<\/p>\n\n\n\n<h4 class=\"wp-block-heading\">Vpliv na du\u0161o<\/h4>\n\n\n\n<p>Energije belih kristalov, prisotne v vseh mese\u010devih kamnih, so povezane s kronsko \u010dakro in na\u0161im duhovnim sredi\u0161\u010dem. Predstavljajo osebno poistovetitev z Neskon\u010dnim in enost z Bogom, mirom in modrostjo.<br>Kronska \u010dakra se nahaja na vrhu glave in je na\u0161a vrata v raz\u0161irjeno vesolje onkraj na\u0161ih teles. Nadzira, kako razmi\u0161ljamo in kako se odzivamo na svet okoli nas. Je izvor na\u0161ih prepri\u010danj in vir na\u0161e duhovnosti. Povezuje nas z vi\u0161jimi ravnmi bivanja in je vir univerzalne energije in resnice. Ko je krona v ravnovesju, so na\u0161e energije v ravnovesju. Poznamo svoje mesto v vesolju in stvari vidimo tak\u0161ne, kot so. Problemi nas ne motijo, saj vemo, da so bistveni del \u017eivljenja.<br>Moonstone o\u010disti in od\u017eene negativnost iz vseh \u010daker ter zagotavlja dodatno energijo in podporo pri uravnote\u017eenju fizi\u010dnega, \u010dustvenega in intelektualnega telesa. Zagotavlja duhovno oskrbo in podporo, ki \u010dloveku pomaga skozi vse spremembe.<br>Moonstone odpira um upanju in \u017eelji, navdihu in impulzu, naklju\u010dnosti in sinhronosti. Prina\u0161a utrinke vpogleda in prepre\u010duje, da bi eden negativno pregnal mo\u017enosti. Vendar omogo\u010da intuitivno prepoznavanje in absorbcijo tistega, kar je potrebno iz vesolja (ne nujno tisto, kar si zavestno \u017eelimo).<\/p>\n\n\n\n<figure class=\"wp-block-image size-full\"><img loading=\"lazy\" decoding=\"async\" width=\"640\" height=\"400\" src=\"https:\/\/izdelki.zora-aurora.com\/wp-content\/uploads\/2022\/07\/moonstone-gcf3c409eb_640-edited.jpg\" alt=\"\" class=\"wp-image-160\" srcset=\"https:\/\/izdelki.zora-aurora.com\/wp-content\/uploads\/2022\/07\/moonstone-gcf3c409eb_640-edited.jpg 640w, https:\/\/izdelki.zora-aurora.com\/wp-content\/uploads\/2022\/07\/moonstone-gcf3c409eb_640-edited-300x188.jpg 300w\" sizes=\"auto, (max-width: 640px) 100vw, 640px\" \/><figcaption>Image by <a href=\"https:\/\/pixabay.com\/users\/josahalyssamoreno-20884646\/?utm_source=link-attribution&amp;utm_medium=referral&amp;utm_campaign=image&amp;utm_content=6200519\">josahalyssamoreno<\/a> from <a href=\"https:\/\/pixabay.com\/?utm_source=link-attribution&amp;utm_medium=referral&amp;utm_campaign=image&amp;utm_content=6200519\">Pixabay<\/a><\/figcaption><\/figure>\n\n\n\n<p><sub>Vir: https:\/\/www.crystalvaults.com\/crystal-encyclopedia\/moonstone\/<\/sub><\/p>\n","protected":false},"excerpt":{"rendered":"<p>Mese\u010dev kamen Mese\u010dev kamen je znan kot kamen popotnikov. \u0160e posebej varuje tiste, ki potujejo pono\u010di ali po vodi, ko sije luna.Odpira srce za dajanje in sprejemanje ljubezni. Je odli\u010den kristal za prvo ali novo ljubezen in je tola\u017eljiv kristal, \u010de je treba ljubezen dr\u017eati v skrivnosti. Veljalo je tudi, da lahko ponovno zdru\u017ei ljubljene, [&hellip;]<\/p>\n","protected":false},"author":1,"featured_media":0,"parent":0,"menu_order":0,"comment_status":"closed","ping_status":"closed","template":"","meta":{"om_disable_all_campaigns":false,"_monsterinsights_skip_tracking":false,"_monsterinsights_sitenote_active":false,"_monsterinsights_sitenote_note":"","_monsterinsights_sitenote_category":0,"footnotes":""},"class_list":["post-157","page","type-page","status-publish","hentry"],"jetpack_sharing_enabled":true,"_links":{"self":[{"href":"https:\/\/izdelki.zora-aurora.com\/index.php?rest_route=\/wp\/v2\/pages\/157","targetHints":{"allow":["GET"]}}],"collection":[{"href":"https:\/\/izdelki.zora-aurora.com\/index.php?rest_route=\/wp\/v2\/pages"}],"about":[{"href":"https:\/\/izdelki.zora-aurora.com\/index.php?rest_route=\/wp\/v2\/types\/page"}],"author":[{"embeddable":true,"href":"https:\/\/izdelki.zora-aurora.com\/index.php?rest_route=\/wp\/v2\/users\/1"}],"replies":[{"embeddable":true,"href":"https:\/\/izdelki.zora-aurora.com\/index.php?rest_route=%2Fwp%2Fv2%2Fcomments&post=157"}],"version-history":[{"count":2,"href":"https:\/\/izdelki.zora-aurora.com\/index.php?rest_route=\/wp\/v2\/pages\/157\/revisions"}],"predecessor-version":[{"id":233,"href":"https:\/\/izdelki.zora-aurora.com\/index.php?rest_route=\/wp\/v2\/pages\/157\/revisions\/233"}],"wp:attachment":[{"href":"https:\/\/izdelki.zora-aurora.com\/index.php?rest_route=%2Fwp%2Fv2%2Fmedia&parent=157"}],"curies":[{"name":"wp","href":"https:\/\/api.w.org\/{rel}","templated":true}]}}