{"id":153,"date":"2022-07-19T14:23:58","date_gmt":"2022-07-19T14:23:58","guid":{"rendered":"https:\/\/izdelki.zora-aurora.com\/?page_id=153"},"modified":"2022-08-09T17:19:21","modified_gmt":"2022-08-09T17:19:21","slug":"lapis-lazuli","status":"publish","type":"page","link":"https:\/\/izdelki.zora-aurora.com\/?page_id=153","title":{"rendered":"Lapis lazuli"},"content":{"rendered":"\n<h2 class=\"wp-block-heading\">Lapis lazuli<\/h2>\n\n\n\n<p>Spodbuja samozavedanje, omogo\u010da samoizra\u017eanje in razkriva notranjo resnico, po\u0161tenost, so\u010dutje in moralo. Spodbuja objektivnost, jasnost in spodbuja ustvarjalnost. Lapis lazuli pomaga, da se soo\u010dite in govorite svojo resnico ter vzbuja zaupanje.<\/p>\n\n\n\n<figure class=\"wp-block-image size-full\"><img loading=\"lazy\" decoding=\"async\" width=\"640\" height=\"480\" src=\"https:\/\/izdelki.zora-aurora.com\/wp-content\/uploads\/2022\/07\/lapis-lazuli-gaa701313f_640.jpg\" alt=\"\" class=\"wp-image-154\" srcset=\"https:\/\/izdelki.zora-aurora.com\/wp-content\/uploads\/2022\/07\/lapis-lazuli-gaa701313f_640.jpg 640w, https:\/\/izdelki.zora-aurora.com\/wp-content\/uploads\/2022\/07\/lapis-lazuli-gaa701313f_640-300x225.jpg 300w\" sizes=\"auto, (max-width: 640px) 100vw, 640px\" \/><figcaption>Image by <a href=\"https:\/\/pixabay.com\/users\/rikkerst-11906\/?utm_source=link-attribution&amp;utm_medium=referral&amp;utm_campaign=image&amp;utm_content=261309\">rikkerst<\/a> from <a href=\"https:\/\/pixabay.com\/?utm_source=link-attribution&amp;utm_medium=referral&amp;utm_campaign=image&amp;utm_content=261309\">Pixabay<\/a><\/figcaption><\/figure>\n\n\n\n<h4 class=\"wp-block-heading\">Vpliv na telo<\/h4>\n\n\n\n<p>Lapis lazuli je koristen za grlo in glasilke ter pomaga uravnavati endokrine in \u0161\u010ditni\u010dne \u017eleze. Pomaga pri izgubi sluha in drugih te\u017eavah z u\u0161esnimi in nosnimi prehodi.<br>Lapis lazuli izbolj\u0161a cirkulacijo in sr\u010dni ritem. Zmanj\u0161uje vrtoglavico in zni\u017euje krvni tlak in naj bi bla\u017eil nespe\u010dnost.<br>Koristen je za \u017eenske, ki trpijo zaradi menstrualnih nepravilnosti, bla\u017ei kr\u010de, otrdelost in lumbago. Laj\u0161a splo\u0161ne bole\u010dine in vnetja, \u0161e posebej u\u010dinkovit pa je proti migrenskim glavobolom. Pomaga \u017eiv\u010dnemu sistemu in mo\u017eganskim motnjam, naj bi pomagal pri pomanjkanju pozornosti, avtizmu in Aspergerjevem sindromu.<\/p>\n\n\n\n<h4 class=\"wp-block-heading\">Vpliv na \u010dustva<\/h4>\n\n\n\n<p>Lapis lazuli je kristal resnice v vseh pogledih. Razkriva notranjo resnico in spodbuja samozavedanje in sprejemanje ugotovljenega. Pripomore k olaj\u0161anju stvari, ki so bile morda potla\u010dene, in jim omogo\u010da, da pridejo na povr\u0161je. Pomaga zmanj\u0161ati nelagodje ali potla\u010deno jezo in omogo\u010da samoizra\u017eanje brez zadr\u017eevanja ali kompromisov. Lapis spodbuja dostojanstvo v prijateljstvu in dru\u017ebi. Spodbuja lastnosti po\u0161tenosti, so\u010dutja in pokon\u010dnosti v odnosih z drugimi. Omogo\u010da zavedanje svojih motivacij in prepri\u010danj ter daje jasnej\u0161o perspektivo celotnega \u017eivljenja. Ne odkriva le svojih omejitev, temve\u010d tudi mo\u017enosti za rast in uporabo svojih darov in sposobnosti.<\/p>\n\n\n\n<h4 class=\"wp-block-heading\">Vpliv na du\u0161o<\/h4>\n\n\n\n<p>Lapis je eden najstarej\u0161ih duhovnih kamnov, ki jih \u010dlovek pozna, uporabljali so ga zdravilci, duhovniki in kraljevi \u010dlani, za mo\u010d, modrost in za spodbujanje psihi\u010dnih sposobnosti in notranjega vida. Predstavlja univerzalno resnico.<\/p>\n\n\n\n<p>Lapis hitro sprosti stres, ki omogo\u010da mir in spokojnost. Postavljen nad tretje oko, Lapis \u0161iri zavedanje in zavestno ugla\u0161evanje na intuitivni jaz, spodbuja razsvetljenje in krepi sanjsko delo. Omogo\u010da duhovno potovanje in uporabo osebne in duhovne mo\u010di. Lapis zagotavlja povezavo s sanjskimi silami, ki v vi\u0161jih stanjih zavedanja delujejo tako, da vodijo in svetujejo.<\/p>\n\n\n\n<p>Lapis lazuli kot za\u0161\u010ditni kamen prepozna psihi\u010dni napad, ga blokira ter vrne energijo nazaj k izvoru.<\/p>\n\n\n\n<p>Aktivira psihi\u010dne centre v tretjem o\u010desu in uravnava energije grlene \u010dakre. \u010cakra obrvi, imenovana tudi tretje oko, je sredi\u0161\u010de na\u0161ega dojemanja in odlo\u010danja. Usmerja na\u0161 pogled in vsakodnevno zavedanje sveta. Na\u0161a zavest se nahaja tukaj in s to \u010dakro se povezujemo sami s seboj.<\/p>\n\n\n\n<p>Uravnote\u017ei pomembno in nepomembno, pri \u010demer razvr\u0161\u010da pomen iz podatkov in vtisov. Vodi pretok energije v telesu. Ko je \u010delna \u010dakra v ravnovesju, jasno vidimo in razumemo, kar vidimo. Vizualne znake si lahko razlagamo in na\u0161e zaznavanje je visoko. Na\u0161e misli in notranja komunikacija je zdrava in \u017eivahna. Odprti smo za nove ideje, sanje in vizije. Pretok energije lahko nadzorujemo v vseh \u010dakrah. Grlena \u010dakra je glas telesa, tla\u010dni ventil, ki omogo\u010da izra\u017eanje energije iz drugih \u010daker. \u010ce je blokiran ali je v neravnovesju, lahko vpliva na zdravje drugih \u010daker. V ravnovesju omogo\u010da izra\u017eanje tega, kar mislimo in \u010dutimo. Sporo\u010damo lahko svoje ideje, prepri\u010danja in \u010dustva. Ko je grlena \u010dakra v ravnovesju in odprta, lahko svojo osebno resnico razkrijemo na svet. V telesu in duhu imamo enostaven pretok energije. Energija, ki izvira iz spodnjih \u010daker, lahko nadaljuje pot, ki omogo\u010da prosto izra\u017eanje in naravno spro\u0161\u010danje. Energija modrih kristalov odblokira in uravnote\u017ei grleno \u010dakro.<\/p>\n\n\n\n<figure class=\"wp-block-image size-full\"><img loading=\"lazy\" decoding=\"async\" width=\"640\" height=\"424\" src=\"https:\/\/izdelki.zora-aurora.com\/wp-content\/uploads\/2022\/07\/lapis-lazuli-gd8937dd49_640.jpg\" alt=\"\" class=\"wp-image-155\" srcset=\"https:\/\/izdelki.zora-aurora.com\/wp-content\/uploads\/2022\/07\/lapis-lazuli-gd8937dd49_640.jpg 640w, https:\/\/izdelki.zora-aurora.com\/wp-content\/uploads\/2022\/07\/lapis-lazuli-gd8937dd49_640-300x199.jpg 300w\" sizes=\"auto, (max-width: 640px) 100vw, 640px\" \/><figcaption>Image by <a href=\"https:\/\/pixabay.com\/users\/weblab24_siti_web-2190565\/?utm_source=link-attribution&amp;utm_medium=referral&amp;utm_campaign=image&amp;utm_content=5086836\">Eugenio Cuppone<\/a> from <a href=\"https:\/\/pixabay.com\/?utm_source=link-attribution&amp;utm_medium=referral&amp;utm_campaign=image&amp;utm_content=5086836\">Pixabay<\/a><\/figcaption><\/figure>\n","protected":false},"excerpt":{"rendered":"<p>Lapis lazuli Spodbuja samozavedanje, omogo\u010da samoizra\u017eanje in razkriva notranjo resnico, po\u0161tenost, so\u010dutje in moralo. Spodbuja objektivnost, jasnost in spodbuja ustvarjalnost. Lapis lazuli pomaga, da se soo\u010dite in govorite svojo resnico ter vzbuja zaupanje. Vpliv na telo Lapis lazuli je koristen za grlo in glasilke ter pomaga uravnavati endokrine in \u0161\u010ditni\u010dne \u017eleze. Pomaga pri izgubi sluha [&hellip;]<\/p>\n","protected":false},"author":1,"featured_media":0,"parent":0,"menu_order":0,"comment_status":"closed","ping_status":"closed","template":"","meta":{"om_disable_all_campaigns":false,"_monsterinsights_skip_tracking":false,"_monsterinsights_sitenote_active":false,"_monsterinsights_sitenote_note":"","_monsterinsights_sitenote_category":0,"footnotes":""},"class_list":["post-153","page","type-page","status-publish","hentry"],"jetpack_sharing_enabled":true,"_links":{"self":[{"href":"https:\/\/izdelki.zora-aurora.com\/index.php?rest_route=\/wp\/v2\/pages\/153","targetHints":{"allow":["GET"]}}],"collection":[{"href":"https:\/\/izdelki.zora-aurora.com\/index.php?rest_route=\/wp\/v2\/pages"}],"about":[{"href":"https:\/\/izdelki.zora-aurora.com\/index.php?rest_route=\/wp\/v2\/types\/page"}],"author":[{"embeddable":true,"href":"https:\/\/izdelki.zora-aurora.com\/index.php?rest_route=\/wp\/v2\/users\/1"}],"replies":[{"embeddable":true,"href":"https:\/\/izdelki.zora-aurora.com\/index.php?rest_route=%2Fwp%2Fv2%2Fcomments&post=153"}],"version-history":[{"count":2,"href":"https:\/\/izdelki.zora-aurora.com\/index.php?rest_route=\/wp\/v2\/pages\/153\/revisions"}],"predecessor-version":[{"id":232,"href":"https:\/\/izdelki.zora-aurora.com\/index.php?rest_route=\/wp\/v2\/pages\/153\/revisions\/232"}],"wp:attachment":[{"href":"https:\/\/izdelki.zora-aurora.com\/index.php?rest_route=%2Fwp%2Fv2%2Fmedia&parent=153"}],"curies":[{"name":"wp","href":"https:\/\/api.w.org\/{rel}","templated":true}]}}