{"id":15,"date":"2022-06-14T14:31:17","date_gmt":"2022-06-14T14:31:17","guid":{"rendered":"https:\/\/izdelki.zora-aurora.com\/?page_id=15"},"modified":"2023-06-02T14:12:56","modified_gmt":"2023-06-02T14:12:56","slug":"tonik-za-lasisce","status":"publish","type":"page","link":"https:\/\/izdelki.zora-aurora.com\/?page_id=15","title":{"rendered":"Tonik za lasi\u0161\u010de"},"content":{"rendered":"\n<h2 class=\"wp-block-heading\">Tonik za lasi\u0161\u010de<\/h2>\n\n\n\n<p><strong>Pomaga pri raznovrstnih te\u017eavah lasi\u0161\u010da kot so redki lasje, ple\u0161a, prhljaj, sivi lasje, slabo ravnovesje olj<\/strong>&#8230; Lahko pomaga tudi pri glavobolu in drugih te\u017eavah z glavo. Pri dolgotrajnih te\u017eavah, kot je ple\u0161avost, je potrebna redna dolgotrajna uporaba (ve\u010d mesecev do enega leta) preden so vidni rezultati. Vsebuje 25% <a href=\"https:\/\/izdelki.zora-aurora.com\/?page_id=5\">DMSO <\/a>in eteri\u010dna olja. Ko s pomo\u010djo <a href=\"https:\/\/izdelki.zora-aurora.com\/?page_id=5\">DMSO<\/a>ja eteri\u010dna olja prehajajo preko ko\u017ee, se lahko pojavi srbe\u010d ob\u010dutek. Z redno uporabo postane lasi\u0161\u010de manj ob\u010dutljivo.<\/p>\n\n\n\n<p><strong>Navodila za uporabo:<\/strong> Mesto nanosa mora biti \u010disto in brez drugih preparatov. Pred uporabo je lasi\u0161\u010de najbolje oprati z naravnim \u0161amponom in po\u010dakati, da je lasi\u0161\u010de popolnoma suho. Tonik pretresemo in nanesemo po \u017eeljeni povr\u0161ini in po\u010dakamo vsaj 20 min preden se povr\u0161ine dotikamo ali pokrivamo. Tonika ne nana\u0161amo na sve\u017ee pobarvane lase, po\u010dakamo vsaj 2-3 pranja. Pred prvo uporabo preverimo ob\u010dutljivost na manj\u0161em delu lasi\u0161\u010da. Rahlo peko\u010d in srbe\u010d ob\u010dutek je normalen, ki izgine po 30-60 min in je manj\u0161i z dolgoro\u010dno uporabo. \u010ce je ob\u010dutek nevzdr\u017een, speremo ali razred\u010dimo z destilirano vodo ali koloidnim srebrom.<\/p>\n\n\n\n<p><strong>Sestavine:<\/strong> destilirana voda, <a href=\"https:\/\/izdelki.zora-aurora.com\/?page_id=5\">DMSO<\/a> (dimetilsulfoksid), aloe vera sok, eteri\u010dna olja (ro\u017emarin, meta, cedra)<\/p>\n\n\n\n<p><strong>OPOZORILO:<\/strong> izdelek vsebuje <a href=\"https:\/\/izdelki.zora-aurora.com\/?page_id=5\">DMSO<\/a>, zato ga nana\u0161amo le na \u010disto lasi\u0161\u010de. Ne kombiniramo z drugimi izdelki. Naj ne pride v stik s kemikalijami, lakiranimi nohti, tetova\u017eami, \u010distili, izdelki za lase, li\u010dili ipd. Vsaj 20 min po nanosu se mesta nanosa ne dotikamo z ni\u010demer. Hranimo stran od kemikalij.<\/p>\n\n\n\n<h4 class=\"wp-block-heading\">Komentarji<\/h4>\n\n\n<div class=\"wp-block-comments-wpdiscuz is-layout-flow wp-block-wpdiscuz-is-layout-flow\"><div><\/div><\/div>\n\n<nav class=\"has-background has-secondary-background-color has-small-font-size is-responsive wp-block-navigation is-layout-flex wp-container-core-navigation-is-layout-2ef7da5a wp-block-navigation-is-layout-flex\" aria-label=\"Navigation DMSO\" \n\t\t data-wp-interactive=\"core\/navigation\" data-wp-context='{\"overlayOpenedBy\":{\"click\":false,\"hover\":false,\"focus\":false},\"type\":\"overlay\",\"roleAttribute\":\"\",\"ariaLabel\":\"Menu\"}'><button aria-haspopup=\"dialog\" aria-label=\"Open menu\" class=\"wp-block-navigation__responsive-container-open\" \n\t\t\t\tdata-wp-on-async--click=\"actions.openMenuOnClick\"\n\t\t\t\tdata-wp-on--keydown=\"actions.handleMenuKeydown\"\n\t\t\t><svg width=\"24\" height=\"24\" xmlns=\"http:\/\/www.w3.org\/2000\/svg\" viewBox=\"0 0 24 24\" aria-hidden=\"true\" focusable=\"false\"><rect x=\"4\" y=\"7.5\" width=\"16\" height=\"1.5\" \/><rect x=\"4\" y=\"15\" width=\"16\" height=\"1.5\" \/><\/svg><\/button>\n\t\t\t\t<div class=\"wp-block-navigation__responsive-container\"  id=\"modal-1\" \n\t\t\t\tdata-wp-class--has-modal-open=\"state.isMenuOpen\"\n\t\t\t\tdata-wp-class--is-menu-open=\"state.isMenuOpen\"\n\t\t\t\tdata-wp-watch=\"callbacks.initMenu\"\n\t\t\t\tdata-wp-on--keydown=\"actions.handleMenuKeydown\"\n\t\t\t\tdata-wp-on-async--focusout=\"actions.handleMenuFocusout\"\n\t\t\t\ttabindex=\"-1\"\n\t\t\t>\n\t\t\t\t\t<div class=\"wp-block-navigation__responsive-close\" tabindex=\"-1\">\n\t\t\t\t\t\t<div class=\"wp-block-navigation__responsive-dialog\" \n\t\t\t\tdata-wp-bind--aria-modal=\"state.ariaModal\"\n\t\t\t\tdata-wp-bind--aria-label=\"state.ariaLabel\"\n\t\t\t\tdata-wp-bind--role=\"state.roleAttribute\"\n\t\t\t>\n\t\t\t\t\t\t\t<button aria-label=\"Close menu\" class=\"wp-block-navigation__responsive-container-close\" \n\t\t\t\tdata-wp-on-async--click=\"actions.closeMenuOnClick\"\n\t\t\t><svg xmlns=\"http:\/\/www.w3.org\/2000\/svg\" viewBox=\"0 0 24 24\" width=\"24\" height=\"24\" aria-hidden=\"true\" focusable=\"false\"><path d=\"m13.06 12 6.47-6.47-1.06-1.06L12 10.94 5.53 4.47 4.47 5.53 10.94 12l-6.47 6.47 1.06 1.06L12 13.06l6.47 6.47 1.06-1.06L13.06 12Z\"><\/path><\/svg><\/button>\n\t\t\t\t\t\t\t<div class=\"wp-block-navigation__responsive-container-content\" \n\t\t\t\tdata-wp-watch=\"callbacks.focusFirstElement\"\n\t\t\t id=\"modal-1-content\">\n\t\t\t\t\t\t\t\t<ul class=\"wp-block-navigation__container has-background has-secondary-background-color has-small-font-size is-responsive wp-block-navigation has-small-font-size\"><li class=\"has-small-font-size wp-block-navigation-item wp-block-navigation-link\"><a class=\"wp-block-navigation-item__content\"  href=\"https:\/\/izdelki.zora-aurora.com\/?page_id=5\"><span class=\"wp-block-navigation-item__label\">Kaj je DMSO \u2013 dimetilsulfoksid<\/span><\/a><\/li><li class=\"has-small-font-size wp-block-navigation-item wp-block-navigation-link\"><a class=\"wp-block-navigation-item__content\"  href=\"https:\/\/izdelki.zora-aurora.com\/?page_id=28\"><span class=\"wp-block-navigation-item__label\">Krema za obraz Mladost<\/span><\/a><\/li><li class=\"has-small-font-size wp-block-navigation-item wp-block-navigation-link\"><a class=\"wp-block-navigation-item__content\"  href=\"https:\/\/izdelki.zora-aurora.com\/?page_id=39\"><span class=\"wp-block-navigation-item__label\">Krema proti vnetju, revmi Vnetko<\/span><\/a><\/li><li class=\"has-small-font-size wp-block-navigation-item wp-block-navigation-link\"><a class=\"wp-block-navigation-item__content\"  href=\"https:\/\/izdelki.zora-aurora.com\/?page_id=15\"><span class=\"wp-block-navigation-item__label\">Tonik za lasi\u0161\u010de<\/span><\/a><\/li><li class=\"has-small-font-size wp-block-navigation-item wp-block-navigation-link\"><a class=\"wp-block-navigation-item__content\"  href=\"https:\/\/izdelki.zora-aurora.com\/?page_id=23\"><span class=\"wp-block-navigation-item__label\">Tonik proti glivicam<\/span><\/a><\/li><\/ul>\n\t\t\t\t\t\t\t<\/div>\n\t\t\t\t\t\t<\/div>\n\t\t\t\t\t<\/div>\n\t\t\t\t<\/div><\/nav>","protected":false},"excerpt":{"rendered":"<p>Tonik za lasi\u0161\u010de Pomaga pri raznovrstnih te\u017eavah lasi\u0161\u010da kot so redki lasje, ple\u0161a, prhljaj, sivi lasje, slabo ravnovesje olj&#8230; Lahko pomaga tudi pri glavobolu in drugih te\u017eavah z glavo. Pri dolgotrajnih te\u017eavah, kot je ple\u0161avost, je potrebna redna dolgotrajna uporaba (ve\u010d mesecev do enega leta) preden so vidni rezultati. Vsebuje 25% DMSO in eteri\u010dna olja. [&hellip;]<\/p>\n","protected":false},"author":1,"featured_media":0,"parent":0,"menu_order":0,"comment_status":"open","ping_status":"closed","template":"","meta":{"om_disable_all_campaigns":false,"_monsterinsights_skip_tracking":false,"_monsterinsights_sitenote_active":false,"_monsterinsights_sitenote_note":"","_monsterinsights_sitenote_category":0,"footnotes":""},"class_list":["post-15","page","type-page","status-publish","hentry"],"jetpack_sharing_enabled":true,"_links":{"self":[{"href":"https:\/\/izdelki.zora-aurora.com\/index.php?rest_route=\/wp\/v2\/pages\/15","targetHints":{"allow":["GET"]}}],"collection":[{"href":"https:\/\/izdelki.zora-aurora.com\/index.php?rest_route=\/wp\/v2\/pages"}],"about":[{"href":"https:\/\/izdelki.zora-aurora.com\/index.php?rest_route=\/wp\/v2\/types\/page"}],"author":[{"embeddable":true,"href":"https:\/\/izdelki.zora-aurora.com\/index.php?rest_route=\/wp\/v2\/users\/1"}],"replies":[{"embeddable":true,"href":"https:\/\/izdelki.zora-aurora.com\/index.php?rest_route=%2Fwp%2Fv2%2Fcomments&post=15"}],"version-history":[{"count":10,"href":"https:\/\/izdelki.zora-aurora.com\/index.php?rest_route=\/wp\/v2\/pages\/15\/revisions"}],"predecessor-version":[{"id":455,"href":"https:\/\/izdelki.zora-aurora.com\/index.php?rest_route=\/wp\/v2\/pages\/15\/revisions\/455"}],"wp:attachment":[{"href":"https:\/\/izdelki.zora-aurora.com\/index.php?rest_route=%2Fwp%2Fv2%2Fmedia&parent=15"}],"curies":[{"name":"wp","href":"https:\/\/api.w.org\/{rel}","templated":true}]}}