{"id":149,"date":"2022-07-19T14:17:43","date_gmt":"2022-07-19T14:17:43","guid":{"rendered":"https:\/\/izdelki.zora-aurora.com\/?page_id=149"},"modified":"2022-09-26T14:21:33","modified_gmt":"2022-09-26T14:21:33","slug":"kamena-strela","status":"publish","type":"page","link":"https:\/\/izdelki.zora-aurora.com\/?page_id=149","title":{"rendered":"Kamena strela"},"content":{"rendered":"\n<h2 class=\"wp-block-heading\">Kamena strela &#8211; kremen<\/h2>\n\n\n\n<p>Navaden, a izjemen, barvit in bister, kremen je najpogostej\u0161i in naj\u0161tevilnej\u0161i kristal na svetu, saj predstavlja najve\u010djo in najrazli\u010dnej\u0161o dru\u017eino v rudninskem kraljestvu. Od anti\u010dnih \u010dasov in vse do danes je kremen \u010dlove\u0161tvu &nbsp;predstavljal vir svetlobe. Edinstveni atributi kremena, ki so jih duhovni voditelji, zdravilci in znanstveniki zelo cenili, so imeli klju\u010dno vlogo v evolucijskem razvoju \u010dlove\u0161tva.<\/p>\n\n\n\n<p>Kremen je cenjen zaradi svojih piezoelektri\u010dnih in piroelektri\u010dnih lastnosti, s katerimi lahko mehanski tlak ali toploto pretvori v elektromagnetno energijo in obratno. Njegova sposobnost fokusiranja, oja\u010devanja, shranjevanja in preoblikovanja energije se po vsem svetu tehnologije uporablja v ultrazvo\u010dnih napravah, urah, mikrofonih, radijskih oddajnikih in sprejemnikih, pomnilni\u0161kih \u010dipih v ra\u010dunalnikih in drugih elektronskih vezjih.<\/p>\n\n\n\n<p>Zaradi enakih lastnosti oja\u010danja energije, programabilnosti in spomina je kamena strela tudi najbolj vsestranski in ve\u010ddimenzionalen kristal v mineralnem kraljestvu za zdravljenje, meditacijo, \u0161irjenje zavesti, komunikacijo z vodniki, odpoklic iz preteklih \u017eivljenj, privabljanje ljubezni ali blaginje ali skoraj vsak namen. Vendar s to mo\u010djo prihaja tudi odgovornost. Da bi lahko izkoristili blagoslove kamene strele, se moramo po\u010dutiti v harmoniji z njo in si zaslu\u017eiti njene darove. Namen, ki ni za najvi\u0161je dobro, neizogibno vrne nase \u0161kodo.<\/p>\n\n\n\n<p>Kremen je odli\u010den za oja\u010danje energij drugih kamnov ali za skupine kamnov in je idealen za kristalne mre\u017ee.<\/p>\n\n\n\n<figure class=\"wp-block-image size-full\"><img loading=\"lazy\" decoding=\"async\" width=\"640\" height=\"480\" src=\"https:\/\/izdelki.zora-aurora.com\/wp-content\/uploads\/2022\/07\/rock-crystal-gb6bb25ee0_640.jpg\" alt=\"\" class=\"wp-image-150\" srcset=\"https:\/\/izdelki.zora-aurora.com\/wp-content\/uploads\/2022\/07\/rock-crystal-gb6bb25ee0_640.jpg 640w, https:\/\/izdelki.zora-aurora.com\/wp-content\/uploads\/2022\/07\/rock-crystal-gb6bb25ee0_640-300x225.jpg 300w\" sizes=\"auto, (max-width: 640px) 100vw, 640px\" \/><figcaption>Image by <a href=\"https:\/\/pixabay.com\/users\/alusruvi-633215\/?utm_source=link-attribution&amp;utm_medium=referral&amp;utm_campaign=image&amp;utm_content=1603480\">alusruvi<\/a> from <a href=\"https:\/\/pixabay.com\/?utm_source=link-attribution&amp;utm_medium=referral&amp;utm_campaign=image&amp;utm_content=1603480\">Pixabay<\/a><\/figcaption><\/figure>\n\n\n\n<h4 class=\"wp-block-heading\">Vpliv na telo<\/h4>\n\n\n\n<p>Kamena strela je glavni kristal za zdravljenje in se lahko uporablja pri kateremkoli problemu. Naj bi spodbujali imunski in krvo\u017eilni sistem, pove\u010deval pretok energije in telo spravili v ravnovesje. Uporabljali so ga za zdravljenje migrenskih glavobolov, vrtoglavice, za stabilizacijo vrtoglavice ali gibalnih bolezni in naj bi pomagal pri metabolizmu, iz\u010drpanosti in izgubi te\u017ee.<br>Clear Quartz bla\u017ei bole\u010de ali po\u0161kodovane predele, zlasti opekline, tako da odstranjuje bole\u010dino in mehur\u010dke.<\/p>\n\n\n\n<h4 class=\"wp-block-heading\">Vpliv na \u010dustva<\/h4>\n\n\n\n<p>Kamena strela deluje kot kristal za globinsko \u010di\u0161\u010denje du\u0161, ki \u010disti in krepi notranjo strukturo telesa in obdajajo\u010da subtilna telesa, da fizi\u010dno dimenzijo pove\u017ee z umom. Pre\u010disti notranjo negativnost v pozitivne misli in ob\u010dutke. Z bolj\u0161im dojemanjem sveta kremen pove\u010duje zavest in jasnost v razmi\u0161ljanju ter zagotavlja ve\u010djo energijo, vztrajnost in potrpljenje ter u\u010di \u010dloveka \u017eiveti, se smejati in ljubiti.<\/p>\n\n\n\n<h4 class=\"wp-block-heading\">Vpliv na du\u0161o<\/h4>\n\n\n\n<p>Tako kot ljudje je tudi vsak kristal kremena edinstven, vsak ima svojo osebnost, lekcije in izku\u0161nje. Kristali, ki jih pritegnemo v svoje \u017eivljenje, so kamni, ki bodo na nek na\u010din pripomogli k osebni rasti in zavedanju. Morda delujejo subliminalno v neprebujenih mislih, toda za tiste, ki so duhovno ugla\u0161eni z vesoljem, so kristali kremena kot svetilniki svetlobe in pozitivne energije, ki jih je treba uporabljati v vsakdanjih mislih, ob\u010dutkih, besedah in dejanjih ter jih integrirati z zemljo.<\/p>\n\n\n\n<p>Kot povezava med fizi\u010dno razse\u017enostjo in duhovno, kremen krepi komunikacijo z rastlinami, \u017eivalmi, minerali ter pri govoru z bo\u017eanskimi mojstri, u\u010ditelji in zdravilci ter prejemanju informacij. Njegova naravna te\u017enja je k harmoniji in tistim, ki z njo odmevajo, daje smisel.<\/p>\n\n\n\n<p>Ker ima kremen prizmati\u010dno sposobnost vibriranja svoje energije na vseh barvnih frekvencah, ne le usklajuje vse \u010dakre, temve\u010d nas lahko nau\u010di, kako vibrirati na\u0161ih sedem centrov \u010daker hkrati, hkrati pa ohranja popolno poravnavo s svetlobo. Kremen je \u0161e posebej koristen za stimulacijo kronske \u010dakre. Kronska \u010dakra se nahaja na vrhu glave in je na\u0161 prehod v raz\u0161irjeno vesolje onkraj na\u0161ih teles. Nadzira, kako razmi\u0161ljamo in kako se odzivamo na svet okoli nas. Je izvor na\u0161ih prepri\u010danj in vir na\u0161e duhovnosti. Povezuje nas z vi\u0161jimi ravnmi bivanja in je vir univerzalne energije in resnice. Ko je krona v ravnovesju, so na\u0161e energije v ravnovesju. Poznamo svoje mesto v vesolju in stvari vidimo tak\u0161ne, kot so. Motnje nas ne motijo, saj vemo, da so bistveni del \u017eivljenja.<\/p>\n\n\n\n<figure class=\"wp-block-image size-full\"><img loading=\"lazy\" decoding=\"async\" width=\"640\" height=\"480\" src=\"https:\/\/izdelki.zora-aurora.com\/wp-content\/uploads\/2022\/07\/rock-crystal-g976db6e58_640.jpg\" alt=\"\" class=\"wp-image-151\" srcset=\"https:\/\/izdelki.zora-aurora.com\/wp-content\/uploads\/2022\/07\/rock-crystal-g976db6e58_640.jpg 640w, https:\/\/izdelki.zora-aurora.com\/wp-content\/uploads\/2022\/07\/rock-crystal-g976db6e58_640-300x225.jpg 300w\" sizes=\"auto, (max-width: 640px) 100vw, 640px\" \/><figcaption>Image by <a href=\"https:\/\/pixabay.com\/users\/alusruvi-633215\/?utm_source=link-attribution&amp;utm_medium=referral&amp;utm_campaign=image&amp;utm_content=1607244\">alusruvi<\/a> from <a href=\"https:\/\/pixabay.com\/?utm_source=link-attribution&amp;utm_medium=referral&amp;utm_campaign=image&amp;utm_content=1607244\">Pixabay<\/a><\/figcaption><\/figure>\n\n\n\n<p><sub>Vir: https:\/\/www.crystalvaults.com\/crystal-encyclopedia\/quartz\/<\/sub><\/p>\n","protected":false},"excerpt":{"rendered":"<p>Kamena strela &#8211; kremen Navaden, a izjemen, barvit in bister, kremen je najpogostej\u0161i in naj\u0161tevilnej\u0161i kristal na svetu, saj predstavlja najve\u010djo in najrazli\u010dnej\u0161o dru\u017eino v rudninskem kraljestvu. Od anti\u010dnih \u010dasov in vse do danes je kremen \u010dlove\u0161tvu &nbsp;predstavljal vir svetlobe. Edinstveni atributi kremena, ki so jih duhovni voditelji, zdravilci in znanstveniki zelo cenili, so imeli [&hellip;]<\/p>\n","protected":false},"author":1,"featured_media":0,"parent":0,"menu_order":0,"comment_status":"closed","ping_status":"closed","template":"","meta":{"om_disable_all_campaigns":false,"_monsterinsights_skip_tracking":false,"_monsterinsights_sitenote_active":false,"_monsterinsights_sitenote_note":"","_monsterinsights_sitenote_category":0,"footnotes":""},"class_list":["post-149","page","type-page","status-publish","hentry"],"jetpack_sharing_enabled":true,"_links":{"self":[{"href":"https:\/\/izdelki.zora-aurora.com\/index.php?rest_route=\/wp\/v2\/pages\/149","targetHints":{"allow":["GET"]}}],"collection":[{"href":"https:\/\/izdelki.zora-aurora.com\/index.php?rest_route=\/wp\/v2\/pages"}],"about":[{"href":"https:\/\/izdelki.zora-aurora.com\/index.php?rest_route=\/wp\/v2\/types\/page"}],"author":[{"embeddable":true,"href":"https:\/\/izdelki.zora-aurora.com\/index.php?rest_route=\/wp\/v2\/users\/1"}],"replies":[{"embeddable":true,"href":"https:\/\/izdelki.zora-aurora.com\/index.php?rest_route=%2Fwp%2Fv2%2Fcomments&post=149"}],"version-history":[{"count":3,"href":"https:\/\/izdelki.zora-aurora.com\/index.php?rest_route=\/wp\/v2\/pages\/149\/revisions"}],"predecessor-version":[{"id":367,"href":"https:\/\/izdelki.zora-aurora.com\/index.php?rest_route=\/wp\/v2\/pages\/149\/revisions\/367"}],"wp:attachment":[{"href":"https:\/\/izdelki.zora-aurora.com\/index.php?rest_route=%2Fwp%2Fv2%2Fmedia&parent=149"}],"curies":[{"name":"wp","href":"https:\/\/api.w.org\/{rel}","templated":true}]}}