{"id":145,"date":"2022-07-19T14:09:08","date_gmt":"2022-07-19T14:09:08","guid":{"rendered":"https:\/\/izdelki.zora-aurora.com\/?page_id=145"},"modified":"2022-08-09T17:17:27","modified_gmt":"2022-08-09T17:17:27","slug":"granat","status":"publish","type":"page","link":"https:\/\/izdelki.zora-aurora.com\/?page_id=145","title":{"rendered":"Granat"},"content":{"rendered":"\n<h2 class=\"wp-block-heading\">Granat<\/h2>\n\n\n\n<p>Granat je mo\u010dan kamen za energijo in regeneracijo. O\u010disti in energizira vse \u010dakre. Po\u017eivi, o\u010disti in uravnovesi energijo ter prinese vedrino ali strast, kot je takrat primerno. Granat navdihuje ljubezen in predanost. Uravnava spolni nagon in zmanj\u0161uje \u010dustveno disharmonijo.<\/p>\n\n\n\n<figure class=\"wp-block-image size-full\"><img loading=\"lazy\" decoding=\"async\" width=\"640\" height=\"427\" src=\"https:\/\/izdelki.zora-aurora.com\/wp-content\/uploads\/2022\/07\/garnet-g49d7ff98c_640.jpg\" alt=\"\" class=\"wp-image-146\" srcset=\"https:\/\/izdelki.zora-aurora.com\/wp-content\/uploads\/2022\/07\/garnet-g49d7ff98c_640.jpg 640w, https:\/\/izdelki.zora-aurora.com\/wp-content\/uploads\/2022\/07\/garnet-g49d7ff98c_640-300x200.jpg 300w\" sizes=\"auto, (max-width: 640px) 100vw, 640px\" \/><figcaption>Image by <a href=\"https:\/\/pixabay.com\/users\/camera-man-16096197\/?utm_source=link-attribution&amp;utm_medium=referral&amp;utm_campaign=image&amp;utm_content=6360857\">Sergio Cerrato &#8211; Italia<\/a> from <a href=\"https:\/\/pixabay.com\/?utm_source=link-attribution&amp;utm_medium=referral&amp;utm_campaign=image&amp;utm_content=6360857\">Pixabay<\/a><\/figcaption><\/figure>\n\n\n\n<h4 class=\"wp-block-heading\">Vpliv na telo<\/h4>\n\n\n\n<p>Granat naj bi imel zdravilne sposobnosti za zmanj\u0161anje telesnih toksinov. Granat obnavlja telo, spodbuja presnovo, zdravi hrbteni\u010dne in celi\u010dne motnje, \u010disti kri, srce in plju\u010da ter obnavlja DNA. Pomaga pri asimilaciji mineralov in vitaminov, vklju\u010dno z jodom, kalcijem, magnezijem in vitamini A, D in E.<\/p>\n\n\n\n<p>Granat lahko ubla\u017ei akne, nizek libido in motnje v sr\u010dnem ritmu (razen arterijske hipertenzije, ki jo Garnet lahko celo poslab\u0161a). Poro\u010dali so, da laj\u0161a revmati\u010dne in artriti\u010dne bole\u010dine ter nekatere psiholo\u0161ke bolezni. Granat je mo\u010dno povezan s hipofizo in lahko spodbudi raz\u0161irjeno zavest in odpoklic iz preteklih \u017eivljenj. Aktivira druge kristale in okrepi njihov u\u010dinek.<\/p>\n\n\n\n<h4 class=\"wp-block-heading\">Vpliv na \u010dustva<\/h4>\n\n\n\n<p>Granat ima za\u0161\u010ditni u\u010dinek in vra\u010da mirno stabilno vitalnost. Zdravilci so ga uporabljali za zdravljenje du\u0161evne depresije.<\/p>\n\n\n\n<p>Granat je koristno imeti v krizi, zlasti v situacijah, ko se zdi, da ni ve\u010d izhoda. Aktivira in krepi nagon za pre\u017eivetje ter v te situacije vna\u0161a pogum in upanje. Kriza se pod vplivom granata spremeni v izziv in spodbuja medsebojno pomo\u010d v te\u017eavah.<\/p>\n\n\n\n<p>Granat lahko mo\u010dno pomaga uravnote\u017eiti energetski sistem, spodbuditi \u017eelje in dvigniti va\u0161 odnos do \u017eivljenja. Kot ravnote\u017eni kamen lahko granat prepre\u010di strah pred negotovostjo in celo denarno izgubo. Je sre\u010den kamen ljubezen, uspeh in cilje. Granat lahko uporabite, da pove\u010date svojo pozitivnost in priljubljenost ter tako pove\u010date svojo osebno samozavest. Kot energetski kamen lahko spodbuja uspeh v poslu in poslovnih odnosih. Granat o\u010disti in o\u017eivi \u010dakre. Po\u017eivlja, pre\u010di\u0161\u010duje in uravnava energijo, uravnote\u017ea spokojnost in strast. Navdihuje ljubezen in predanost, uravnava spolni nagon in bla\u017ei \u010dustveno neskladje. Rde\u010di granat \u0161e posebej spodbuja energijo kundalini in pomaga pri spolni mo\u010di. Tako iz korenske kot iz kronske \u010dakre spodbujata prost pretok gibanja skozi hrbtenico in notranjo pot svetlobe, pri \u010demer se vsakemu delu telesa porazdeli ustrezna koli\u010dina energije.<\/p>\n\n\n\n<h4 class=\"wp-block-heading\">Vpliv na du\u0161o<\/h4>\n\n\n\n<p>Granat izostri va\u0161e dojemanje sebe in drugih ljudi. Raztopi zakoreninjene vzorce vedenja, ki vam ne slu\u017eijo ve\u010d, in vam pomaga, da opustite zastarele ideje. Granat odstranjuje ovire in tabuje, odpira srce in daje samozavest. Granat je znan tudi kot kamen predanosti &#8211; namenu, drugim in sebi. Njegove ljube\u010de mo\u010di odra\u017eajo lastnosti predanosti in razumevanja. Oba spremlja in prilagaja pretok energije, da zagotavlja uravnote\u017eeno energijsko polje okoli fizi\u010dnega telesa in poravnavo \u010dustvenih in intelektualnih teles.<\/p>\n\n\n\n<figure class=\"wp-block-image size-large\"><img loading=\"lazy\" decoding=\"async\" width=\"1024\" height=\"683\" src=\"https:\/\/izdelki.zora-aurora.com\/wp-content\/uploads\/2022\/07\/the-garnet-stone-on-the-white-background-1640879-1024x683.jpg\" alt=\"\" class=\"wp-image-147\" srcset=\"https:\/\/izdelki.zora-aurora.com\/wp-content\/uploads\/2022\/07\/the-garnet-stone-on-the-white-background-1640879-1024x683.jpg 1024w, https:\/\/izdelki.zora-aurora.com\/wp-content\/uploads\/2022\/07\/the-garnet-stone-on-the-white-background-1640879-300x200.jpg 300w, https:\/\/izdelki.zora-aurora.com\/wp-content\/uploads\/2022\/07\/the-garnet-stone-on-the-white-background-1640879-768x512.jpg 768w, https:\/\/izdelki.zora-aurora.com\/wp-content\/uploads\/2022\/07\/the-garnet-stone-on-the-white-background-1640879-1536x1024.jpg 1536w, https:\/\/izdelki.zora-aurora.com\/wp-content\/uploads\/2022\/07\/the-garnet-stone-on-the-white-background-1640879-2048x1365.jpg 2048w\" sizes=\"auto, (max-width: 1024px) 100vw, 1024px\" \/><\/figure>\n\n\n\n<p><sub>Vir: https:\/\/www.crystalvaults.com\/crystal-encyclopedia\/garnet\/<\/sub><\/p>\n","protected":false},"excerpt":{"rendered":"<p>Granat Granat je mo\u010dan kamen za energijo in regeneracijo. O\u010disti in energizira vse \u010dakre. Po\u017eivi, o\u010disti in uravnovesi energijo ter prinese vedrino ali strast, kot je takrat primerno. Granat navdihuje ljubezen in predanost. Uravnava spolni nagon in zmanj\u0161uje \u010dustveno disharmonijo. Vpliv na telo Granat naj bi imel zdravilne sposobnosti za zmanj\u0161anje telesnih toksinov. Granat obnavlja [&hellip;]<\/p>\n","protected":false},"author":1,"featured_media":0,"parent":0,"menu_order":0,"comment_status":"closed","ping_status":"closed","template":"","meta":{"om_disable_all_campaigns":false,"_monsterinsights_skip_tracking":false,"_monsterinsights_sitenote_active":false,"_monsterinsights_sitenote_note":"","_monsterinsights_sitenote_category":0,"footnotes":""},"class_list":["post-145","page","type-page","status-publish","hentry"],"jetpack_sharing_enabled":true,"_links":{"self":[{"href":"https:\/\/izdelki.zora-aurora.com\/index.php?rest_route=\/wp\/v2\/pages\/145","targetHints":{"allow":["GET"]}}],"collection":[{"href":"https:\/\/izdelki.zora-aurora.com\/index.php?rest_route=\/wp\/v2\/pages"}],"about":[{"href":"https:\/\/izdelki.zora-aurora.com\/index.php?rest_route=\/wp\/v2\/types\/page"}],"author":[{"embeddable":true,"href":"https:\/\/izdelki.zora-aurora.com\/index.php?rest_route=\/wp\/v2\/users\/1"}],"replies":[{"embeddable":true,"href":"https:\/\/izdelki.zora-aurora.com\/index.php?rest_route=%2Fwp%2Fv2%2Fcomments&post=145"}],"version-history":[{"count":2,"href":"https:\/\/izdelki.zora-aurora.com\/index.php?rest_route=\/wp\/v2\/pages\/145\/revisions"}],"predecessor-version":[{"id":228,"href":"https:\/\/izdelki.zora-aurora.com\/index.php?rest_route=\/wp\/v2\/pages\/145\/revisions\/228"}],"wp:attachment":[{"href":"https:\/\/izdelki.zora-aurora.com\/index.php?rest_route=%2Fwp%2Fv2%2Fmedia&parent=145"}],"curies":[{"name":"wp","href":"https:\/\/api.w.org\/{rel}","templated":true}]}}