{"id":142,"date":"2022-07-19T14:02:35","date_gmt":"2022-07-19T14:02:35","guid":{"rendered":"https:\/\/izdelki.zora-aurora.com\/?page_id=142"},"modified":"2022-08-09T17:15:24","modified_gmt":"2022-08-09T17:15:24","slug":"crni-turmalin","status":"publish","type":"page","link":"https:\/\/izdelki.zora-aurora.com\/?page_id=142","title":{"rendered":"\u010crni turmalin"},"content":{"rendered":"\n<h2 class=\"wp-block-heading\">\u010crni turmalin<\/h2>\n\n\n\n<p>Ta kamen je cenjen kot za\u0161\u010ditni kamen, psihi\u010dni \u0161\u010dit, ki odvra\u010da in razpr\u0161uje negativne energije, entitete ali uni\u010devalne sile.<br>\u0160\u010diti pred sevanjem in onesna\u017eevalci okolja ter je zelo uporaben pri \u010di\u0161\u010denju in nevtralizaciji lastnih negativnih misli in notranjih konfliktov ter jih spreminja v pozitivno, uporabno energijo.<br>\u010crni turmalin je tudi mo\u010dan ozemljitveni kamen, elektri\u010dne narave, ki povezuje Zemljo in \u010dlove\u0161ki duh. Njegova podporna energija poravna energetska sredi\u0161\u010da telesa in kanalizira zdravilno svetlobo po celotnem sistemu.<br>\u010crni turmalin spodbuja ob\u010dutek mo\u010di in samozavesti, kar omogo\u010da jasnej\u0161i, objektivnej\u0161i pogled na svet. Podpira tiste, ki morajo \u017eiveti ali delati v zahtevnih okoljih ali v te\u017ekih okoli\u0161\u010dinah.<br>\u0160\u010diti pred energijami ljudi, ki jamrajo, se prito\u017eujejo ali \u010dustvenimi vampirji, ki nas obremenjujejo s svojimi te\u017eavami, vendar ne storijo ni\u010desar, da bi izbolj\u0161ali svoje razmere.<br>Ena izmed najbolj zna\u010dilnih lastnosti turmalina je njegova sposobnost, da se preprosto napolni z elektri\u010dnim nabojem s pomo\u010djo drgnjenja\/pritiska (piezoelektri\u010dnost) ali toplote (piroelektri\u010dnost).<br>Zdravilne lastnosti \u010drnega turmalina lahko pomagajo pri telesnih, \u010dustvenih in duhovnih te\u017eavah. Uporablja se tudi pri energetskem zdravljenju in uravnovesenju \u010daker. Terapevtski kristali s \u010drnim turmalinom vklju\u010dujejo krepitev imunskega sistema, \u010di\u0161\u010denje \u010dustvenega telesa in prizemljitvi duhovne energije.<br>Terapevtske uporabe \u010drnega turmalina imajo dolgo in dobro dokumentirano zgodovino.<\/p>\n\n\n\n<figure class=\"wp-block-image size-full\"><img loading=\"lazy\" decoding=\"async\" width=\"640\" height=\"423\" src=\"https:\/\/izdelki.zora-aurora.com\/wp-content\/uploads\/2022\/07\/black-tourmaline-g344a23cb7_640.jpg\" alt=\"\" class=\"wp-image-143\" srcset=\"https:\/\/izdelki.zora-aurora.com\/wp-content\/uploads\/2022\/07\/black-tourmaline-g344a23cb7_640.jpg 640w, https:\/\/izdelki.zora-aurora.com\/wp-content\/uploads\/2022\/07\/black-tourmaline-g344a23cb7_640-300x198.jpg 300w\" sizes=\"auto, (max-width: 640px) 100vw, 640px\" \/><figcaption>Image by <a href=\"https:\/\/pixabay.com\/users\/englishpsychic-3140762\/?utm_source=link-attribution&amp;utm_medium=referral&amp;utm_campaign=image&amp;utm_content=1609432\">Anne Marie McCormack<\/a> from <a href=\"https:\/\/pixabay.com\/?utm_source=link-attribution&amp;utm_medium=referral&amp;utm_campaign=image&amp;utm_content=1609432\">Pixabay<\/a><\/figcaption><\/figure>\n\n\n\n<h4 class=\"wp-block-heading\">Vpliv na telo<\/h4>\n\n\n\n<p>\u010crni turmalin stimulira refleksne to\u010dke, povezane s spodnjim delom hrbta, nogami, gle\u017enji in stopali, in se lahko uporablja za poravnavo hrbtenice. Zagotavlja laj\u0161anje bole\u010din in pomaga pri napetih ali raztrganih mi\u0161icah, odrevenelosti, artritisu in brazgotinah.<br>\u010crni turmalin brani pred iz\u010drpavajo\u010dimi boleznimi in krepi imunski sistem, srce in nadledvi\u010dne \u017eleze. Prav tako je koristen pri zdravljenju \u010drevesja, zaprtja in bolezni debelega \u010drevesa, pa tudi pri odstranjevanju toksinov te\u017ekih kovin in onesna\u017eeval iz okolja.<br>Turmalin je \u010dudovito orodje za uravnove\u0161enje desne\/leve polovice mo\u017eganov in usklajevanje du\u0161evnih procesov s \u010dakrami in avri\u010dnim telesom. Zmanj\u0161uje strah in je lahko koristen pri zdravljenju paranoje in premagovanju disleksije z izbolj\u0161anjem koordinacije o\u010di\/rok ter asimilacijo in prevajanje kodiranih informacij.<br>Turmalin tudi krepi vonj in v zvezi s tem lahko pove\u010da tudi zaznavanje feromonov, kar povzro\u010da afrodizi\u010dni u\u010dinek.<br>Pomaga lahko tudi pri obnavljanju sijaja las in nohtov.<br>Pomaga pri potovalni slabosti.<\/p>\n\n\n\n<h4 class=\"wp-block-heading\">Vpliv na \u010dustva<\/h4>\n\n\n\n<p>\u010crni turmalin je kamen o\u010di\u0161\u010denja, ki \u010disti \u010dustveno telo pred negativnimi mislimi, tesnobami, jezo ali ob\u010dutki nevrednosti. Pomaga pri premagovanju zlorabe substanc in spro\u0161\u010da vse samomorilne misli ali te\u017enje po samopo\u0161kodovanju. Lahko je koristen pri zdravljenju obsesivnega ali kompulzivnega vedenja ter pri opu\u0161\u010danju kroni\u010dne skrbi.<br>\u010crni turmalin pove\u010da fizi\u010dno vitalnost, napetost in stres nadomesti z zmo\u017enostjo objektivnega pogleda na svet z jasnimi, racionalnimi mislimi in nevtralnostjo. Navdihuje pozitiven odnos, ne glede na okoli\u0161\u010dine, spodbuja altruizem in prakti\u010dno ustvarjalnost.<\/p>\n\n\n\n<h4 class=\"wp-block-heading\">Vpliv na du\u0161o<\/h4>\n\n\n\n<p>\u010crni turmalin se lahko uporablja za aktiviranje prizemljitve med korensko \u010dakro in sredi\u0161\u010dem Zemlje, kar zagotavlja dodatno izbolj\u0161anje dobrega po\u010dutja na fizi\u010dni ravni.<\/p>\n\n\n\n<p>Korenska \u010dakra se nahaja na dnu hrbtenice in nadzoruje energijo za kinesteti\u010dni ob\u010dutek in gibanje. Je temelj telesne in duhovne energije za telo.<\/p>\n\n\n\n<p>Ko smo fizi\u010dno neoravnove\u0161eni, se poka\u017eejo simptomi kot utrujenost, nizka stopnja aktivnosti, nizko navdu\u0161enje in potreba po stalni stimulaciji. Ko duhovne energije niso v ravnovesju, se boste po\u010dutimo be\u017ee\u010de, odklopljene od realnosti in oddaljene.<\/p>\n\n\n\n<p>Ko je korenska \u010dakra v ravnovesju, fizi\u010dno telo ponovno pridobi svojo mo\u010d in vzdr\u017eljivost, duhovna energija pa se ponovno o\u017eivi v obliki varnosti in ob\u010dutka lastne mo\u010di. Pogosto vodi do neodvisnosti in spontanega vodenja.<\/p>\n\n\n\n<p>\u010crni turmalin je namenjen prizemljevanju duhovne energije in prina\u0161a jasnej\u0161i izraz svetlobe v svet in v \u017eivljenje tistih, ki jih pritegnejo njegove mo\u010di. Spodbuja sposobnost, da ostanemo sijo\u010di v najtemnej\u0161ih okoli\u0161\u010dinah in ohranimo duhovno zavest, medtem ko \u017eivimo med tistimi, ki niso vedno svetli in ne razumejo ljubezni vesolja.<\/p>\n\n\n\n<p><sub>Vir: https:\/\/www.crystalvaults.com\/crystal-encyclopedia\/black-tourmaline\/<\/sub><\/p>\n","protected":false},"excerpt":{"rendered":"<p>\u010crni turmalin Ta kamen je cenjen kot za\u0161\u010ditni kamen, psihi\u010dni \u0161\u010dit, ki odvra\u010da in razpr\u0161uje negativne energije, entitete ali uni\u010devalne sile.\u0160\u010diti pred sevanjem in onesna\u017eevalci okolja ter je zelo uporaben pri \u010di\u0161\u010denju in nevtralizaciji lastnih negativnih misli in notranjih konfliktov ter jih spreminja v pozitivno, uporabno energijo.\u010crni turmalin je tudi mo\u010dan ozemljitveni kamen, elektri\u010dne narave, [&hellip;]<\/p>\n","protected":false},"author":1,"featured_media":0,"parent":0,"menu_order":0,"comment_status":"closed","ping_status":"closed","template":"","meta":{"om_disable_all_campaigns":false,"_monsterinsights_skip_tracking":false,"_monsterinsights_sitenote_active":false,"_monsterinsights_sitenote_note":"","_monsterinsights_sitenote_category":0,"footnotes":""},"class_list":["post-142","page","type-page","status-publish","hentry"],"jetpack_sharing_enabled":true,"_links":{"self":[{"href":"https:\/\/izdelki.zora-aurora.com\/index.php?rest_route=\/wp\/v2\/pages\/142","targetHints":{"allow":["GET"]}}],"collection":[{"href":"https:\/\/izdelki.zora-aurora.com\/index.php?rest_route=\/wp\/v2\/pages"}],"about":[{"href":"https:\/\/izdelki.zora-aurora.com\/index.php?rest_route=\/wp\/v2\/types\/page"}],"author":[{"embeddable":true,"href":"https:\/\/izdelki.zora-aurora.com\/index.php?rest_route=\/wp\/v2\/users\/1"}],"replies":[{"embeddable":true,"href":"https:\/\/izdelki.zora-aurora.com\/index.php?rest_route=%2Fwp%2Fv2%2Fcomments&post=142"}],"version-history":[{"count":3,"href":"https:\/\/izdelki.zora-aurora.com\/index.php?rest_route=\/wp\/v2\/pages\/142\/revisions"}],"predecessor-version":[{"id":224,"href":"https:\/\/izdelki.zora-aurora.com\/index.php?rest_route=\/wp\/v2\/pages\/142\/revisions\/224"}],"wp:attachment":[{"href":"https:\/\/izdelki.zora-aurora.com\/index.php?rest_route=%2Fwp%2Fv2%2Fmedia&parent=142"}],"curies":[{"name":"wp","href":"https:\/\/api.w.org\/{rel}","templated":true}]}}