{"id":140,"date":"2022-07-19T13:52:50","date_gmt":"2022-07-19T13:52:50","guid":{"rendered":"https:\/\/izdelki.zora-aurora.com\/?page_id=140"},"modified":"2022-08-09T17:14:45","modified_gmt":"2022-08-09T17:14:45","slug":"brecasti-jaspis","status":"publish","type":"page","link":"https:\/\/izdelki.zora-aurora.com\/?page_id=140","title":{"rendered":"Bre\u010dasti jaspis"},"content":{"rendered":"\n<h2 class=\"wp-block-heading\">Bre\u010dasti jaspis<\/h2>\n\n\n\n<p>Kamen ne\u017enosti in potrpe\u017eljivosti. Pomaga prebuditi notranjo mo\u010d. Prina\u0161a ljubezen in strpnost do drugih, tudi \u010de sami to te\u017eko storijo. Je pomirjujo\u010d kamen.<br>Ime bre\u010dasti izvira iz besede &#8220;breccia&#8221;, kar pomeni &#8220;zlomljeni delci&#8221; ali &#8220;fragmenti&#8221;, geolo\u0161ki izraz, ki se uporablja, ko kamnine, sestavljene iz zlomljenih drobcev, cementirajo skupaj, da tvorijo drobnozrnat matriks. Beseda jaspis izhaja iz gr\u0161ke besede &#8216;iaspi&#8217;, kar pomeni &#8216;pik\u010dasti kamen&#8217;.<br>Mentalno nam omogo\u010da, da re\u0161imo vse te\u017eave, ki nas morda skrbijo med meditacijo ali kdaj drugi\u010d. Na ta na\u010din pridejo informacije v organizirani obliki in ne v ko\u0161\u010dkih, kar nam olaj\u0161a razumevanje.<br>Spodbuja \u010dloveka, da nadaljuje z na\u010drti, tudi \u010de se zdi, da je za to malo razloga. To je dober kamen za tiste, ki potrebujejo ve\u010d volje in samozavesti.<br>Bre\u010dasti jaspis se uporablja tudi kot za\u0161\u010dita pred psihi\u010dnimi napadi in za pomo\u010d uporabniku pri razvoju jasnovidnosti in pravilni interpretaciji vizij. Re\u010deno je, da lahko bre\u010dasti jaspis ozdravi vse \u010dakre in uravnote\u017ei obe strani mo\u017eganov.<\/p>\n\n\n\n<h4 class=\"wp-block-heading\">Vpliv na telo<\/h4>\n\n\n\n<p>Bre\u010dasti jaspis je kamen, ki spodbuja dobro zdravje. Njegove zdravilne lastnosti lahko pomagajo pospe\u0161iti okrevanje po bolezni. Pomaga tudi pove\u010dati fizi\u010dno vzdr\u017eljivost in prepre\u010diti dehidracijo.<br>Bre\u010dasti jaspis lahko pomaga pri zdravljenju trebu\u0161ne slinavke, vranice in jeter.<br>Znano je, da je dober kamen pri prepre\u010devanju ali zdravljenju alergij.<br>Prav tako lahko okrepi \u017eelodec in prebavni sistem ter obravnava te\u017eave, ki zadevajo \u017eenski reproduktivni sistem. Zdravilna energija tega kamna lahko pomaga tudi pri poporodni depresiji.<br>Bre\u010dasti jaspis ima razstrupljevalne lastnosti. Lahko se znebi toksinov v telesu in izbolj\u0161a va\u0161e splo\u0161no zdravje. Prav tako lahko izbolj\u0161a funkcije o\u017eilja.<\/p>\n\n\n\n<h4 class=\"wp-block-heading\">Vpliv na \u010dustva<\/h4>\n\n\n\n<p>Bre\u010dasti jaspis bo va\u0161 odnos vlil z ob\u010dutki ljubezni in so\u010dutja.<\/p>\n\n\n\n<p>\u010ce je va\u0161a te\u017eava v va\u0161em odnosu pomanjkanje naklonjenosti ali intimnosti, vam lahko energije tega kamna pomagajo pri tej spremembi. Lahko se boste osredoto\u010dili na stvari o sebi, ki jih imate radi in na katere ste ponosni.<\/p>\n\n\n\n<p>Bre\u010dasti jaspis vam bo pokazal, kako se lahko znebite krivde preteklosti, ki vpliva na va\u0161 trenutni odnos. Ta kamen bo v va\u0161 odnos vlil tudi ognjevito strast in romanti\u010dno intenzivnost. Okrepil bo va\u0161o fizi\u010dno zdru\u017eljivost in izbolj\u0161al va\u0161o intimnost.<\/p>\n\n\n\n<p>Ko se vam zdi, da je va\u0161e \u017eivljenje preve\u010d zmedeno, da bi ga sestavili, vam bo ta kamen pomagal narediti prvi korak pri vra\u010danju izgubljenega! Ta kamen vam bo pomagal tudi odpreti svoj um in kon\u010dati samoprevaro in pretvarjanje. Energije bre\u010dastega jaspisa vas bodo spodbudile, da govorite in \u017eivite samo svojo resnico.<\/p>\n\n\n\n<h4 class=\"wp-block-heading\">Vpliv na du\u0161o<\/h4>\n\n\n\n<p>Bre\u010dasti jaspis je kamen ne\u017ene energije. Pomaga lahko pri najrazli\u010dnej\u0161ih te\u017eavah, vendar je njegova glavna korist, da prinese mir in umiritev sredi krize ali med duhovno preobrazbo.<\/p>\n\n\n\n<p>\u010cakra, s katero bre\u010dasti jaspis najbolje deluje, je \u010dakra tretjega o\u010desa, lahko pa se uporablja tudi za stimulacijo in uravnote\u017eenje vseh \u010daker. Bre\u010dasti jaspis bo pomagal odstraniti vse energetske blokade v \u010dakri tretjega o\u010desa s spodbujanjem \u010dlovekove intuicije.<\/p>\n\n\n\n<p>Pomaga uravnote\u017eiti mo\u0161ko-\u017eensko energijo ter spodbuja potrpe\u017eljivost in dru\u017ebeno zavest.<\/p>\n\n\n\n<p>Lahko podpre va\u0161e telo pri okrevanju po travmati\u010dni izku\u0161nji in lahko okrepi va\u0161o pove\u0161eno razpolo\u017eenje, tako da se boste znova po\u010dutili optimisti\u010dni glede \u017eivljenja. Bre\u010dasti jaspis je tudi mo\u010dan prizemljitveni kamen, ki pomaga ostati stabilen med vsemi pretresi v \u017eivljenju. Pomagal vam bo najti razlog, da se \u0161e naprej borite, da nadaljujete in sanjate.<\/p>\n\n\n\n<p>Znano je, da ta kamen deluje kot pomirjujo\u010d balzam za duha po do\u017eivljanju sr\u010dnih bole\u010din ali razo\u010daranj. Pomagalo vam bo razviti odporen duh, tako da se boste lahko z milostjo, pogumom in samozavestjo soo\u010dili z izzivi.<\/p>\n\n\n\n<p>Duhovna energija, ki jo ima ta kamen, deluje, da bi zdru\u017eila razli\u010dne vidike va\u0161ega \u017eivljenja, tako da boste izkusili mo\u010dan ob\u010dutek enosti ali celovitosti. Poleg tega bre\u010dasti jaspis spodbuja jasnost razmi\u0161ljanja, tako da boste lahko na\u0161li bolj\u0161e re\u0161itve za svoje te\u017eave. Navdihnil vas bo, da boste v vsaki slabi situaciji na\u0161li dobro in na\u0161li tisto, kar osre\u010duje va\u0161o du\u0161o.<\/p>\n\n\n\n<p>Bre\u010dasti jaspis je kamen, ki vam bo pomagal videti stvari z druga\u010dne perspektive. Pomagalo bo pri\u017egati ogenj strasti in energije v va\u0161em \u017eivljenju, tako da boste \u017eiveli \u017eivljenje, ki si ga \u017eelite.<\/p>\n\n\n\n<p><sub>Vir: https:\/\/meanings.crystalsandjewelry.com\/brecciated-jasper\/<\/sub><\/p>\n","protected":false},"excerpt":{"rendered":"<p>Bre\u010dasti jaspis Kamen ne\u017enosti in potrpe\u017eljivosti. Pomaga prebuditi notranjo mo\u010d. Prina\u0161a ljubezen in strpnost do drugih, tudi \u010de sami to te\u017eko storijo. Je pomirjujo\u010d kamen.Ime bre\u010dasti izvira iz besede &#8220;breccia&#8221;, kar pomeni &#8220;zlomljeni delci&#8221; ali &#8220;fragmenti&#8221;, geolo\u0161ki izraz, ki se uporablja, ko kamnine, sestavljene iz zlomljenih drobcev, cementirajo skupaj, da tvorijo drobnozrnat matriks. Beseda jaspis [&hellip;]<\/p>\n","protected":false},"author":1,"featured_media":0,"parent":0,"menu_order":0,"comment_status":"closed","ping_status":"closed","template":"","meta":{"om_disable_all_campaigns":false,"_monsterinsights_skip_tracking":false,"_monsterinsights_sitenote_active":false,"_monsterinsights_sitenote_note":"","_monsterinsights_sitenote_category":0,"footnotes":""},"class_list":["post-140","page","type-page","status-publish","hentry"],"jetpack_sharing_enabled":true,"_links":{"self":[{"href":"https:\/\/izdelki.zora-aurora.com\/index.php?rest_route=\/wp\/v2\/pages\/140","targetHints":{"allow":["GET"]}}],"collection":[{"href":"https:\/\/izdelki.zora-aurora.com\/index.php?rest_route=\/wp\/v2\/pages"}],"about":[{"href":"https:\/\/izdelki.zora-aurora.com\/index.php?rest_route=\/wp\/v2\/types\/page"}],"author":[{"embeddable":true,"href":"https:\/\/izdelki.zora-aurora.com\/index.php?rest_route=\/wp\/v2\/users\/1"}],"replies":[{"embeddable":true,"href":"https:\/\/izdelki.zora-aurora.com\/index.php?rest_route=%2Fwp%2Fv2%2Fcomments&post=140"}],"version-history":[{"count":2,"href":"https:\/\/izdelki.zora-aurora.com\/index.php?rest_route=\/wp\/v2\/pages\/140\/revisions"}],"predecessor-version":[{"id":222,"href":"https:\/\/izdelki.zora-aurora.com\/index.php?rest_route=\/wp\/v2\/pages\/140\/revisions\/222"}],"wp:attachment":[{"href":"https:\/\/izdelki.zora-aurora.com\/index.php?rest_route=%2Fwp%2Fv2%2Fmedia&parent=140"}],"curies":[{"name":"wp","href":"https:\/\/api.w.org\/{rel}","templated":true}]}}