{"id":137,"date":"2022-07-19T13:40:09","date_gmt":"2022-07-19T13:40:09","guid":{"rendered":"https:\/\/izdelki.zora-aurora.com\/?page_id=137"},"modified":"2022-08-09T17:14:12","modified_gmt":"2022-08-09T17:14:12","slug":"avstralsko-tigrovo-oko","status":"publish","type":"page","link":"https:\/\/izdelki.zora-aurora.com\/?page_id=137","title":{"rendered":"Avstralsko tigrovo oko"},"content":{"rendered":"\n<h2 class=\"wp-block-heading\">Avstralsko tigrovo oko<\/h2>\n\n\n\n<p>Avstralsko tigrovo oko je metamorfna kamnina, ki nastane zaradi tektonskih aktivnosti zemlje. Je kombinacija rde\u010dega jaspisa, hematita in zlato rjavega tigrovega o\u010desa. Trio mineralov, ki sestavljajo ta kamen, vam dajo energijo, ki vas osredoto\u010di in pomiri, zaradi \u010desar je zelo mo\u010dan prizemljitveni kamen. To vam bo dalo pogum, mo\u010d in vzdr\u017eljivost, da boste izpolnili svoje odgovornosti in uresni\u010dili svoje sanje. Avstralsko tigrovo oko pomaga poglobiti povezavo med va\u0161im duhom in telesom ter vas prizemlji v va\u0161em ob\u010dutku jaza in ob\u010dutku namena.<br>Energije tega kamna vam bodo prav tako pomagale imeti ve\u010d \u017eivljenja in vzdr\u017eljive mo\u010di pri vsem, kar po\u010dnete. Pomagal bo pri zdravljenju kakr\u0161ne koli fizi\u010dne in du\u0161evne iz\u010drpanosti, ki prihaja z uresni\u010devanjem va\u0161ih sanj in ciljev.<br>Avstralsko tigrovo oko simbolizira va\u0161o sposobnost, da manifestirate svoje \u017eelje. Kamen poka\u017ee, kako lahko uporabite njegove energije, da vas navdihnejo za dosego svojih \u017eivljenjskih ciljev.<br>Energije tega kamna vas bodo tudi spodbudile, da nadaljujete z novimi podvigi.<br>Poleg tega spodbuja va\u0161o ustvarjalnost in vam da razli\u010dne vire navdiha.<br>Ta kamen je lahko zelo koristen pri umirjanju nestanovitnih \u010dustev. Pomagal vam bo pri odlo\u010danju z razumom in ne s \u010dustvi.<br>Pomaga se vam znebiti samokriti\u010dnosti, da lahko spoznate svojo pravo vrednost.<\/p>\n\n\n\n<figure class=\"wp-block-image size-full\"><img loading=\"lazy\" decoding=\"async\" width=\"800\" height=\"456\" src=\"https:\/\/izdelki.zora-aurora.com\/wp-content\/uploads\/2022\/07\/tiger-iron_800.jpg\" alt=\"\" class=\"wp-image-138\" srcset=\"https:\/\/izdelki.zora-aurora.com\/wp-content\/uploads\/2022\/07\/tiger-iron_800.jpg 800w, https:\/\/izdelki.zora-aurora.com\/wp-content\/uploads\/2022\/07\/tiger-iron_800-300x171.jpg 300w, https:\/\/izdelki.zora-aurora.com\/wp-content\/uploads\/2022\/07\/tiger-iron_800-768x438.jpg 768w\" sizes=\"auto, (max-width: 800px) 100vw, 800px\" \/><figcaption>Photo via <a href=\"https:\/\/www.goodfreephotos.com\/\">Good Free Photos<\/a><\/figcaption><\/figure>\n\n\n\n<h4 class=\"wp-block-heading\">Vpliv na telo<\/h4>\n\n\n\n<p>Avstralsko tigrovo oko vam lahko pomaga, da postanete bolj aktivni ter fizi\u010dno in psihi\u010dno mo\u010dni.<\/p>\n\n\n\n<p>Lahko pomaga pri zdravljenju razli\u010dnih vrst kroni\u010dnih bolezni. Lahko izbolj\u0161a delovanje plju\u010d, \u010drevesja, ledvic in trebu\u0161ne slinavke. Prav tako vam lahko prepre\u010di slabe navade, kot sta pitje in kajenje, s pove\u010danjem va\u0161e vzdr\u017eljivosti in volje.<\/p>\n\n\n\n<p>Avstralsko tigrovo oko lahko pomaga pri tvorbi rde\u010dih krvnih celic, kar bo pove\u010dalo pretok kisika v va\u0161em telesu. Prav tako lahko izbolj\u0161a va\u0161 vid, no\u010dni vid in va\u0161 metabolizem.<\/p>\n\n\n\n<p>Ta kamen lahko pomaga pri poravnavi hrbtenice in pri obnavljanju zlomljenih kosti. Znano je tudi, da pomaga pri te\u017eavah z grlom in reproduktivnimi organi.<\/p>\n\n\n\n<h4 class=\"wp-block-heading\">Vpliv na \u010dustva<\/h4>\n\n\n\n<p>Avstralsko tigrovo oko ima \u010dustveno za\u0161\u010ditne lastnosti. Energije tega kamna vam bodo pomagale postati imuni na negativne energije, ki jih ljudje prina\u0161ajo v va\u0161e okolje. Pomagal bo o\u010distiti va\u0161o avro, da ne boste absorbirali ne\u017eelenih energij in jih prena\u0161ali na druge. Tudi \u010de ste obkro\u017eeni z ljudmi, ki so depresivni, jezni, negotovi ali vznemirjeni, boste \u0161e vedno lahko ohranili svoj pozitiven odnos. S pomo\u010djo tega kamna boste lahko pozitivno vplivali na negativne energije in jih preoblikovali v dobre.<\/p>\n\n\n\n<p>Avstralsko tigrovo oko vam bo omogo\u010dilo tudi \u010dustveno jasnost. To bo dalo smisel zapletenim sporo\u010dilom osebe, ki jo imate radi. Pomagal vam bo razumeti me\u0161ane signale. Tako boste razumeli tudi skrite pomene njihovega sporo\u010dila. Bolj se boste zavedali lastnih potreb in potreb va\u0161ega partnerja.<\/p>\n\n\n\n<p>Ta kamen bo okrepil tudi va\u0161 ob\u010dutek samospo\u0161tovanja. To vam bo dalo pozitiven ob\u010dutek lastne vrednosti. Ponosni boste na svoja prizadevanja in na to, kar prispevate k va\u0161im odnosom.<\/p>\n\n\n\n<p>Avstralsko tigrovo oko vam bo pomagalo pri va\u0161em \u010dustvenem zdravljenju in vam bo pokazalo, kako lahko u\u017eivate v nemotenem pretoku energij. Vodilo vas bo pri opu\u0161\u010danju nepotrebnih navezanosti. Pomagal vam bo, da se osredoto\u010dite na pozitivne stvari. Prav tako bo odstranil jezo, grenkobo in zamero v va\u0161em srcu. Spodbujalo vas bo, da odpustite ljudem, ki so vas prizadeli ali storili krivico. Energije trega kamna vas bodo navdihnile, da odpustite, se nau\u010dite lekcije in se premaknete na bolj\u0161e stvari. Odkrili boste preproste resnice, ki so bile prikrite, in to novo pridobljeno znanje vam bo pomagalo pri pravilnih odlo\u010ditvah.<\/p>\n\n\n\n<h4 class=\"wp-block-heading\">Vpliv na du\u0161o<\/h4>\n\n\n\n<p>Avstralsko tigrovo oko zdru\u017euje energije treh razli\u010dnih mineralov v eno. Ko delamo s tem kamnom ali ga nosimo, se na\u0161e korenske, sakralne \u010dakre in \u010dakre solarnega pleksusa aktivirajo in poravnajo.<\/p>\n\n\n\n<p>Je odli\u010den kamen za \u010dakro solarnega pleksusa za razvoj va\u0161e osebne mo\u010di in samozavesti ter izbolj\u0161anje va\u0161ega pogleda na \u017eivljenje.<\/p>\n\n\n\n<p>Ker ta kamen krepi sakralno \u010dakro, bo pove\u010dal ustvarjalno izra\u017eanje. Tak\u0161ni kristali krepijo ustvarjalnost in pomagajo pri razvoju razli\u010dnih vrst umetni\u0161kih sposobnosti.<\/p>\n\n\n\n<p>Zaradi energij tega kamna vam pomaga, da se osvobodite negativnih \u010dustev in slabih navad, se po\u010dutite umirjeno in pove\u010date svojo mentalno jasnost. Skozi osredoto\u010denost, trdo delo in predanost lahko z odpiranjem teh \u010daker vsake sanje postanejo resni\u010dnost.<\/p>\n\n\n\n<p>Ta kamen vam bo tudi pomagal spoznati razliko med tem, na kar upate, kaj si \u017eelite in kar si zaslu\u017eite.<\/p>\n\n\n\n<p>Prav tako vam bo dalo ob\u010dutek za \u010das. Nau\u010dili se boste \u010dakati na svoj \u010das in \u010dakati na popoln \u010das za vse. Energije tega kamna vas bodo opomnile, da dobre stvari pridejo tistim, ki \u010dakajo, in da je vse dobro vredno \u010dakati.<\/p>\n\n\n\n<p>Avstralsko tigrovo oko je kamen, ki vam lahko pomaga premakniti se iz preteklosti in narediti nov za\u010detek. Pokazal vam bo, kako se lahko resni\u010dno prepustite in naredite potrebne spremembe v svojem \u017eivljenju.<\/p>\n\n\n\n<p><sub>Vir: https:\/\/meanings.crystalsandjewelry.com\/tiger-iron\/; https:\/\/subconsciousservant.com\/tiger-iron-meaning\/<\/sub><\/p>\n","protected":false},"excerpt":{"rendered":"<p>Avstralsko tigrovo oko Avstralsko tigrovo oko je metamorfna kamnina, ki nastane zaradi tektonskih aktivnosti zemlje. Je kombinacija rde\u010dega jaspisa, hematita in zlato rjavega tigrovega o\u010desa. Trio mineralov, ki sestavljajo ta kamen, vam dajo energijo, ki vas osredoto\u010di in pomiri, zaradi \u010desar je zelo mo\u010dan prizemljitveni kamen. To vam bo dalo pogum, mo\u010d in vzdr\u017eljivost, da [&hellip;]<\/p>\n","protected":false},"author":1,"featured_media":0,"parent":0,"menu_order":0,"comment_status":"closed","ping_status":"closed","template":"","meta":{"om_disable_all_campaigns":false,"_monsterinsights_skip_tracking":false,"_monsterinsights_sitenote_active":false,"_monsterinsights_sitenote_note":"","_monsterinsights_sitenote_category":0,"footnotes":""},"class_list":["post-137","page","type-page","status-publish","hentry"],"jetpack_sharing_enabled":true,"_links":{"self":[{"href":"https:\/\/izdelki.zora-aurora.com\/index.php?rest_route=\/wp\/v2\/pages\/137","targetHints":{"allow":["GET"]}}],"collection":[{"href":"https:\/\/izdelki.zora-aurora.com\/index.php?rest_route=\/wp\/v2\/pages"}],"about":[{"href":"https:\/\/izdelki.zora-aurora.com\/index.php?rest_route=\/wp\/v2\/types\/page"}],"author":[{"embeddable":true,"href":"https:\/\/izdelki.zora-aurora.com\/index.php?rest_route=\/wp\/v2\/users\/1"}],"replies":[{"embeddable":true,"href":"https:\/\/izdelki.zora-aurora.com\/index.php?rest_route=%2Fwp%2Fv2%2Fcomments&post=137"}],"version-history":[{"count":2,"href":"https:\/\/izdelki.zora-aurora.com\/index.php?rest_route=\/wp\/v2\/pages\/137\/revisions"}],"predecessor-version":[{"id":221,"href":"https:\/\/izdelki.zora-aurora.com\/index.php?rest_route=\/wp\/v2\/pages\/137\/revisions\/221"}],"wp:attachment":[{"href":"https:\/\/izdelki.zora-aurora.com\/index.php?rest_route=%2Fwp%2Fv2%2Fmedia&parent=137"}],"curies":[{"name":"wp","href":"https:\/\/api.w.org\/{rel}","templated":true}]}}