{"id":132,"date":"2022-07-19T13:25:11","date_gmt":"2022-07-19T13:25:11","guid":{"rendered":"https:\/\/izdelki.zora-aurora.com\/?page_id=132"},"modified":"2022-08-09T17:12:52","modified_gmt":"2022-08-09T17:12:52","slug":"ametist","status":"publish","type":"page","link":"https:\/\/izdelki.zora-aurora.com\/?page_id=132","title":{"rendered":"Ametist"},"content":{"rendered":"\n<h2 class=\"wp-block-heading\">Ametist<\/h2>\n\n\n\n<p>Stimulira ter bla\u017ei um in \u010dustva. Nosi energijo ognja in strasti, ustvarjalnosti in duhovnosti, a tudi logiko zmernosti in treznosti. Uporabljali so ga za za\u0161\u010dito pred \u010drno magijo, izdajalstvom ter nepredvidljivimi napadi. V duhovnosti nudi povezavo z bo\u017eanskim in naredi atmosfero miru primerno za molitev ali meditacijo. Ametistova lastna visoka frekvenca o\u010disti auro morebitne negativne energije ali navezanosti in ustvari za\u0161\u010ditni \u0161\u010dit svetlobe okoli telesa. Krepi domi\u0161ljijo in intuicijo ter izbolj\u0161uje procese razmi\u0161ljanja. Ametist stimulira tretje oko, krono in eteri\u010dne \u010dakre, krepi kognitivno zaznavanje in pospe\u0161uje razvoj intuitivnih in psihi\u010dnih sposobnosti. &nbsp;Pomaga pri usvajanju novih idej, uresni\u010devanju misli in projektov. Ametist je znan tudi kot talisman osredoto\u010denosti in uspeha.<\/p>\n\n\n\n<figure class=\"wp-block-image size-large\"><img loading=\"lazy\" decoding=\"async\" width=\"1024\" height=\"683\" src=\"https:\/\/izdelki.zora-aurora.com\/wp-content\/uploads\/2022\/07\/renee-kiffin-ToDanUwG4vs-unsplash-1024x683.jpg\" alt=\"\" class=\"wp-image-133\" srcset=\"https:\/\/izdelki.zora-aurora.com\/wp-content\/uploads\/2022\/07\/renee-kiffin-ToDanUwG4vs-unsplash-1024x683.jpg 1024w, https:\/\/izdelki.zora-aurora.com\/wp-content\/uploads\/2022\/07\/renee-kiffin-ToDanUwG4vs-unsplash-300x200.jpg 300w, https:\/\/izdelki.zora-aurora.com\/wp-content\/uploads\/2022\/07\/renee-kiffin-ToDanUwG4vs-unsplash-768x512.jpg 768w, https:\/\/izdelki.zora-aurora.com\/wp-content\/uploads\/2022\/07\/renee-kiffin-ToDanUwG4vs-unsplash-1536x1024.jpg 1536w, https:\/\/izdelki.zora-aurora.com\/wp-content\/uploads\/2022\/07\/renee-kiffin-ToDanUwG4vs-unsplash-2048x1365.jpg 2048w\" sizes=\"auto, (max-width: 1024px) 100vw, 1024px\" \/><figcaption>Photo by <a href=\"https:\/\/unsplash.com\/@reneekiffin?utm_source=unsplash&amp;utm_medium=referral&amp;utm_content=creditCopyText\">Renee Kiffin<\/a> on <a href=\"https:\/\/unsplash.com\/s\/photos\/amethyst?utm_source=unsplash&amp;utm_medium=referral&amp;utm_content=creditCopyText\">Unsplash<\/a><\/figcaption><\/figure>\n\n\n\n<h4 class=\"wp-block-heading\">Vpliv na telo<\/h4>\n\n\n\n<p>Ametist pospe\u0161uje proizvodnjo hormonov in stimulira simpati\u010dni \u017eiv\u010dni sistem in \u017eleze z notranjim izlo\u010danjem za optimalno delovanje. Podpira oksigenacijo v krvi in pomaga pri zdravljenju prebavnega trakta, srca, \u017eelodca in ko\u017ee. Ametist krepi tudi imunski sistem in zmanj\u0161uje podplutbe, bole\u010dine in otekline.<\/p>\n\n\n\n<p>Z ametistom naj bi laj\u0161ali simptome tinitusa in drugih motenj sluha in je zelo koristen pri zdravljenju nespe\u010dnosti, zlasti \u010de ga povzro\u010da prekomerno aktivni um. Pomirja in bla\u017ei \u017eiv\u010dne impulze v mo\u017eganih. Njegova energija bla\u017ei bole\u010dine pri glavobolih in migrenah ter zmanj\u0161uje stres in \u017eiv\u010dno napetost. Uporablja se lahko za zdravljenje du\u0161evnih motenj in za stabilizacijo mo\u017eganskega neravnovesja, vendar se ne sme uporabljati v primerih paranoje ali shizofrenije.<\/p>\n\n\n\n<h4 class=\"wp-block-heading\">Vpliv na \u010dustva<\/h4>\n\n\n\n<p>Ametist \u0161e posebej podpira \u010dustveno telo in tiste, ki so preobremenjeni, &nbsp;pripelje nazaj v sredi\u0161\u010de. Olaj\u0161a du\u0161evne tesnobe, ki vodijo do fizi\u010dne napetosti in glavobolov, in je odli\u010den kristal za pomiritev tistih, ki se hitro razjezijo. Ametist pomaga pri prepoznavanju vzrokov za negativno vedenje, navade in \u010dustvene vzorce, ki ustvarjajo neravnovesje in bolezni. Pomaga tudi razumeti resni\u010dnost vzrokov in posledic v vedenju in pomaga pri bolj\u0161em odlo\u010danju. Ametist je \u010dudovit pripomo\u010dek pri premagovanju odvisnosti, saj prepre\u010duje u\u010dinke mamil in alkohola na delovanje mo\u017eganov, hkrati pa daje lastno miroljubno energijo.<\/p>\n\n\n\n<h4 class=\"wp-block-heading\">Vpliv na du\u0161o<\/h4>\n\n\n\n<p>Ametist nosi visoko duhovno vibracijo predanosti bo\u017eanskemu. Zelo je ugoden za umirjanje misli v molitvi in meditaciji ter predajanje tistemu, kar je ve\u010dje od samega sebe. Spodbuja tudi vi\u0161ji um, da prejme svojo duhovno mo\u010d kot stvaritev Bo\u017eanskega bitja in se odpre vpogledom, modrosti in vodstvom, ki se ponuja.<\/p>\n\n\n\n<p>Ametist je kamen duhovne za\u0161\u010dite in o\u010di\u0161\u010denja; \u010di\u0161\u010denje svojega energijskega polja negativnih vplivov in navezanosti. Ustvari odmeven \u0161\u010dit duhovne svetlobe okoli telesa. Poleg tega deluje kot ovira pred ni\u017ejimi energijami, psihi\u010dnimi napadi, geopatskim stresom in nezdravim okoljem. Je dragocena za\u0161\u010dita za tiste, ki opravljajo psihi\u010dno ali intuitivno delo. To je zato, ker izbolj\u0161uje osebno okolje z zdravilnim in za\u0161\u010ditnim krogom svetlobe.<\/p>\n\n\n\n<figure class=\"wp-block-image size-large\"><img loading=\"lazy\" decoding=\"async\" width=\"1024\" height=\"683\" src=\"https:\/\/izdelki.zora-aurora.com\/wp-content\/uploads\/2022\/07\/jene-yeo-zXXyER7lH60-unsplash-1024x683.jpg\" alt=\"\" class=\"wp-image-134\" srcset=\"https:\/\/izdelki.zora-aurora.com\/wp-content\/uploads\/2022\/07\/jene-yeo-zXXyER7lH60-unsplash-1024x683.jpg 1024w, https:\/\/izdelki.zora-aurora.com\/wp-content\/uploads\/2022\/07\/jene-yeo-zXXyER7lH60-unsplash-300x200.jpg 300w, https:\/\/izdelki.zora-aurora.com\/wp-content\/uploads\/2022\/07\/jene-yeo-zXXyER7lH60-unsplash-768x512.jpg 768w, https:\/\/izdelki.zora-aurora.com\/wp-content\/uploads\/2022\/07\/jene-yeo-zXXyER7lH60-unsplash-1536x1024.jpg 1536w, https:\/\/izdelki.zora-aurora.com\/wp-content\/uploads\/2022\/07\/jene-yeo-zXXyER7lH60-unsplash-2048x1365.jpg 2048w\" sizes=\"auto, (max-width: 1024px) 100vw, 1024px\" \/><figcaption>Photo by <a href=\"https:\/\/unsplash.com\/@jeneyeo?utm_source=unsplash&amp;utm_medium=referral&amp;utm_content=creditCopyText\">Jene Yeo<\/a> on <a href=\"https:\/\/unsplash.com\/s\/photos\/amethyst?utm_source=unsplash&amp;utm_medium=referral&amp;utm_content=creditCopyText\">Unsplash<\/a><\/figcaption><\/figure>\n\n\n\n<p><sup>Vir: https:\/\/www.crystalvaults.com\/crystal-encyclopedia\/amethyst<\/sup><\/p>\n","protected":false},"excerpt":{"rendered":"<p>Ametist Stimulira ter bla\u017ei um in \u010dustva. Nosi energijo ognja in strasti, ustvarjalnosti in duhovnosti, a tudi logiko zmernosti in treznosti. Uporabljali so ga za za\u0161\u010dito pred \u010drno magijo, izdajalstvom ter nepredvidljivimi napadi. V duhovnosti nudi povezavo z bo\u017eanskim in naredi atmosfero miru primerno za molitev ali meditacijo. Ametistova lastna visoka frekvenca o\u010disti auro morebitne [&hellip;]<\/p>\n","protected":false},"author":1,"featured_media":0,"parent":0,"menu_order":0,"comment_status":"closed","ping_status":"closed","template":"","meta":{"om_disable_all_campaigns":false,"_monsterinsights_skip_tracking":false,"_monsterinsights_sitenote_active":false,"_monsterinsights_sitenote_note":"","_monsterinsights_sitenote_category":0,"footnotes":""},"class_list":["post-132","page","type-page","status-publish","hentry"],"jetpack_sharing_enabled":true,"_links":{"self":[{"href":"https:\/\/izdelki.zora-aurora.com\/index.php?rest_route=\/wp\/v2\/pages\/132","targetHints":{"allow":["GET"]}}],"collection":[{"href":"https:\/\/izdelki.zora-aurora.com\/index.php?rest_route=\/wp\/v2\/pages"}],"about":[{"href":"https:\/\/izdelki.zora-aurora.com\/index.php?rest_route=\/wp\/v2\/types\/page"}],"author":[{"embeddable":true,"href":"https:\/\/izdelki.zora-aurora.com\/index.php?rest_route=\/wp\/v2\/users\/1"}],"replies":[{"embeddable":true,"href":"https:\/\/izdelki.zora-aurora.com\/index.php?rest_route=%2Fwp%2Fv2%2Fcomments&post=132"}],"version-history":[{"count":3,"href":"https:\/\/izdelki.zora-aurora.com\/index.php?rest_route=\/wp\/v2\/pages\/132\/revisions"}],"predecessor-version":[{"id":220,"href":"https:\/\/izdelki.zora-aurora.com\/index.php?rest_route=\/wp\/v2\/pages\/132\/revisions\/220"}],"wp:attachment":[{"href":"https:\/\/izdelki.zora-aurora.com\/index.php?rest_route=%2Fwp%2Fv2%2Fmedia&parent=132"}],"curies":[{"name":"wp","href":"https:\/\/api.w.org\/{rel}","templated":true}]}}